{"id":15760,"date":"2025-04-27T10:23:07","date_gmt":"2025-04-27T10:23:07","guid":{"rendered":"https:\/\/danfosal.com\/?page_id=15760"},"modified":"2025-05-29T23:35:03","modified_gmt":"2025-05-29T23:35:03","slug":"rreth-nesh","status":"publish","type":"page","link":"https:\/\/danfosal.com\/en\/rreth-nesh\/","title":{"rendered":"Rreth Nesh"},"content":{"rendered":"<div data-elementor-type=\"wp-page\" data-elementor-id=\"15760\" class=\"elementor elementor-15760\">\n\t\t\t\t<div class=\"wd-negative-gap elementor-element elementor-element-cfbbfa6 e-flex e-con-boxed e-con e-parent\" data-id=\"cfbbfa6\" data-element_type=\"container\" data-e-type=\"container\">\n\t\t\t\t\t<div class=\"e-con-inner\">\n\t\t\t\t<div class=\"elementor-element elementor-element-6e60880 wd-width-100 elementor-widget elementor-widget-wd_title\" data-id=\"6e60880\" data-element_type=\"widget\" data-e-type=\"widget\" data-widget_type=\"wd_title.default\">\n\t\t\t\t<div class=\"elementor-widget-container\">\n\t\t\t\t\t\t\t<div class=\"title-wrapper wd-set-mb reset-last-child wd-title-color-default wd-title-style-default wd-title-size-large text-center\">\n\n\t\t\t\n\t\t\t<div class=\"liner-continer\">\n\t\t\t\t<h4 class=\"woodmart-title-container title wd-fontsize-xxl\">Historia e Danfos<\/h4> \n\t\t\t\t\t\t\t<\/div>\n\n\t\t\t\t\t<\/div>\n\t\t\t\t\t\t<\/div>\n\t\t\t\t<\/div>\n\t\t\t\t<div class=\"elementor-element elementor-element-4e41395 elementor-widget-divider--view-line elementor-widget elementor-widget-divider\" data-id=\"4e41395\" data-element_type=\"widget\" data-e-type=\"widget\" data-widget_type=\"divider.default\">\n\t\t\t\t<div class=\"elementor-widget-container\">\n\t\t\t\t\t\t\t<div class=\"elementor-divider\">\n\t\t\t<span class=\"elementor-divider-separator\">\n\t\t\t\t\t\t<\/span>\n\t\t<\/div>\n\t\t\t\t\t\t<\/div>\n\t\t\t\t<\/div>\n\t\t\t\t<div class=\"elementor-element elementor-element-9487db8 elementor-widget elementor-widget-wd_text_block\" data-id=\"9487db8\" data-element_type=\"widget\" data-e-type=\"widget\" data-widget_type=\"wd_text_block.default\">\n\t\t\t\t<div class=\"elementor-widget-container\">\n\t\t\t\t\t\t\t<div class=\"wd-text-block reset-last-child text-center\">\n\t\t\t\n\t\t\t<p>Nj\u00eb rrug\u00ebtim inovacioni dhe cil\u00ebsie q\u00eb ka transformuar Shqip\u00ebrin\u00eb n\u00eb fush\u00ebn e pastrimit<\/p>\n\t\t\t\t\t<\/div>\n\t\t\t\t\t\t<\/div>\n\t\t\t\t<\/div>\n\t\t\t\t<div class=\"elementor-element elementor-element-cb06572 elementor-widget elementor-widget-wd_image_or_svg\" data-id=\"cb06572\" data-element_type=\"widget\" data-e-type=\"widget\" data-widget_type=\"wd_image_or_svg.default\">\n\t\t\t\t<div class=\"elementor-widget-container\">\n\t\t\t\t\t\n\t\t<div class=\"wd-image text-center\">\n\t\t\t\t\t\t\t\t<img fetchpriority=\"high\" decoding=\"async\" width=\"768\" height=\"497\" src=\"https:\/\/danfosal.com\/wp-content\/uploads\/2025\/05\/d1-3-27-768x497.jpg\" class=\"attachment-medium_large size-medium_large\" alt=\"\" srcset=\"https:\/\/danfosal.com\/wp-content\/uploads\/2025\/05\/d1-3-27-768x497.jpg 768w, https:\/\/danfosal.com\/wp-content\/uploads\/2025\/05\/d1-3-27-400x259.jpg 400w, https:\/\/danfosal.com\/wp-content\/uploads\/2025\/05\/d1-3-27-18x12.jpg 18w, https:\/\/danfosal.com\/wp-content\/uploads\/2025\/05\/d1-3-27-700x453.jpg 700w, https:\/\/danfosal.com\/wp-content\/uploads\/2025\/05\/d1-3-27-150x97.jpg 150w, https:\/\/danfosal.com\/wp-content\/uploads\/2025\/05\/d1-3-27-464x300.jpg 464w, https:\/\/danfosal.com\/wp-content\/uploads\/2025\/05\/d1-3-27.jpg 1200w\" sizes=\"(max-width: 768px) 100vw, 768px\" \/>\t\t\t\t\t<\/div>\n\n\t\t\t\t\t\t<\/div>\n\t\t\t\t<\/div>\n\t\t\t\t\t<\/div>\n\t\t\t\t<\/div>\n\t\t<div class=\"wd-negative-gap elementor-element elementor-element-bf0902f e-grid e-con-boxed e-con e-parent\" data-id=\"bf0902f\" data-element_type=\"container\" data-e-type=\"container\">\n\t\t\t\t\t<div class=\"e-con-inner\">\n\t\t<div class=\"elementor-element elementor-element-6a187b3 e-con-full e-flex e-con e-child\" data-id=\"6a187b3\" data-element_type=\"container\" data-e-type=\"container\">\n\t\t\t\t<div class=\"elementor-element elementor-element-740aa70 wd-width-100 elementor-widget elementor-widget-wd_title\" data-id=\"740aa70\" data-element_type=\"widget\" data-e-type=\"widget\" data-widget_type=\"wd_title.default\">\n\t\t\t\t<div class=\"elementor-widget-container\">\n\t\t\t\t\t\t\t<div class=\"title-wrapper wd-set-mb reset-last-child wd-title-color-default wd-title-style-default wd-title-size-large text-left\">\n\n\t\t\t\n\t\t\t<div class=\"liner-continer\">\n\t\t\t\t<h4 class=\"woodmart-title-container title wd-fontsize-xxl\">Danfos \u2013 pionier i pastrimit t\u00eb avancuar n\u00eb Shqip\u00ebri<\/h4> \n\t\t\t\t\t\t\t<\/div>\n\n\t\t\t\t\t<\/div>\n\t\t\t\t\t\t<\/div>\n\t\t\t\t<\/div>\n\t\t\t\t<div class=\"elementor-element elementor-element-888ccd8 elementor-align-left elementor-widget elementor-widget-button\" data-id=\"888ccd8\" data-element_type=\"widget\" data-e-type=\"widget\" data-widget_type=\"button.default\">\n\t\t\t\t<div class=\"elementor-widget-container\">\n\t\t\t\t\t\t\t\t\t<div class=\"elementor-button-wrapper\">\n\t\t\t\t\t<a class=\"elementor-button elementor-button-link elementor-size-sm\" href=\"\/en\/kontakti\/\">\n\t\t\t\t\t\t<span class=\"elementor-button-content-wrapper\">\n\t\t\t\t\t\t\t\t\t<span class=\"elementor-button-text\">Na kontaktoni<\/span>\n\t\t\t\t\t<\/span>\n\t\t\t\t\t<\/a>\n\t\t\t\t<\/div>\n\t\t\t\t\t\t\t\t<\/div>\n\t\t\t\t<\/div>\n\t\t\t\t<\/div>\n\t\t\t\t<div class=\"elementor-element elementor-element-0a34437 elementor-widget elementor-widget-wd_text_block\" data-id=\"0a34437\" data-element_type=\"widget\" data-e-type=\"widget\" data-widget_type=\"wd_text_block.default\">\n\t\t\t\t<div class=\"elementor-widget-container\">\n\t\t\t\t\t\t\t<div class=\"wd-text-block reset-last-child text-left\">\n\t\t\t\n\t\t\t<p data-start=\"87\" data-end=\"239\"><strong data-start=\"87\" data-end=\"239\">Danfos ShPK u themelua n\u00eb vitin 2024 n\u00eb Shqip\u00ebri dhe \u00ebsht\u00eb deg\u00eb e kompanis\u00eb m\u00ebm\u00eb Danfos LLC, me p\u00ebrvoj\u00eb t\u00eb gjat\u00eb n\u00eb tregun e pajisjeve t\u00eb pastrimit.<\/strong><\/p><p data-start=\"241\" data-end=\"443\">Me nj\u00eb fokus t\u00eb pal\u00ebkundur n\u00eb cil\u00ebsi dhe profesionaliz\u00ebm, Danfos sjell n\u00eb tregun shqiptar pajisje dhe zgjidhje pastrimi p\u00ebr sht\u00ebpi, biznese dhe industri, duke ndjekur standardet m\u00eb t\u00eb larta t\u00eb sektorit.<\/p><p data-start=\"445\" data-end=\"653\">P\u00ebrmes bashk\u00ebpunimeve strategjike me marka lider si K\u00e4rcher dhe Star, dhe p\u00ebrkushtimit ndaj klient\u00ebve, Danfos ShPK vazhdon t\u00eb nd\u00ebrtoj\u00eb besim dhe t\u00eb ofroj\u00eb teknologjin\u00eb m\u00eb t\u00eb avancuar t\u00eb pastrimit n\u00eb Shqip\u00ebri.<\/p>\n\t\t\t\t\t<\/div>\n\t\t\t\t\t\t<\/div>\n\t\t\t\t<\/div>\n\t\t\t\t\t<\/div>\n\t\t\t\t<\/div>\n\t\t<div class=\"wd-negative-gap elementor-element elementor-element-a2a1d1d e-flex e-con-boxed e-con e-parent\" data-id=\"a2a1d1d\" data-element_type=\"container\" data-e-type=\"container\">\n\t\t\t\t\t<div class=\"e-con-inner\">\n\t\t\t\t<div class=\"elementor-element elementor-element-f83b83a wd-width-100 elementor-widget elementor-widget-wd_title\" data-id=\"f83b83a\" data-element_type=\"widget\" data-e-type=\"widget\" data-widget_type=\"wd_title.default\">\n\t\t\t\t<div class=\"elementor-widget-container\">\n\t\t\t\t\t\t\t<div class=\"title-wrapper wd-set-mb reset-last-child wd-title-color-default wd-title-style-default wd-title-size-large text-center\">\n\n\t\t\t\n\t\t\t<div class=\"liner-continer\">\n\t\t\t\t<h4 class=\"woodmart-title-container title wd-fontsize-xxl\">Vlerat tona themelore<\/h4> \n\t\t\t\t\t\t\t<\/div>\n\n\t\t\t\t\t<\/div>\n\t\t\t\t\t\t<\/div>\n\t\t\t\t<\/div>\n\t\t\t\t<div class=\"elementor-element elementor-element-4dc7fd7 elementor-widget-divider--view-line elementor-widget elementor-widget-divider\" data-id=\"4dc7fd7\" data-element_type=\"widget\" data-e-type=\"widget\" data-widget_type=\"divider.default\">\n\t\t\t\t<div class=\"elementor-widget-container\">\n\t\t\t\t\t\t\t<div class=\"elementor-divider\">\n\t\t\t<span class=\"elementor-divider-separator\">\n\t\t\t\t\t\t<\/span>\n\t\t<\/div>\n\t\t\t\t\t\t<\/div>\n\t\t\t\t<\/div>\n\t\t\t\t<div class=\"elementor-element elementor-element-87625d0 elementor-widget elementor-widget-wd_text_block\" data-id=\"87625d0\" data-element_type=\"widget\" data-e-type=\"widget\" data-widget_type=\"wd_text_block.default\">\n\t\t\t\t<div class=\"elementor-widget-container\">\n\t\t\t\t\t\t\t<div class=\"wd-text-block reset-last-child text-center\">\n\t\t\t\n\t\t\t<p>Vlerat tona udh\u00ebheqin \u00e7do hap drejt cil\u00ebsis\u00eb dhe inovacionit t\u00eb vazhduesh\u00ebm<\/p>\n\t\t\t\t\t<\/div>\n\t\t\t\t\t\t<\/div>\n\t\t\t\t<\/div>\n\t\t\t\t\t<\/div>\n\t\t\t\t<\/div>\n\t\t<div class=\"wd-negative-gap elementor-element elementor-element-79d66b6 e-grid e-con-boxed e-con e-parent\" data-id=\"79d66b6\" data-element_type=\"container\" data-e-type=\"container\">\n\t\t\t\t\t<div class=\"e-con-inner\">\n\t\t<div class=\"elementor-element elementor-element-ea0dfc2 e-con-full e-flex e-con e-child\" data-id=\"ea0dfc2\" data-element_type=\"container\" data-e-type=\"container\" data-settings=\"{&quot;background_background&quot;:&quot;classic&quot;}\">\n\t\t\t\t<div class=\"elementor-element elementor-element-05e35d2 elementor-widget__width-initial elementor-widget elementor-widget-wd_image_or_svg\" data-id=\"05e35d2\" data-element_type=\"widget\" data-e-type=\"widget\" data-widget_type=\"wd_image_or_svg.default\">\n\t\t\t\t<div class=\"elementor-widget-container\">\n\t\t\t\t\t\n\t\t<div class=\"wd-image text-center\">\n\t\t\t\t\t\t\t\t<img decoding=\"async\" width=\"113\" height=\"113\" src=\"https:\/\/danfosal.com\/wp-content\/uploads\/2025\/04\/4913701-1.png\" class=\"attachment-full size-full\" alt=\"\" \/>\t\t\t\t\t<\/div>\n\n\t\t\t\t\t\t<\/div>\n\t\t\t\t<\/div>\n\t\t\t\t<div class=\"elementor-element elementor-element-a48dc40 elementor-widget elementor-widget-wd_text_block\" data-id=\"a48dc40\" data-element_type=\"widget\" data-e-type=\"widget\" data-widget_type=\"wd_text_block.default\">\n\t\t\t\t<div class=\"elementor-widget-container\">\n\t\t\t\t\t\t\t<div class=\"wd-text-block reset-last-child text-center\">\n\t\t\t\n\t\t\t<p>Bashkpunimi<\/p>\n\t\t\t\t\t<\/div>\n\t\t\t\t\t\t<\/div>\n\t\t\t\t<\/div>\n\t\t\t\t<div class=\"elementor-element elementor-element-9fd2106 elementor-widget elementor-widget-wd_text_block\" data-id=\"9fd2106\" data-element_type=\"widget\" data-e-type=\"widget\" data-widget_type=\"wd_text_block.default\">\n\t\t\t\t<div class=\"elementor-widget-container\">\n\t\t\t\t\t\t\t<div class=\"wd-text-block reset-last-child text-left\">\n\t\t\t\n\t\t\t<p>Ne jemi t\u00eb p\u00ebrkushtuar t'u ofrojm\u00eb sh\u00ebrbim t\u00eb shk\u00eblqyer, k\u00ebshilla profesionale dhe zgjidhje t\u00eb personalizuara.<\/p>\n\t\t\t\t\t<\/div>\n\t\t\t\t\t\t<\/div>\n\t\t\t\t<\/div>\n\t\t\t\t<\/div>\n\t\t<div class=\"elementor-element elementor-element-76fd5f2 e-con-full e-flex e-con e-child\" data-id=\"76fd5f2\" data-element_type=\"container\" data-e-type=\"container\" data-settings=\"{&quot;background_background&quot;:&quot;classic&quot;}\">\n\t\t\t\t<div class=\"elementor-element elementor-element-4657989 elementor-widget__width-initial elementor-widget elementor-widget-wd_image_or_svg\" data-id=\"4657989\" data-element_type=\"widget\" data-e-type=\"widget\" data-widget_type=\"wd_image_or_svg.default\">\n\t\t\t\t<div class=\"elementor-widget-container\">\n\t\t\t\t\t\n\t\t<div class=\"wd-image text-center\">\n\t\t\t\t\t\t\t\t<img decoding=\"async\" width=\"106\" height=\"106\" src=\"https:\/\/danfosal.com\/wp-content\/uploads\/2025\/04\/kindpng_2078283-1.png\" class=\"attachment-full size-full\" alt=\"\" \/>\t\t\t\t\t<\/div>\n\n\t\t\t\t\t\t<\/div>\n\t\t\t\t<\/div>\n\t\t\t\t<div class=\"elementor-element elementor-element-8e06ed7 elementor-widget elementor-widget-wd_text_block\" data-id=\"8e06ed7\" data-element_type=\"widget\" data-e-type=\"widget\" data-widget_type=\"wd_text_block.default\">\n\t\t\t\t<div class=\"elementor-widget-container\">\n\t\t\t\t\t\t\t<div class=\"wd-text-block reset-last-child text-center\">\n\t\t\t\n\t\t\t<p>Inovacioni<\/p>\n\t\t\t\t\t<\/div>\n\t\t\t\t\t\t<\/div>\n\t\t\t\t<\/div>\n\t\t\t\t<div class=\"elementor-element elementor-element-6310535 elementor-widget elementor-widget-wd_text_block\" data-id=\"6310535\" data-element_type=\"widget\" data-e-type=\"widget\" data-widget_type=\"wd_text_block.default\">\n\t\t\t\t<div class=\"elementor-widget-container\">\n\t\t\t\t\t\t\t<div class=\"wd-text-block reset-last-child text-left\">\n\t\t\t\n\t\t\t<p>Ne jemi gjithmon\u00eb n\u00eb k\u00ebrkim t\u00eb produkteve dhe zgjidhjeve m\u00eb t\u00eb reja dhe m\u00eb efikase n\u00eb fush\u00ebn e pastrimit.<\/p>\n\t\t\t\t\t<\/div>\n\t\t\t\t\t\t<\/div>\n\t\t\t\t<\/div>\n\t\t\t\t<\/div>\n\t\t<div class=\"elementor-element elementor-element-f1e6a80 e-con-full e-flex e-con e-child\" data-id=\"f1e6a80\" data-element_type=\"container\" data-e-type=\"container\" data-settings=\"{&quot;background_background&quot;:&quot;classic&quot;}\">\n\t\t\t\t<div class=\"elementor-element elementor-element-4106544 elementor-widget__width-initial elementor-widget elementor-widget-wd_image_or_svg\" data-id=\"4106544\" data-element_type=\"widget\" data-e-type=\"widget\" data-widget_type=\"wd_image_or_svg.default\">\n\t\t\t\t<div class=\"elementor-widget-container\">\n\t\t\t\t\t\n\t\t<div class=\"wd-image text-center\">\n\t\t\t\t\t\t\t\t<img loading=\"lazy\" decoding=\"async\" width=\"103\" height=\"112\" src=\"https:\/\/danfosal.com\/wp-content\/uploads\/2025\/04\/pngfind.com-safety-icon-png-902164-1.png\" class=\"attachment-full size-full\" alt=\"\" \/>\t\t\t\t\t<\/div>\n\n\t\t\t\t\t\t<\/div>\n\t\t\t\t<\/div>\n\t\t\t\t<div class=\"elementor-element elementor-element-5f29e9d elementor-widget elementor-widget-wd_text_block\" data-id=\"5f29e9d\" data-element_type=\"widget\" data-e-type=\"widget\" data-widget_type=\"wd_text_block.default\">\n\t\t\t\t<div class=\"elementor-widget-container\">\n\t\t\t\t\t\t\t<div class=\"wd-text-block reset-last-child text-center\">\n\t\t\t\n\t\t\t<p>Besueshm\u00ebria<\/p>\n\t\t\t\t\t<\/div>\n\t\t\t\t\t\t<\/div>\n\t\t\t\t<\/div>\n\t\t\t\t<div class=\"elementor-element elementor-element-c1bc75b elementor-widget elementor-widget-wd_text_block\" data-id=\"c1bc75b\" data-element_type=\"widget\" data-e-type=\"widget\" data-widget_type=\"wd_text_block.default\">\n\t\t\t\t<div class=\"elementor-widget-container\">\n\t\t\t\t\t\t\t<div class=\"wd-text-block reset-last-child text-left\">\n\t\t\t\n\t\t\t<p>Ne synojm\u00eb t\u00eb nd\u00ebrtojm\u00eb marr\u00ebdh\u00ebnie afatgjata me klient\u00ebt tan\u00eb bazuar n\u00eb besim dhe transparenc\u00eb.<\/p>\n\t\t\t\t\t<\/div>\n\t\t\t\t\t\t<\/div>\n\t\t\t\t<\/div>\n\t\t\t\t<\/div>\n\t\t<div class=\"elementor-element elementor-element-9d5f8c7 e-con-full e-flex e-con e-child\" data-id=\"9d5f8c7\" data-element_type=\"container\" data-e-type=\"container\" data-settings=\"{&quot;background_background&quot;:&quot;classic&quot;}\">\n\t\t\t\t<div class=\"elementor-element elementor-element-00eb05f elementor-widget__width-initial elementor-widget elementor-widget-wd_image_or_svg\" data-id=\"00eb05f\" data-element_type=\"widget\" data-e-type=\"widget\" data-widget_type=\"wd_image_or_svg.default\">\n\t\t\t\t<div class=\"elementor-widget-container\">\n\t\t\t\t\t\n\t\t<div class=\"wd-image text-center\">\n\t\t\t\t\t\t\t\t<img loading=\"lazy\" decoding=\"async\" width=\"120\" height=\"120\" src=\"https:\/\/danfosal.com\/wp-content\/uploads\/2025\/04\/free-check-mark-icon-3279-thumb-1.png\" class=\"attachment-full size-full\" alt=\"\" \/>\t\t\t\t\t<\/div>\n\n\t\t\t\t\t\t<\/div>\n\t\t\t\t<\/div>\n\t\t\t\t<div class=\"elementor-element elementor-element-72892fd elementor-widget elementor-widget-wd_text_block\" data-id=\"72892fd\" data-element_type=\"widget\" data-e-type=\"widget\" data-widget_type=\"wd_text_block.default\">\n\t\t\t\t<div class=\"elementor-widget-container\">\n\t\t\t\t\t\t\t<div class=\"wd-text-block reset-last-child text-center\">\n\t\t\t\n\t\t\t<p>Cil\u00ebsia<\/p>\n\t\t\t\t\t<\/div>\n\t\t\t\t\t\t<\/div>\n\t\t\t\t<\/div>\n\t\t\t\t<div class=\"elementor-element elementor-element-24347aa elementor-widget elementor-widget-wd_text_block\" data-id=\"24347aa\" data-element_type=\"widget\" data-e-type=\"widget\" data-widget_type=\"wd_text_block.default\">\n\t\t\t\t<div class=\"elementor-widget-container\">\n\t\t\t\t\t\t\t<div class=\"wd-text-block reset-last-child text-left\">\n\t\t\t\n\t\t\t<p>Ne besojm\u00eb n\u00eb ofrimin e produkteve t\u00eb cil\u00ebsis\u00eb s\u00eb lart\u00eb q\u00eb garantojn\u00eb performanc\u00eb dhe q\u00ebndrueshm\u00ebri.<\/p>\n\t\t\t\t\t<\/div>\n\t\t\t\t\t\t<\/div>\n\t\t\t\t<\/div>\n\t\t\t\t<\/div>\n\t\t\t\t\t<\/div>\n\t\t\t\t<\/div>\n\t\t\t\t<\/div>","protected":false},"excerpt":{"rendered":"<p>Historia e Danfos Nj\u00eb rrug\u00ebtim inovacioni dhe cil\u00ebsie q\u00eb ka transformuar Shqip\u00ebrin\u00eb n\u00eb fush\u00ebn e pastrimit Danfos \u2013 pionier i<\/p>","protected":false},"author":1,"featured_media":0,"parent":0,"menu_order":0,"comment_status":"closed","ping_status":"closed","template":"","meta":{"_crdt_document":"","footnotes":""},"class_list":["post-15760","page","type-page","status-publish","hentry"],"jetpack_sharing_enabled":true,"_links":{"self":[{"href":"https:\/\/danfosal.com\/en\/wp-json\/wp\/v2\/pages\/15760","targetHints":{"allow":["GET"]}}],"collection":[{"href":"https:\/\/danfosal.com\/en\/wp-json\/wp\/v2\/pages"}],"about":[{"href":"https:\/\/danfosal.com\/en\/wp-json\/wp\/v2\/types\/page"}],"author":[{"embeddable":true,"href":"https:\/\/danfosal.com\/en\/wp-json\/wp\/v2\/users\/1"}],"replies":[{"embeddable":true,"href":"https:\/\/danfosal.com\/en\/wp-json\/wp\/v2\/comments?post=15760"}],"version-history":[{"count":25,"href":"https:\/\/danfosal.com\/en\/wp-json\/wp\/v2\/pages\/15760\/revisions"}],"predecessor-version":[{"id":17154,"href":"https:\/\/danfosal.com\/en\/wp-json\/wp\/v2\/pages\/15760\/revisions\/17154"}],"wp:attachment":[{"href":"https:\/\/danfosal.com\/en\/wp-json\/wp\/v2\/media?parent=15760"}],"curies":[{"name":"wp","href":"https:\/\/api.w.org\/{rel}","templated":true}]}}