{"id":15776,"date":"2025-04-27T13:27:05","date_gmt":"2025-04-27T13:27:05","guid":{"rendered":"https:\/\/danfosal.com\/?page_id=15776"},"modified":"2025-05-28T21:26:48","modified_gmt":"2025-05-28T21:26:48","slug":"kontakti","status":"publish","type":"page","link":"https:\/\/danfosal.com\/en\/kontakti\/","title":{"rendered":"Kontakti"},"content":{"rendered":"<div data-elementor-type=\"wp-page\" data-elementor-id=\"15776\" class=\"elementor elementor-15776\">\n\t\t\t\t<div class=\"wd-negative-gap elementor-element elementor-element-34470da e-flex e-con-boxed e-con e-parent\" data-id=\"34470da\" data-element_type=\"container\" data-e-type=\"container\">\n\t\t\t\t\t<div class=\"e-con-inner\">\n\t\t<div class=\"elementor-element elementor-element-c48f022 e-grid e-con-full e-con e-child\" data-id=\"c48f022\" data-element_type=\"container\" data-e-type=\"container\">\n\t\t<div class=\"elementor-element elementor-element-69b7cf3 e-con-full e-flex e-con e-child\" data-id=\"69b7cf3\" data-element_type=\"container\" data-e-type=\"container\">\n\t\t<div class=\"elementor-element elementor-element-78aa34a e-grid e-con-full e-con e-child\" data-id=\"78aa34a\" data-element_type=\"container\" data-e-type=\"container\">\n\t\t<div class=\"elementor-element elementor-element-c7f310e e-con-full e-flex e-con e-child\" data-id=\"c7f310e\" data-element_type=\"container\" data-e-type=\"container\">\n\t\t\t\t<div class=\"elementor-element elementor-element-81604c7 elementor-widget__width-initial elementor-widget elementor-widget-wd_image_or_svg\" data-id=\"81604c7\" data-element_type=\"widget\" data-e-type=\"widget\" data-widget_type=\"wd_image_or_svg.default\">\n\t\t\t\t<div class=\"elementor-widget-container\">\n\t\t\t\t\t\n\t\t<div class=\"wd-image text-left\">\n\t\t\t\t\t\t\t\t<img decoding=\"async\" width=\"76\" height=\"66\" src=\"https:\/\/danfosal.com\/wp-content\/uploads\/2025\/04\/image-1.png\" class=\"attachment-full size-full\" alt=\"\" \/>\t\t\t\t\t<\/div>\n\n\t\t\t\t\t\t<\/div>\n\t\t\t\t<\/div>\n\t\t\t\t<div class=\"elementor-element elementor-element-0dd1d49 elementor-widget elementor-widget-wd_text_block\" data-id=\"0dd1d49\" data-element_type=\"widget\" data-e-type=\"widget\" data-widget_type=\"wd_text_block.default\">\n\t\t\t\t<div class=\"elementor-widget-container\">\n\t\t\t\t\t\t\t<div class=\"wd-text-block reset-last-child text-left\">\n\t\t\t\n\t\t\t<p><span style=\"font-size: 1.3rem; color: #000; font-weight: bold;\">Lokacioni<\/span><br \/>Konferenca e Pezes, Mistomame, Tiran\u00eb 1023, Shqip\u00ebria<\/p>\n\t\t\t\t\t<\/div>\n\t\t\t\t\t\t<\/div>\n\t\t\t\t<\/div>\n\t\t\t\t<\/div>\n\t\t<div class=\"elementor-element elementor-element-d54714b e-con-full e-flex e-con e-child\" data-id=\"d54714b\" data-element_type=\"container\" data-e-type=\"container\">\n\t\t\t\t<div class=\"elementor-element elementor-element-635a397 elementor-widget__width-initial elementor-widget elementor-widget-wd_image_or_svg\" data-id=\"635a397\" data-element_type=\"widget\" data-e-type=\"widget\" data-widget_type=\"wd_image_or_svg.default\">\n\t\t\t\t<div class=\"elementor-widget-container\">\n\t\t\t\t\t\n\t\t<div class=\"wd-image text-left\">\n\t\t\t\t\t\t\t\t<img decoding=\"async\" width=\"61\" height=\"64\" src=\"https:\/\/danfosal.com\/wp-content\/uploads\/2025\/04\/image-2.png\" class=\"attachment-full size-full\" alt=\"\" \/>\t\t\t\t\t<\/div>\n\n\t\t\t\t\t\t<\/div>\n\t\t\t\t<\/div>\n\t\t\t\t<div class=\"elementor-element elementor-element-9c789a5 elementor-widget elementor-widget-wd_text_block\" data-id=\"9c789a5\" data-element_type=\"widget\" data-e-type=\"widget\" data-widget_type=\"wd_text_block.default\">\n\t\t\t\t<div class=\"elementor-widget-container\">\n\t\t\t\t\t\t\t<div class=\"wd-text-block reset-last-child text-left\">\n\t\t\t\n\t\t\t<p><span style=\"font-size: 1.3rem; color: #000; font-weight: bold;\">Orari<\/span><br \/>H\u00ebne - Premte<br \/>9:00 - 18:00<\/p>\n\t\t\t\t\t<\/div>\n\t\t\t\t\t\t<\/div>\n\t\t\t\t<\/div>\n\t\t\t\t<\/div>\n\t\t<div class=\"elementor-element elementor-element-61be933 e-con-full e-flex e-con e-child\" data-id=\"61be933\" data-element_type=\"container\" data-e-type=\"container\">\n\t\t\t\t<div class=\"elementor-element elementor-element-c4c7627 elementor-widget__width-initial elementor-widget elementor-widget-wd_image_or_svg\" data-id=\"c4c7627\" data-element_type=\"widget\" data-e-type=\"widget\" data-widget_type=\"wd_image_or_svg.default\">\n\t\t\t\t<div class=\"elementor-widget-container\">\n\t\t\t\t\t\n\t\t<div class=\"wd-image text-left\">\n\t\t\t\t\t\t\t\t<img decoding=\"async\" width=\"66\" height=\"72\" src=\"https:\/\/danfosal.com\/wp-content\/uploads\/2025\/04\/image-3.png\" class=\"attachment-full size-full\" alt=\"\" \/>\t\t\t\t\t<\/div>\n\n\t\t\t\t\t\t<\/div>\n\t\t\t\t<\/div>\n\t\t\t\t<div class=\"elementor-element elementor-element-1c3ae57 elementor-widget elementor-widget-wd_text_block\" data-id=\"1c3ae57\" data-element_type=\"widget\" data-e-type=\"widget\" data-widget_type=\"wd_text_block.default\">\n\t\t\t\t<div class=\"elementor-widget-container\">\n\t\t\t\t\t\t\t<div class=\"wd-text-block reset-last-child text-left\">\n\t\t\t\n\t\t\t<p><span style=\"font-size: 1.3rem; color: #000; font-weight: bold;\">Nr. Mobil<\/span><br \/>+355-69-203-6908<\/p>\n\t\t\t\t\t<\/div>\n\t\t\t\t\t\t<\/div>\n\t\t\t\t<\/div>\n\t\t\t\t<\/div>\n\t\t<div class=\"elementor-element elementor-element-b4e2bad e-con-full e-flex e-con e-child\" data-id=\"b4e2bad\" data-element_type=\"container\" data-e-type=\"container\">\n\t\t\t\t<div class=\"elementor-element elementor-element-08b9714 elementor-widget__width-initial elementor-widget elementor-widget-wd_image_or_svg\" data-id=\"08b9714\" data-element_type=\"widget\" data-e-type=\"widget\" data-widget_type=\"wd_image_or_svg.default\">\n\t\t\t\t<div class=\"elementor-widget-container\">\n\t\t\t\t\t\n\t\t<div class=\"wd-image text-left\">\n\t\t\t\t\t\t\t\t<img loading=\"lazy\" decoding=\"async\" width=\"70\" height=\"64\" src=\"https:\/\/danfosal.com\/wp-content\/uploads\/2025\/04\/image-4.png\" class=\"attachment-full size-full\" alt=\"\" \/>\t\t\t\t\t<\/div>\n\n\t\t\t\t\t\t<\/div>\n\t\t\t\t<\/div>\n\t\t\t\t<div class=\"elementor-element elementor-element-15c2bd5 elementor-widget elementor-widget-wd_text_block\" data-id=\"15c2bd5\" data-element_type=\"widget\" data-e-type=\"widget\" data-widget_type=\"wd_text_block.default\">\n\t\t\t\t<div class=\"elementor-widget-container\">\n\t\t\t\t\t\t\t<div class=\"wd-text-block reset-last-child text-left\">\n\t\t\t\n\t\t\t<p><span style=\"font-size: 1.3rem; color: #000; font-weight: bold;\">Email<\/span><br \/>info@danfosal.com<\/p>\n\t\t\t\t\t<\/div>\n\t\t\t\t\t\t<\/div>\n\t\t\t\t<\/div>\n\t\t\t\t<\/div>\n\t\t\t\t<\/div>\n\t\t\t\t<\/div>\n\t\t<div class=\"elementor-element elementor-element-dad4dc5 e-con-full e-flex e-con e-child\" data-id=\"dad4dc5\" data-element_type=\"container\" data-e-type=\"container\">\n\t\t<div class=\"elementor-element elementor-element-3343370 e-con-full e-flex e-con e-child\" data-id=\"3343370\" data-element_type=\"container\" data-e-type=\"container\">\n\t\t\t\t<div class=\"elementor-element elementor-element-e624ee1 elementor-widget elementor-widget-wd_text_block\" data-id=\"e624ee1\" data-element_type=\"widget\" data-e-type=\"widget\" data-widget_type=\"wd_text_block.default\">\n\t\t\t\t<div class=\"elementor-widget-container\">\n\t\t\t\t\t\t\t<div class=\"wd-text-block reset-last-child text-center\">\n\t\t\t\n\t\t\t<p><span style=\"font-size: 1.3rem; color: #000; font-weight: bold;\">Na kontaktoni!<\/span><br \/>Na kontaktoni dhe ne do t\u00eb p\u00ebrgjigjemi sa m\u00eb shpejt\u00eb<\/p>\n\t\t\t\t\t<\/div>\n\t\t\t\t\t\t<\/div>\n\t\t\t\t<\/div>\n\t\t\t\t<\/div>\n\t\t<div class=\"elementor-element elementor-element-e4b80c6 e-con-full e-flex e-con e-child\" data-id=\"e4b80c6\" data-element_type=\"container\" data-e-type=\"container\">\n\t\t\t\t<div class=\"elementor-element elementor-element-0f922e1 wd-cf7 elementor-widget elementor-widget-wd_contact_form_7\" data-id=\"0f922e1\" data-element_type=\"widget\" data-e-type=\"widget\" data-widget_type=\"wd_contact_form_7.default\">\n\t\t\t\t<div class=\"elementor-widget-container\">\n\t\t\t\t\t\n<div class=\"wpcf7 no-js\" id=\"wpcf7-f89-o1\" lang=\"en-US\" dir=\"ltr\" data-wpcf7-id=\"89\">\n<div class=\"screen-reader-response\"><p role=\"status\" aria-live=\"polite\" aria-atomic=\"true\"><\/p> <ul><\/ul><\/div>\n<form action=\"\/en\/wp-json\/wp\/v2\/pages\/15776#wpcf7-f89-o1\" method=\"post\" class=\"wpcf7-form init\" aria-label=\"Contact form\" novalidate=\"novalidate\" data-status=\"init\" data-trp-original-action=\"\/en\/wp-json\/wp\/v2\/pages\/15776#wpcf7-f89-o1\">\n<fieldset class=\"hidden-fields-container\"><input type=\"hidden\" name=\"_wpcf7\" value=\"89\" \/><input type=\"hidden\" name=\"_wpcf7_version\" value=\"6.1.5\" \/><input type=\"hidden\" name=\"_wpcf7_locale\" value=\"en_US\" \/><input type=\"hidden\" name=\"_wpcf7_unit_tag\" value=\"wpcf7-f89-o1\" \/><input type=\"hidden\" name=\"_wpcf7_container_post\" value=\"0\" \/><input type=\"hidden\" name=\"_wpcf7_posted_data_hash\" value=\"\" \/>\n<\/fieldset>\n<p><label> Emri dhe Mbiemri*<br \/>\n<span class=\"wpcf7-form-control-wrap\" data-name=\"your-name\"><input size=\"40\" maxlength=\"400\" class=\"wpcf7-form-control wpcf7-text wpcf7-validates-as-required\" autocomplete=\"name\" aria-required=\"true\" aria-invalid=\"false\" value=\"\" type=\"text\" name=\"your-name\" \/><\/span> <\/label>\n<\/p>\n<p><label> Email*<br \/>\n<span class=\"wpcf7-form-control-wrap\" data-name=\"your-email\"><input size=\"40\" maxlength=\"400\" class=\"wpcf7-form-control wpcf7-email wpcf7-validates-as-required wpcf7-text wpcf7-validates-as-email\" autocomplete=\"email\" aria-required=\"true\" aria-invalid=\"false\" value=\"\" type=\"email\" name=\"your-email\" \/><\/span> <\/label>\n<\/p>\n<p><label> Subjekti*<br \/>\n<span class=\"wpcf7-form-control-wrap\" data-name=\"your-subject\"><input size=\"40\" maxlength=\"400\" class=\"wpcf7-form-control wpcf7-text wpcf7-validates-as-required\" aria-required=\"true\" aria-invalid=\"false\" value=\"\" type=\"text\" name=\"your-subject\" \/><\/span> <\/label>\n<\/p>\n<p><label> Mesazhi*<br \/>\n<span class=\"wpcf7-form-control-wrap\" data-name=\"your-message\"><textarea cols=\"40\" rows=\"10\" maxlength=\"2000\" class=\"wpcf7-form-control wpcf7-textarea\" aria-invalid=\"false\" name=\"your-message\"><\/textarea><\/span> <\/label>\n<\/p>\n<p><input class=\"wpcf7-form-control wpcf7-submit has-spinner\" type=\"submit\" value=\"D\u00ebrgo\" \/>\n<\/p><div class=\"wpcf7-response-output\" aria-hidden=\"true\"><\/div>\n<input type=\"hidden\" name=\"trp-form-language\" value=\"en\"\/><\/form>\n<\/div>\n\t\t\t\t<\/div>\n\t\t\t\t<\/div>\n\t\t\t\t<\/div>\n\t\t\t\t<\/div>\n\t\t\t\t<\/div>\n\t\t\t\t\t<\/div>\n\t\t\t\t<\/div>\n\t\t<div class=\"wd-negative-gap elementor-element elementor-element-66d109b e-flex e-con-boxed e-con e-parent\" data-id=\"66d109b\" data-element_type=\"container\" data-e-type=\"container\">\n\t\t\t\t\t<div class=\"e-con-inner\">\n\t\t\t\t<div class=\"elementor-element elementor-element-290f8e3 elementor-widget elementor-widget-image\" data-id=\"290f8e3\" data-element_type=\"widget\" data-e-type=\"widget\" data-widget_type=\"image.default\">\n\t\t\t\t<div class=\"elementor-widget-container\">\n\t\t\t\t\t\t\t\t\t\t\t\t<figure class=\"wp-caption\">\n\t\t\t\t\t\t\t\t\t\t<img loading=\"lazy\" decoding=\"async\" width=\"1188\" height=\"800\" src=\"https:\/\/danfosal.com\/wp-content\/uploads\/2025\/05\/WhatsApp-Image-2025-05-08-at-11.54.05-1188x800.jpg\" class=\"attachment-large size-large wp-image-16781\" alt=\"\" srcset=\"https:\/\/danfosal.com\/wp-content\/uploads\/2025\/05\/WhatsApp-Image-2025-05-08-at-11.54.05-1188x800.jpg 1188w, https:\/\/danfosal.com\/wp-content\/uploads\/2025\/05\/WhatsApp-Image-2025-05-08-at-11.54.05-400x269.jpg 400w, https:\/\/danfosal.com\/wp-content\/uploads\/2025\/05\/WhatsApp-Image-2025-05-08-at-11.54.05-768x517.jpg 768w, https:\/\/danfosal.com\/wp-content\/uploads\/2025\/05\/WhatsApp-Image-2025-05-08-at-11.54.05-18x12.jpg 18w, https:\/\/danfosal.com\/wp-content\/uploads\/2025\/05\/WhatsApp-Image-2025-05-08-at-11.54.05-700x471.jpg 700w, https:\/\/danfosal.com\/wp-content\/uploads\/2025\/05\/WhatsApp-Image-2025-05-08-at-11.54.05-150x101.jpg 150w, https:\/\/danfosal.com\/wp-content\/uploads\/2025\/05\/WhatsApp-Image-2025-05-08-at-11.54.05.jpg 1200w\" sizes=\"(max-width: 1188px) 100vw, 1188px\" \/>\t\t\t\t\t\t\t\t\t\t\t<figcaption class=\"widget-image-caption wp-caption-text\"><\/figcaption>\n\t\t\t\t\t\t\t\t\t\t<\/figure>\n\t\t\t\t\t\t\t\t\t<\/div>\n\t\t\t\t<\/div>\n\t\t\t\t<div class=\"elementor-element elementor-element-e2ab2f3 elementor-widget elementor-widget-google_maps\" data-id=\"e2ab2f3\" data-element_type=\"widget\" data-e-type=\"widget\" data-widget_type=\"google_maps.default\">\n\t\t\t\t<div class=\"elementor-widget-container\">\n\t\t\t\t\t\t\t<div class=\"elementor-custom-embed\">\n\t\t\t<iframe loading=\"lazy\"\n\t\t\t\t\tsrc=\"https:\/\/maps.google.com\/maps?q=8Q9J%2BH6%20Tiran%C3%AB%2C%20Albania&#038;t=m&#038;z=15&#038;output=embed&#038;iwloc=near\"\n\t\t\t\t\ttitle=\"8Q9J+H6 Tiran\u00eb, Albania\"\n\t\t\t\t\taria-label=\"8Q9J+H6 Tiran\u00eb, Albania\"\n\t\t\t><\/iframe>\n\t\t<\/div>\n\t\t\t\t\t\t<\/div>\n\t\t\t\t<\/div>\n\t\t\t\t\t<\/div>\n\t\t\t\t<\/div>\n\t\t\t\t<\/div>","protected":false},"excerpt":{"rendered":"<p>LokacioniKonferenca e Pezes, Mistomame, Tiran\u00eb 1023, Shqip\u00ebria OrariH\u00ebne &#8211; Premte9:00 &#8211; 18:00 Nr. Mobil+355-69-203-6908 Emailinfo@danfosal.com Na kontaktoni!Na kontaktoni dhe ne<\/p>","protected":false},"author":1,"featured_media":0,"parent":0,"menu_order":0,"comment_status":"closed","ping_status":"closed","template":"","meta":{"_crdt_document":"","footnotes":""},"class_list":["post-15776","page","type-page","status-publish","hentry"],"jetpack_sharing_enabled":true,"_links":{"self":[{"href":"https:\/\/danfosal.com\/en\/wp-json\/wp\/v2\/pages\/15776","targetHints":{"allow":["GET"]}}],"collection":[{"href":"https:\/\/danfosal.com\/en\/wp-json\/wp\/v2\/pages"}],"about":[{"href":"https:\/\/danfosal.com\/en\/wp-json\/wp\/v2\/types\/page"}],"author":[{"embeddable":true,"href":"https:\/\/danfosal.com\/en\/wp-json\/wp\/v2\/users\/1"}],"replies":[{"embeddable":true,"href":"https:\/\/danfosal.com\/en\/wp-json\/wp\/v2\/comments?post=15776"}],"version-history":[{"count":22,"href":"https:\/\/danfosal.com\/en\/wp-json\/wp\/v2\/pages\/15776\/revisions"}],"predecessor-version":[{"id":16998,"href":"https:\/\/danfosal.com\/en\/wp-json\/wp\/v2\/pages\/15776\/revisions\/16998"}],"wp:attachment":[{"href":"https:\/\/danfosal.com\/en\/wp-json\/wp\/v2\/media?parent=15776"}],"curies":[{"name":"wp","href":"https:\/\/api.w.org\/{rel}","templated":true}]}}