{"id":17038,"date":"2025-05-28T22:06:53","date_gmt":"2025-05-28T22:06:53","guid":{"rendered":"https:\/\/danfosal.com\/?page_id=17038"},"modified":"2025-05-29T21:18:06","modified_gmt":"2025-05-29T21:18:06","slug":"shtepiake-subcategory","status":"publish","type":"page","link":"https:\/\/danfosal.com\/en\/shtepiake-subcategory\/","title":{"rendered":"Shtepiake Subcategory"},"content":{"rendered":"<div data-elementor-type=\"wp-page\" data-elementor-id=\"17038\" class=\"elementor elementor-17038\">\n\t\t\t\t<div class=\"wd-negative-gap elementor-element elementor-element-9d40df2 e-flex e-con-boxed e-con e-parent\" data-id=\"9d40df2\" data-element_type=\"container\" data-e-type=\"container\">\n\t\t\t\t\t<div class=\"e-con-inner\">\n\t\t\t\t<div class=\"elementor-element elementor-element-89f3b31 wd-width-100 wd-nav-accordion-mb-on elementor-widget elementor-widget-wd_product_categories\" data-id=\"89f3b31\" data-element_type=\"widget\" data-e-type=\"widget\" data-widget_type=\"wd_product_categories.default\">\n\t\t\t\t<div class=\"elementor-widget-container\">\n\t\t\t\t\t\t\t\t\t\t\t\t\t\t\n\t\t\t\t<div class=\"wd-cats-element\">\n\t\t\t\t\t<div class=\"wd-grid-g wd-cats products woocommerce columns-5 elements-grid\" style=\"--wd-col-lg:5;--wd-col-md:4;--wd-col-sm:2;--wd-gap-lg:20px;--wd-gap-sm:10px;\">\n\t\t\t\t\t\t\t\t\t\t\t\t\t\n<div class=\"wd-col category-grid-item wd-cat cat-design-alt categories-with-shadow without-product-count wd-with-subcat product-category product first\" data-loop=\"1\">\n\t\n\t<div class=\"wd-cat-inner wrapp-category\">\n\t\t<div class=\"wd-cat-thumb category-image-wrapp\">\n\t\t\t<a class=\"wd-cat-image category-image\" href=\"https:\/\/danfosal.com\/en\/product-category\/homecare\/thithese-me-bateri-shtepiake\/\" aria-label=\"Category image\">\n\t\t\t\t\n\t\t\t\t<img fetchpriority=\"high\" decoding=\"async\" width=\"800\" height=\"800\" src=\"https:\/\/danfosal.com\/wp-content\/uploads\/2025\/05\/d1-10-1-800x800.jpg\" class=\"attachment-large size-large\" alt=\"\" srcset=\"https:\/\/danfosal.com\/wp-content\/uploads\/2025\/05\/d1-10-1-800x800.jpg 800w, https:\/\/danfosal.com\/wp-content\/uploads\/2025\/05\/d1-10-1-300x300.jpg 300w, https:\/\/danfosal.com\/wp-content\/uploads\/2025\/05\/d1-10-1-150x150.jpg 150w, https:\/\/danfosal.com\/wp-content\/uploads\/2025\/05\/d1-10-1-768x768.jpg 768w, https:\/\/danfosal.com\/wp-content\/uploads\/2025\/05\/d1-10-1-12x12.jpg 12w, https:\/\/danfosal.com\/wp-content\/uploads\/2025\/05\/d1-10-1-430x430.jpg 430w, https:\/\/danfosal.com\/wp-content\/uploads\/2025\/05\/d1-10-1-700x700.jpg 700w, https:\/\/danfosal.com\/wp-content\/uploads\/2025\/05\/d1-10-1.jpg 1200w\" sizes=\"(max-width: 800px) 100vw, 800px\" \/>\t\t\t<\/a>\n\t\t<\/div>\n\t\t<div class=\"wd-cat-content hover-mask\">\n\t\t\t<h3 class=\"wd-entities-title\">\n\t\t\t\tThith\u00ebse me Bateri\t\t\t<\/h3>\n\n\t\t\t\n\t\t\t\t\t<\/div>\n\n\t\t\t\t<a class=\"wd-fill category-link\" href=\"https:\/\/danfosal.com\/en\/product-category\/homecare\/thithese-me-bateri-shtepiake\/\" aria-label=\"Product category thithese-me-bateri-shtepiake\"><\/a>\n\t\t\t<\/div>\n\n\t<\/div>\n\t\t\t\t\t\t\t\t\t\t\t\t\t\n<div class=\"wd-col category-grid-item wd-cat cat-design-alt categories-with-shadow without-product-count wd-with-subcat product-category product\" data-loop=\"2\">\n\t\n\t<div class=\"wd-cat-inner wrapp-category\">\n\t\t<div class=\"wd-cat-thumb category-image-wrapp\">\n\t\t\t<a class=\"wd-cat-image category-image\" href=\"https:\/\/danfosal.com\/en\/product-category\/homecare\/thithese-elektrike-shtepiake\/\" aria-label=\"Category image\">\n\t\t\t\t\n\t\t\t\t<img decoding=\"async\" width=\"800\" height=\"800\" src=\"https:\/\/danfosal.com\/wp-content\/uploads\/2025\/05\/d1-6-1-800x800.jpg\" class=\"attachment-large size-large\" alt=\"\" srcset=\"https:\/\/danfosal.com\/wp-content\/uploads\/2025\/05\/d1-6-1-800x800.jpg 800w, https:\/\/danfosal.com\/wp-content\/uploads\/2025\/05\/d1-6-1-300x300.jpg 300w, https:\/\/danfosal.com\/wp-content\/uploads\/2025\/05\/d1-6-1-150x150.jpg 150w, https:\/\/danfosal.com\/wp-content\/uploads\/2025\/05\/d1-6-1-768x768.jpg 768w, https:\/\/danfosal.com\/wp-content\/uploads\/2025\/05\/d1-6-1-12x12.jpg 12w, https:\/\/danfosal.com\/wp-content\/uploads\/2025\/05\/d1-6-1-430x430.jpg 430w, https:\/\/danfosal.com\/wp-content\/uploads\/2025\/05\/d1-6-1-700x700.jpg 700w, https:\/\/danfosal.com\/wp-content\/uploads\/2025\/05\/d1-6-1.jpg 1200w\" sizes=\"(max-width: 800px) 100vw, 800px\" \/>\t\t\t<\/a>\n\t\t<\/div>\n\t\t<div class=\"wd-cat-content hover-mask\">\n\t\t\t<h3 class=\"wd-entities-title\">\n\t\t\t\tThith\u00ebse Elektrike\t\t\t<\/h3>\n\n\t\t\t\n\t\t\t\t\t<\/div>\n\n\t\t\t\t<a class=\"wd-fill category-link\" href=\"https:\/\/danfosal.com\/en\/product-category\/homecare\/thithese-elektrike-shtepiake\/\" aria-label=\"Product category thithese-elektrike-shtepiake\"><\/a>\n\t\t\t<\/div>\n\n\t<\/div>\n\t\t\t\t\t\t\t\t\t\t\t\t\t\n<div class=\"wd-col category-grid-item wd-cat cat-design-alt categories-with-shadow without-product-count wd-with-subcat product-category product\" data-loop=\"3\">\n\t\n\t<div class=\"wd-cat-inner wrapp-category\">\n\t\t<div class=\"wd-cat-thumb category-image-wrapp\">\n\t\t\t<a class=\"wd-cat-image category-image\" href=\"https:\/\/danfosal.com\/en\/product-category\/homecare\/thithese-e-lagesht-e-thate-shtepiake\/\" aria-label=\"Category image\">\n\t\t\t\t\n\t\t\t\t<img decoding=\"async\" width=\"800\" height=\"800\" src=\"https:\/\/danfosal.com\/wp-content\/uploads\/2025\/05\/d1-6-23-800x800.jpg\" class=\"attachment-large size-large\" alt=\"\" srcset=\"https:\/\/danfosal.com\/wp-content\/uploads\/2025\/05\/d1-6-23-800x800.jpg 800w, https:\/\/danfosal.com\/wp-content\/uploads\/2025\/05\/d1-6-23-300x300.jpg 300w, https:\/\/danfosal.com\/wp-content\/uploads\/2025\/05\/d1-6-23-150x150.jpg 150w, https:\/\/danfosal.com\/wp-content\/uploads\/2025\/05\/d1-6-23-768x768.jpg 768w, https:\/\/danfosal.com\/wp-content\/uploads\/2025\/05\/d1-6-23-12x12.jpg 12w, https:\/\/danfosal.com\/wp-content\/uploads\/2025\/05\/d1-6-23-430x430.jpg 430w, https:\/\/danfosal.com\/wp-content\/uploads\/2025\/05\/d1-6-23-700x700.jpg 700w, https:\/\/danfosal.com\/wp-content\/uploads\/2025\/05\/d1-6-23.jpg 1200w\" sizes=\"(max-width: 800px) 100vw, 800px\" \/>\t\t\t<\/a>\n\t\t<\/div>\n\t\t<div class=\"wd-cat-content hover-mask\">\n\t\t\t<h3 class=\"wd-entities-title\">\n\t\t\t\tThith\u00ebse e Lag\u00ebsht e That\u00eb\t\t\t<\/h3>\n\n\t\t\t\n\t\t\t\t\t<\/div>\n\n\t\t\t\t<a class=\"wd-fill category-link\" href=\"https:\/\/danfosal.com\/en\/product-category\/homecare\/thithese-e-lagesht-e-thate-shtepiake\/\" aria-label=\"Product category thithese-e-lagesht-e-thate-shtepiake\"><\/a>\n\t\t\t<\/div>\n\n\t<\/div>\n\t\t\t\t\t\t\t\t\t\t\t\t\t\n<div class=\"wd-col category-grid-item wd-cat cat-design-alt categories-with-shadow without-product-count wd-with-subcat product-category product last\" data-loop=\"4\">\n\t\n\t<div class=\"wd-cat-inner wrapp-category\">\n\t\t<div class=\"wd-cat-thumb category-image-wrapp\">\n\t\t\t<a class=\"wd-cat-image category-image\" href=\"https:\/\/danfosal.com\/en\/product-category\/homecare\/pompe-lavazhi-shtepiake\/\" aria-label=\"Category image\">\n\t\t\t\t\n\t\t\t\t<img loading=\"lazy\" decoding=\"async\" width=\"800\" height=\"800\" src=\"https:\/\/danfosal.com\/wp-content\/uploads\/2025\/05\/d1-8-4-800x800.jpg\" class=\"attachment-large size-large\" alt=\"\" srcset=\"https:\/\/danfosal.com\/wp-content\/uploads\/2025\/05\/d1-8-4-800x800.jpg 800w, https:\/\/danfosal.com\/wp-content\/uploads\/2025\/05\/d1-8-4-300x300.jpg 300w, https:\/\/danfosal.com\/wp-content\/uploads\/2025\/05\/d1-8-4-150x150.jpg 150w, https:\/\/danfosal.com\/wp-content\/uploads\/2025\/05\/d1-8-4-768x768.jpg 768w, https:\/\/danfosal.com\/wp-content\/uploads\/2025\/05\/d1-8-4-12x12.jpg 12w, https:\/\/danfosal.com\/wp-content\/uploads\/2025\/05\/d1-8-4-430x430.jpg 430w, https:\/\/danfosal.com\/wp-content\/uploads\/2025\/05\/d1-8-4-700x700.jpg 700w, https:\/\/danfosal.com\/wp-content\/uploads\/2025\/05\/d1-8-4.jpg 1200w\" sizes=\"(max-width: 800px) 100vw, 800px\" \/>\t\t\t<\/a>\n\t\t<\/div>\n\t\t<div class=\"wd-cat-content hover-mask\">\n\t\t\t<h3 class=\"wd-entities-title\">\n\t\t\t\tPomp\u00eb Lavazhi\t\t\t<\/h3>\n\n\t\t\t\n\t\t\t\t\t<\/div>\n\n\t\t\t\t<a class=\"wd-fill category-link\" href=\"https:\/\/danfosal.com\/en\/product-category\/homecare\/pompe-lavazhi-shtepiake\/\" aria-label=\"Product category pompe-lavazhi-shtepiake\"><\/a>\n\t\t\t<\/div>\n\n\t<\/div>\n\t\t\t\t\t\t\t\t\t\t\t\t\t\n<div class=\"wd-col category-grid-item wd-cat cat-design-alt categories-with-shadow without-product-count wd-with-subcat product-category product first\" data-loop=\"5\">\n\t\n\t<div class=\"wd-cat-inner wrapp-category\">\n\t\t<div class=\"wd-cat-thumb category-image-wrapp\">\n\t\t\t<a class=\"wd-cat-image category-image\" href=\"https:\/\/danfosal.com\/en\/product-category\/homecare\/pastruese-xhamash-shtepiake\/\" aria-label=\"Category image\">\n\t\t\t\t\n\t\t\t\t<img loading=\"lazy\" decoding=\"async\" width=\"800\" height=\"800\" src=\"https:\/\/danfosal.com\/wp-content\/uploads\/2025\/05\/d1-10-6-800x800.jpg\" class=\"attachment-large size-large\" alt=\"\" srcset=\"https:\/\/danfosal.com\/wp-content\/uploads\/2025\/05\/d1-10-6-800x800.jpg 800w, https:\/\/danfosal.com\/wp-content\/uploads\/2025\/05\/d1-10-6-300x300.jpg 300w, https:\/\/danfosal.com\/wp-content\/uploads\/2025\/05\/d1-10-6-150x150.jpg 150w, https:\/\/danfosal.com\/wp-content\/uploads\/2025\/05\/d1-10-6-768x768.jpg 768w, https:\/\/danfosal.com\/wp-content\/uploads\/2025\/05\/d1-10-6-12x12.jpg 12w, https:\/\/danfosal.com\/wp-content\/uploads\/2025\/05\/d1-10-6-430x430.jpg 430w, https:\/\/danfosal.com\/wp-content\/uploads\/2025\/05\/d1-10-6-700x700.jpg 700w, https:\/\/danfosal.com\/wp-content\/uploads\/2025\/05\/d1-10-6.jpg 1200w\" sizes=\"(max-width: 800px) 100vw, 800px\" \/>\t\t\t<\/a>\n\t\t<\/div>\n\t\t<div class=\"wd-cat-content hover-mask\">\n\t\t\t<h3 class=\"wd-entities-title\">\n\t\t\t\tPastruese Xhamash\t\t\t<\/h3>\n\n\t\t\t\n\t\t\t\t\t<\/div>\n\n\t\t\t\t<a class=\"wd-fill category-link\" href=\"https:\/\/danfosal.com\/en\/product-category\/homecare\/pastruese-xhamash-shtepiake\/\" aria-label=\"Product category pastruese-xhamash-shtepiake\"><\/a>\n\t\t\t<\/div>\n\n\t<\/div>\n\t\t\t\t\t\t\t\t\t\t\t\t\t\n<div class=\"wd-col category-grid-item wd-cat cat-design-alt categories-with-shadow without-product-count wd-with-subcat product-category product\" data-loop=\"6\">\n\t\n\t<div class=\"wd-cat-inner wrapp-category\">\n\t\t<div class=\"wd-cat-thumb category-image-wrapp\">\n\t\t\t<a class=\"wd-cat-image category-image\" href=\"https:\/\/danfosal.com\/en\/product-category\/homecare\/pastruese-me-sprucim-shtepiake\/\" aria-label=\"Category image\">\n\t\t\t\t\n\t\t\t\t<img loading=\"lazy\" decoding=\"async\" width=\"800\" height=\"800\" src=\"https:\/\/danfosal.com\/wp-content\/uploads\/2025\/05\/d1-1-29-800x800.jpg\" class=\"attachment-large size-large\" alt=\"\" srcset=\"https:\/\/danfosal.com\/wp-content\/uploads\/2025\/05\/d1-1-29-800x800.jpg 800w, https:\/\/danfosal.com\/wp-content\/uploads\/2025\/05\/d1-1-29-300x300.jpg 300w, https:\/\/danfosal.com\/wp-content\/uploads\/2025\/05\/d1-1-29-150x150.jpg 150w, https:\/\/danfosal.com\/wp-content\/uploads\/2025\/05\/d1-1-29-768x768.jpg 768w, https:\/\/danfosal.com\/wp-content\/uploads\/2025\/05\/d1-1-29-12x12.jpg 12w, https:\/\/danfosal.com\/wp-content\/uploads\/2025\/05\/d1-1-29-430x430.jpg 430w, https:\/\/danfosal.com\/wp-content\/uploads\/2025\/05\/d1-1-29-700x700.jpg 700w, https:\/\/danfosal.com\/wp-content\/uploads\/2025\/05\/d1-1-29.jpg 1200w\" sizes=\"(max-width: 800px) 100vw, 800px\" \/>\t\t\t<\/a>\n\t\t<\/div>\n\t\t<div class=\"wd-cat-content hover-mask\">\n\t\t\t<h3 class=\"wd-entities-title\">\n\t\t\t\tPastruese me Sp\u00ebrkatje\t\t\t<\/h3>\n\n\t\t\t\n\t\t\t\t\t<\/div>\n\n\t\t\t\t<a class=\"wd-fill category-link\" href=\"https:\/\/danfosal.com\/en\/product-category\/homecare\/pastruese-me-sprucim-shtepiake\/\" aria-label=\"Product category pastruese-me-sprucim-shtepiake\"><\/a>\n\t\t\t<\/div>\n\n\t<\/div>\n\t\t\t\t\t\t\t\t\t\t\t\t\t\n<div class=\"wd-col category-grid-item wd-cat cat-design-alt categories-with-shadow without-product-count wd-with-subcat product-category product\" data-loop=\"7\">\n\t\n\t<div class=\"wd-cat-inner wrapp-category\">\n\t\t<div class=\"wd-cat-thumb category-image-wrapp\">\n\t\t\t<a class=\"wd-cat-image category-image\" href=\"https:\/\/danfosal.com\/en\/product-category\/homecare\/pastruese-me-avull-shtepiake\/\" aria-label=\"Category image\">\n\t\t\t\t\n\t\t\t\t<img loading=\"lazy\" decoding=\"async\" width=\"800\" height=\"800\" src=\"https:\/\/danfosal.com\/wp-content\/uploads\/2025\/05\/d1-6-13-800x800.jpg\" class=\"attachment-large size-large\" alt=\"\" srcset=\"https:\/\/danfosal.com\/wp-content\/uploads\/2025\/05\/d1-6-13-800x800.jpg 800w, https:\/\/danfosal.com\/wp-content\/uploads\/2025\/05\/d1-6-13-300x300.jpg 300w, https:\/\/danfosal.com\/wp-content\/uploads\/2025\/05\/d1-6-13-150x150.jpg 150w, https:\/\/danfosal.com\/wp-content\/uploads\/2025\/05\/d1-6-13-768x768.jpg 768w, https:\/\/danfosal.com\/wp-content\/uploads\/2025\/05\/d1-6-13-12x12.jpg 12w, https:\/\/danfosal.com\/wp-content\/uploads\/2025\/05\/d1-6-13-430x430.jpg 430w, https:\/\/danfosal.com\/wp-content\/uploads\/2025\/05\/d1-6-13-700x700.jpg 700w, https:\/\/danfosal.com\/wp-content\/uploads\/2025\/05\/d1-6-13.jpg 1200w\" sizes=\"(max-width: 800px) 100vw, 800px\" \/>\t\t\t<\/a>\n\t\t<\/div>\n\t\t<div class=\"wd-cat-content hover-mask\">\n\t\t\t<h3 class=\"wd-entities-title\">\n\t\t\t\tPastruese me Avull\t\t\t<\/h3>\n\n\t\t\t\n\t\t\t\t\t<\/div>\n\n\t\t\t\t<a class=\"wd-fill category-link\" href=\"https:\/\/danfosal.com\/en\/product-category\/homecare\/pastruese-me-avull-shtepiake\/\" aria-label=\"Product category pastruese-me-avull-shtepiake\"><\/a>\n\t\t\t<\/div>\n\n\t<\/div>\n\t\t\t\t\t\t\t\t\t\t\t\t\t\n<div class=\"wd-col category-grid-item wd-cat cat-design-alt categories-with-shadow without-product-count wd-with-subcat product-category product last\" data-loop=\"8\">\n\t\n\t<div class=\"wd-cat-inner wrapp-category\">\n\t\t<div class=\"wd-cat-thumb category-image-wrapp\">\n\t\t\t<a class=\"wd-cat-image category-image\" href=\"https:\/\/danfosal.com\/en\/product-category\/homecare\/pastruese-e-dyshemese-shtepiake\/\" aria-label=\"Category image\">\n\t\t\t\t\n\t\t\t\t<img loading=\"lazy\" decoding=\"async\" width=\"800\" height=\"800\" src=\"https:\/\/danfosal.com\/wp-content\/uploads\/2025\/05\/d1-9-1-800x800.jpg\" class=\"attachment-large size-large\" alt=\"\" srcset=\"https:\/\/danfosal.com\/wp-content\/uploads\/2025\/05\/d1-9-1-800x800.jpg 800w, https:\/\/danfosal.com\/wp-content\/uploads\/2025\/05\/d1-9-1-300x300.jpg 300w, https:\/\/danfosal.com\/wp-content\/uploads\/2025\/05\/d1-9-1-150x150.jpg 150w, https:\/\/danfosal.com\/wp-content\/uploads\/2025\/05\/d1-9-1-768x768.jpg 768w, https:\/\/danfosal.com\/wp-content\/uploads\/2025\/05\/d1-9-1-12x12.jpg 12w, https:\/\/danfosal.com\/wp-content\/uploads\/2025\/05\/d1-9-1-430x430.jpg 430w, https:\/\/danfosal.com\/wp-content\/uploads\/2025\/05\/d1-9-1-700x700.jpg 700w, https:\/\/danfosal.com\/wp-content\/uploads\/2025\/05\/d1-9-1.jpg 1200w\" sizes=\"(max-width: 800px) 100vw, 800px\" \/>\t\t\t<\/a>\n\t\t<\/div>\n\t\t<div class=\"wd-cat-content hover-mask\">\n\t\t\t<h3 class=\"wd-entities-title\">\n\t\t\t\tPastruese e Dyshemes\u00eb\t\t\t<\/h3>\n\n\t\t\t\n\t\t\t\t\t<\/div>\n\n\t\t\t\t<a class=\"wd-fill category-link\" href=\"https:\/\/danfosal.com\/en\/product-category\/homecare\/pastruese-e-dyshemese-shtepiake\/\" aria-label=\"Product category pastruese-e-dyshemese-shtepiake\"><\/a>\n\t\t\t<\/div>\n\n\t<\/div>\n\t\t\t\t\t\t\t\t\t\t\t\t\t\n<div class=\"wd-col category-grid-item wd-cat cat-design-alt categories-with-shadow without-product-count wd-with-subcat product-category product first\" data-loop=\"9\">\n\t\n\t<div class=\"wd-cat-inner wrapp-category\">\n\t\t<div class=\"wd-cat-thumb category-image-wrapp\">\n\t\t\t<a class=\"wd-cat-image category-image\" href=\"https:\/\/danfosal.com\/en\/product-category\/homecare\/pastruese-dhe-thithese-me-avull-shtepiake\/\" aria-label=\"Category image\">\n\t\t\t\t\n\t\t\t\t<img loading=\"lazy\" decoding=\"async\" width=\"800\" height=\"800\" src=\"https:\/\/danfosal.com\/wp-content\/uploads\/2025\/05\/d1-7-17-800x800.jpg\" class=\"attachment-large size-large\" alt=\"\" srcset=\"https:\/\/danfosal.com\/wp-content\/uploads\/2025\/05\/d1-7-17-800x800.jpg 800w, https:\/\/danfosal.com\/wp-content\/uploads\/2025\/05\/d1-7-17-300x300.jpg 300w, https:\/\/danfosal.com\/wp-content\/uploads\/2025\/05\/d1-7-17-150x150.jpg 150w, https:\/\/danfosal.com\/wp-content\/uploads\/2025\/05\/d1-7-17-768x768.jpg 768w, https:\/\/danfosal.com\/wp-content\/uploads\/2025\/05\/d1-7-17-12x12.jpg 12w, https:\/\/danfosal.com\/wp-content\/uploads\/2025\/05\/d1-7-17-430x430.jpg 430w, https:\/\/danfosal.com\/wp-content\/uploads\/2025\/05\/d1-7-17-700x700.jpg 700w, https:\/\/danfosal.com\/wp-content\/uploads\/2025\/05\/d1-7-17.jpg 1200w\" sizes=\"(max-width: 800px) 100vw, 800px\" \/>\t\t\t<\/a>\n\t\t<\/div>\n\t\t<div class=\"wd-cat-content hover-mask\">\n\t\t\t<h3 class=\"wd-entities-title\">\n\t\t\t\tPastruese dhe Thith\u00ebse me Avull\t\t\t<\/h3>\n\n\t\t\t\n\t\t\t\t\t<\/div>\n\n\t\t\t\t<a class=\"wd-fill category-link\" href=\"https:\/\/danfosal.com\/en\/product-category\/homecare\/pastruese-dhe-thithese-me-avull-shtepiake\/\" aria-label=\"Product category pastruese-dhe-thithese-me-avull-shtepiake\"><\/a>\n\t\t\t<\/div>\n\n\t<\/div>\n\t\t\t\t\t\t\t\t\t\t\t\t\t\n<div class=\"wd-col category-grid-item wd-cat cat-design-alt categories-with-shadow without-product-count wd-with-subcat product-category product\" data-loop=\"10\">\n\t\n\t<div class=\"wd-cat-inner wrapp-category\">\n\t\t<div class=\"wd-cat-thumb category-image-wrapp\">\n\t\t\t<a class=\"wd-cat-image category-image\" href=\"https:\/\/danfosal.com\/en\/product-category\/homecare\/fshese-siperfaqesh-shtepiake\/\" aria-label=\"Category image\">\n\t\t\t\t\n\t\t\t\t<img loading=\"lazy\" decoding=\"async\" width=\"800\" height=\"800\" src=\"https:\/\/danfosal.com\/wp-content\/uploads\/2025\/05\/d1-1-23-800x800.jpg\" class=\"attachment-large size-large\" alt=\"\" srcset=\"https:\/\/danfosal.com\/wp-content\/uploads\/2025\/05\/d1-1-23-800x800.jpg 800w, https:\/\/danfosal.com\/wp-content\/uploads\/2025\/05\/d1-1-23-300x300.jpg 300w, https:\/\/danfosal.com\/wp-content\/uploads\/2025\/05\/d1-1-23-150x150.jpg 150w, https:\/\/danfosal.com\/wp-content\/uploads\/2025\/05\/d1-1-23-768x768.jpg 768w, https:\/\/danfosal.com\/wp-content\/uploads\/2025\/05\/d1-1-23-12x12.jpg 12w, https:\/\/danfosal.com\/wp-content\/uploads\/2025\/05\/d1-1-23-430x430.jpg 430w, https:\/\/danfosal.com\/wp-content\/uploads\/2025\/05\/d1-1-23-700x700.jpg 700w, https:\/\/danfosal.com\/wp-content\/uploads\/2025\/05\/d1-1-23.jpg 1200w\" sizes=\"(max-width: 800px) 100vw, 800px\" \/>\t\t\t<\/a>\n\t\t<\/div>\n\t\t<div class=\"wd-cat-content hover-mask\">\n\t\t\t<h3 class=\"wd-entities-title\">\n\t\t\t\tFshes\u00eb Sip\u00ebrfaqesh\t\t\t<\/h3>\n\n\t\t\t\n\t\t\t\t\t<\/div>\n\n\t\t\t\t<a class=\"wd-fill category-link\" href=\"https:\/\/danfosal.com\/en\/product-category\/homecare\/fshese-siperfaqesh-shtepiake\/\" aria-label=\"Product category fshese-siperfaqesh-shtepiake\"><\/a>\n\t\t\t<\/div>\n\n\t<\/div>\n\t\t\t\t\t\t\t\t\t\t\t<\/div>\n\t\t\t\t<\/div>\n\t\t\t\t\t\t\t\t\t\t\t<\/div>\n\t\t\t\t<\/div>\n\t\t\t\t\t<\/div>\n\t\t\t\t<\/div>\n\t\t\t\t<\/div>","protected":false},"excerpt":{"rendered":"<p>Thith\u00ebse me Bateri Thith\u00ebse Elektrike Thith\u00ebse e Lag\u00ebsht e That\u00eb Pomp\u00eb Lavazhi Pastruese Xhamash Pastruese me Sp\u00ebrkatje Pastruese me Avull<\/p>","protected":false},"author":1,"featured_media":0,"parent":0,"menu_order":0,"comment_status":"closed","ping_status":"closed","template":"","meta":{"_crdt_document":"","footnotes":""},"class_list":["post-17038","page","type-page","status-publish","hentry"],"jetpack_sharing_enabled":true,"_links":{"self":[{"href":"https:\/\/danfosal.com\/en\/wp-json\/wp\/v2\/pages\/17038","targetHints":{"allow":["GET"]}}],"collection":[{"href":"https:\/\/danfosal.com\/en\/wp-json\/wp\/v2\/pages"}],"about":[{"href":"https:\/\/danfosal.com\/en\/wp-json\/wp\/v2\/types\/page"}],"author":[{"embeddable":true,"href":"https:\/\/danfosal.com\/en\/wp-json\/wp\/v2\/users\/1"}],"replies":[{"embeddable":true,"href":"https:\/\/danfosal.com\/en\/wp-json\/wp\/v2\/comments?post=17038"}],"version-history":[{"count":10,"href":"https:\/\/danfosal.com\/en\/wp-json\/wp\/v2\/pages\/17038\/revisions"}],"predecessor-version":[{"id":17083,"href":"https:\/\/danfosal.com\/en\/wp-json\/wp\/v2\/pages\/17038\/revisions\/17083"}],"wp:attachment":[{"href":"https:\/\/danfosal.com\/en\/wp-json\/wp\/v2\/media?parent=17038"}],"curies":[{"name":"wp","href":"https:\/\/api.w.org\/{rel}","templated":true}]}}