{"id":17052,"date":"2025-05-28T22:18:08","date_gmt":"2025-05-28T22:18:08","guid":{"rendered":"https:\/\/danfosal.com\/?page_id=17052"},"modified":"2025-05-29T22:37:14","modified_gmt":"2025-05-29T22:37:14","slug":"profesional-subcategory","status":"publish","type":"page","link":"https:\/\/danfosal.com\/en\/profesional-subcategory\/","title":{"rendered":"Profesional Subcategory"},"content":{"rendered":"<div data-elementor-type=\"wp-page\" data-elementor-id=\"17052\" class=\"elementor elementor-17052\">\n\t\t\t\t<div class=\"wd-negative-gap elementor-element elementor-element-820c526 e-flex e-con-boxed e-con e-parent\" data-id=\"820c526\" data-element_type=\"container\" data-e-type=\"container\">\n\t\t\t\t\t<div class=\"e-con-inner\">\n\t\t\t\t<div class=\"elementor-element elementor-element-0fe0e4e wd-width-100 wd-nav-accordion-mb-on elementor-widget elementor-widget-wd_product_categories\" data-id=\"0fe0e4e\" data-element_type=\"widget\" data-e-type=\"widget\" data-widget_type=\"wd_product_categories.default\">\n\t\t\t\t<div class=\"elementor-widget-container\">\n\t\t\t\t\t\t\t\t\t\t\t\t\t\t\n\t\t\t\t<div class=\"wd-cats-element\">\n\t\t\t\t\t<div class=\"wd-grid-g wd-cats products woocommerce columns-5 elements-grid\" style=\"--wd-col-lg:5;--wd-col-md:4;--wd-col-sm:2;--wd-gap-lg:20px;--wd-gap-sm:10px;\">\n\t\t\t\t\t\t\t\t\t\t\t\t\t\n<div class=\"wd-col category-grid-item wd-cat cat-design-alt without-product-count wd-with-subcat product-category product first\" data-loop=\"1\">\n\t\n\t<div class=\"wd-cat-inner wrapp-category\">\n\t\t<div class=\"wd-cat-thumb category-image-wrapp\">\n\t\t\t<a class=\"wd-cat-image category-image\" href=\"https:\/\/danfosal.com\/en\/product-category\/professional\/thithese-e-thate-professional\/\" aria-label=\"Category image\">\n\t\t\t\t\n\t\t\t\t<img fetchpriority=\"high\" decoding=\"async\" width=\"800\" height=\"800\" src=\"https:\/\/danfosal.com\/wp-content\/uploads\/2025\/05\/d1-7-6-800x800.jpg\" class=\"attachment-large size-large\" alt=\"vacuum-sub\" srcset=\"https:\/\/danfosal.com\/wp-content\/uploads\/2025\/05\/d1-7-6-800x800.jpg 800w, https:\/\/danfosal.com\/wp-content\/uploads\/2025\/05\/d1-7-6-300x300.jpg 300w, https:\/\/danfosal.com\/wp-content\/uploads\/2025\/05\/d1-7-6-150x150.jpg 150w, https:\/\/danfosal.com\/wp-content\/uploads\/2025\/05\/d1-7-6-768x768.jpg 768w, https:\/\/danfosal.com\/wp-content\/uploads\/2025\/05\/d1-7-6-12x12.jpg 12w, https:\/\/danfosal.com\/wp-content\/uploads\/2025\/05\/d1-7-6-430x430.jpg 430w, https:\/\/danfosal.com\/wp-content\/uploads\/2025\/05\/d1-7-6-700x700.jpg 700w, https:\/\/danfosal.com\/wp-content\/uploads\/2025\/05\/d1-7-6.jpg 1200w\" sizes=\"(max-width: 800px) 100vw, 800px\" \/>\t\t\t<\/a>\n\t\t<\/div>\n\t\t<div class=\"wd-cat-content hover-mask\">\n\t\t\t<h3 class=\"wd-entities-title\">\n\t\t\t\tThith\u00ebse e Lag\u00ebsht e That\u00eb\t\t\t<\/h3>\n\n\t\t\t\n\t\t\t\t\t<\/div>\n\n\t\t\t\t<a class=\"wd-fill category-link\" href=\"https:\/\/danfosal.com\/en\/product-category\/professional\/thithese-e-thate-professional\/\" aria-label=\"Product category thithese-e-thate-professional\"><\/a>\n\t\t\t<\/div>\n\n\t<\/div>\n\t\t\t\t\t\t\t\t\t\t\t\t\t\n<div class=\"wd-col category-grid-item wd-cat cat-design-alt without-product-count wd-with-subcat product-category product\" data-loop=\"2\">\n\t\n\t<div class=\"wd-cat-inner wrapp-category\">\n\t\t<div class=\"wd-cat-thumb category-image-wrapp\">\n\t\t\t<a class=\"wd-cat-image category-image\" href=\"https:\/\/danfosal.com\/en\/product-category\/professional\/pompe-lavazhi-professional\/\" aria-label=\"Category image\">\n\t\t\t\t\n\t\t\t\t<img decoding=\"async\" width=\"800\" height=\"800\" src=\"https:\/\/danfosal.com\/wp-content\/uploads\/2025\/05\/d1-22-800x800.jpg\" class=\"attachment-large size-large\" alt=\"pressure-washer\" srcset=\"https:\/\/danfosal.com\/wp-content\/uploads\/2025\/05\/d1-22-800x800.jpg 800w, https:\/\/danfosal.com\/wp-content\/uploads\/2025\/05\/d1-22-300x300.jpg 300w, https:\/\/danfosal.com\/wp-content\/uploads\/2025\/05\/d1-22-150x150.jpg 150w, https:\/\/danfosal.com\/wp-content\/uploads\/2025\/05\/d1-22-768x768.jpg 768w, https:\/\/danfosal.com\/wp-content\/uploads\/2025\/05\/d1-22-12x12.jpg 12w, https:\/\/danfosal.com\/wp-content\/uploads\/2025\/05\/d1-22-430x430.jpg 430w, https:\/\/danfosal.com\/wp-content\/uploads\/2025\/05\/d1-22-700x700.jpg 700w, https:\/\/danfosal.com\/wp-content\/uploads\/2025\/05\/d1-22.jpg 1200w\" sizes=\"(max-width: 800px) 100vw, 800px\" \/>\t\t\t<\/a>\n\t\t<\/div>\n\t\t<div class=\"wd-cat-content hover-mask\">\n\t\t\t<h3 class=\"wd-entities-title\">\n\t\t\t\tPomp\u00eb Lavazhi\t\t\t<\/h3>\n\n\t\t\t\n\t\t\t\t\t<\/div>\n\n\t\t\t\t<a class=\"wd-fill category-link\" href=\"https:\/\/danfosal.com\/en\/product-category\/professional\/pompe-lavazhi-professional\/\" aria-label=\"Product category pompe-lavazhi-professional\"><\/a>\n\t\t\t<\/div>\n\n\t<\/div>\n\t\t\t\t\t\t\t\t\t\t\t\t\t\n<div class=\"wd-col category-grid-item wd-cat cat-design-alt without-product-count wd-with-subcat product-category product\" data-loop=\"3\">\n\t\n\t<div class=\"wd-cat-inner wrapp-category\">\n\t\t<div class=\"wd-cat-thumb category-image-wrapp\">\n\t\t\t<a class=\"wd-cat-image category-image\" href=\"https:\/\/danfosal.com\/en\/product-category\/professional\/pastrues-xhamash-professional\/\" aria-label=\"Category image\">\n\t\t\t\t\n\t\t\t\t<img decoding=\"async\" width=\"800\" height=\"800\" src=\"https:\/\/danfosal.com\/wp-content\/uploads\/2025\/05\/d1-62-800x800.jpg\" class=\"attachment-large size-large\" alt=\"\" srcset=\"https:\/\/danfosal.com\/wp-content\/uploads\/2025\/05\/d1-62-800x800.jpg 800w, https:\/\/danfosal.com\/wp-content\/uploads\/2025\/05\/d1-62-300x300.jpg 300w, https:\/\/danfosal.com\/wp-content\/uploads\/2025\/05\/d1-62-150x150.jpg 150w, https:\/\/danfosal.com\/wp-content\/uploads\/2025\/05\/d1-62-768x768.jpg 768w, https:\/\/danfosal.com\/wp-content\/uploads\/2025\/05\/d1-62-12x12.jpg 12w, https:\/\/danfosal.com\/wp-content\/uploads\/2025\/05\/d1-62-430x430.jpg 430w, https:\/\/danfosal.com\/wp-content\/uploads\/2025\/05\/d1-62-700x700.jpg 700w, https:\/\/danfosal.com\/wp-content\/uploads\/2025\/05\/d1-62.jpg 1200w\" sizes=\"(max-width: 800px) 100vw, 800px\" \/>\t\t\t<\/a>\n\t\t<\/div>\n\t\t<div class=\"wd-cat-content hover-mask\">\n\t\t\t<h3 class=\"wd-entities-title\">\n\t\t\t\tPastruese Xhamash\t\t\t<\/h3>\n\n\t\t\t\n\t\t\t\t\t<\/div>\n\n\t\t\t\t<a class=\"wd-fill category-link\" href=\"https:\/\/danfosal.com\/en\/product-category\/professional\/pastrues-xhamash-professional\/\" aria-label=\"Product category pastrues-xhamash-professional\"><\/a>\n\t\t\t<\/div>\n\n\t<\/div>\n\t\t\t\t\t\t\t\t\t\t\t\t\t\n<div class=\"wd-col category-grid-item wd-cat cat-design-alt without-product-count wd-with-subcat product-category product last\" data-loop=\"4\">\n\t\n\t<div class=\"wd-cat-inner wrapp-category\">\n\t\t<div class=\"wd-cat-thumb category-image-wrapp\">\n\t\t\t<a class=\"wd-cat-image category-image\" href=\"https:\/\/danfosal.com\/en\/product-category\/professional\/pastrues-siperfaqesh-professional\/\" aria-label=\"Category image\">\n\t\t\t\t\n\t\t\t\t<img loading=\"lazy\" decoding=\"async\" width=\"690\" height=\"800\" src=\"https:\/\/danfosal.com\/wp-content\/uploads\/2025\/05\/b85-690x800.png\" class=\"attachment-large size-large\" alt=\"\" srcset=\"https:\/\/danfosal.com\/wp-content\/uploads\/2025\/05\/b85-690x800.png 690w, https:\/\/danfosal.com\/wp-content\/uploads\/2025\/05\/b85-150x174.png 150w, https:\/\/danfosal.com\/wp-content\/uploads\/2025\/05\/b85-700x812.png 700w, https:\/\/danfosal.com\/wp-content\/uploads\/2025\/05\/b85-259x300.png 259w, https:\/\/danfosal.com\/wp-content\/uploads\/2025\/05\/b85-768x891.png 768w, https:\/\/danfosal.com\/wp-content\/uploads\/2025\/05\/b85-10x12.png 10w, https:\/\/danfosal.com\/wp-content\/uploads\/2025\/05\/b85.png 862w\" sizes=\"(max-width: 690px) 100vw, 690px\" \/>\t\t\t<\/a>\n\t\t<\/div>\n\t\t<div class=\"wd-cat-content hover-mask\">\n\t\t\t<h3 class=\"wd-entities-title\">\n\t\t\t\tPastruese Sip\u00ebrfaqesh\t\t\t<\/h3>\n\n\t\t\t\n\t\t\t\t\t<\/div>\n\n\t\t\t\t<a class=\"wd-fill category-link\" href=\"https:\/\/danfosal.com\/en\/product-category\/professional\/pastrues-siperfaqesh-professional\/\" aria-label=\"Product category pastrues-siperfaqesh-professional\"><\/a>\n\t\t\t<\/div>\n\n\t<\/div>\n\t\t\t\t\t\t\t\t\t\t\t\t\t\n<div class=\"wd-col category-grid-item wd-cat cat-design-alt without-product-count wd-with-subcat product-category product first\" data-loop=\"5\">\n\t\n\t<div class=\"wd-cat-inner wrapp-category\">\n\t\t<div class=\"wd-cat-thumb category-image-wrapp\">\n\t\t\t<a class=\"wd-cat-image category-image\" href=\"https:\/\/danfosal.com\/en\/product-category\/professional\/pastrues-me-sprucim-professional\/\" aria-label=\"Category image\">\n\t\t\t\t\n\t\t\t\t<img loading=\"lazy\" decoding=\"async\" width=\"800\" height=\"800\" src=\"https:\/\/danfosal.com\/wp-content\/uploads\/2025\/05\/d1-36-800x800.jpg\" class=\"attachment-large size-large\" alt=\"\" srcset=\"https:\/\/danfosal.com\/wp-content\/uploads\/2025\/05\/d1-36-800x800.jpg 800w, https:\/\/danfosal.com\/wp-content\/uploads\/2025\/05\/d1-36-300x300.jpg 300w, https:\/\/danfosal.com\/wp-content\/uploads\/2025\/05\/d1-36-150x150.jpg 150w, https:\/\/danfosal.com\/wp-content\/uploads\/2025\/05\/d1-36-768x768.jpg 768w, https:\/\/danfosal.com\/wp-content\/uploads\/2025\/05\/d1-36-12x12.jpg 12w, https:\/\/danfosal.com\/wp-content\/uploads\/2025\/05\/d1-36-430x430.jpg 430w, https:\/\/danfosal.com\/wp-content\/uploads\/2025\/05\/d1-36-700x700.jpg 700w, https:\/\/danfosal.com\/wp-content\/uploads\/2025\/05\/d1-36.jpg 1200w\" sizes=\"(max-width: 800px) 100vw, 800px\" \/>\t\t\t<\/a>\n\t\t<\/div>\n\t\t<div class=\"wd-cat-content hover-mask\">\n\t\t\t<h3 class=\"wd-entities-title\">\n\t\t\t\tPastruese me Sp\u00ebrkatje\t\t\t<\/h3>\n\n\t\t\t\n\t\t\t\t\t<\/div>\n\n\t\t\t\t<a class=\"wd-fill category-link\" href=\"https:\/\/danfosal.com\/en\/product-category\/professional\/pastrues-me-sprucim-professional\/\" aria-label=\"Product category pastrues-me-sprucim-professional\"><\/a>\n\t\t\t<\/div>\n\n\t<\/div>\n\t\t\t\t\t\t\t\t\t\t\t\t\t\n<div class=\"wd-col category-grid-item wd-cat cat-design-alt without-product-count wd-with-subcat product-category product\" data-loop=\"6\">\n\t\n\t<div class=\"wd-cat-inner wrapp-category\">\n\t\t<div class=\"wd-cat-thumb category-image-wrapp\">\n\t\t\t<a class=\"wd-cat-image category-image\" href=\"https:\/\/danfosal.com\/en\/product-category\/professional\/pastrues-me-avull-professional\/\" aria-label=\"Category image\">\n\t\t\t\t\n\t\t\t\t<img loading=\"lazy\" decoding=\"async\" width=\"800\" height=\"800\" src=\"https:\/\/danfosal.com\/wp-content\/uploads\/2025\/05\/d1-10-4-800x800.jpg\" class=\"attachment-large size-large\" alt=\"\" srcset=\"https:\/\/danfosal.com\/wp-content\/uploads\/2025\/05\/d1-10-4-800x800.jpg 800w, https:\/\/danfosal.com\/wp-content\/uploads\/2025\/05\/d1-10-4-300x300.jpg 300w, https:\/\/danfosal.com\/wp-content\/uploads\/2025\/05\/d1-10-4-150x150.jpg 150w, https:\/\/danfosal.com\/wp-content\/uploads\/2025\/05\/d1-10-4-768x768.jpg 768w, https:\/\/danfosal.com\/wp-content\/uploads\/2025\/05\/d1-10-4-12x12.jpg 12w, https:\/\/danfosal.com\/wp-content\/uploads\/2025\/05\/d1-10-4-430x430.jpg 430w, https:\/\/danfosal.com\/wp-content\/uploads\/2025\/05\/d1-10-4-700x700.jpg 700w, https:\/\/danfosal.com\/wp-content\/uploads\/2025\/05\/d1-10-4.jpg 1200w\" sizes=\"(max-width: 800px) 100vw, 800px\" \/>\t\t\t<\/a>\n\t\t<\/div>\n\t\t<div class=\"wd-cat-content hover-mask\">\n\t\t\t<h3 class=\"wd-entities-title\">\n\t\t\t\tPastruese me Avull\t\t\t<\/h3>\n\n\t\t\t\n\t\t\t\t\t<\/div>\n\n\t\t\t\t<a class=\"wd-fill category-link\" href=\"https:\/\/danfosal.com\/en\/product-category\/professional\/pastrues-me-avull-professional\/\" aria-label=\"Product category pastrues-me-avull-professional\"><\/a>\n\t\t\t<\/div>\n\n\t<\/div>\n\t\t\t\t\t\t\t\t\t\t\t\t\t\n<div class=\"wd-col category-grid-item wd-cat cat-design-alt without-product-count wd-with-subcat product-category product\" data-loop=\"7\">\n\t\n\t<div class=\"wd-cat-inner wrapp-category\">\n\t\t<div class=\"wd-cat-thumb category-image-wrapp\">\n\t\t\t<a class=\"wd-cat-image category-image\" href=\"https:\/\/danfosal.com\/en\/product-category\/professional\/fshese-siperfaqesh-professional\/\" aria-label=\"Category image\">\n\t\t\t\t\n\t\t\t\t<img loading=\"lazy\" decoding=\"async\" width=\"800\" height=\"800\" src=\"https:\/\/danfosal.com\/wp-content\/uploads\/2025\/05\/d1-30-800x800.jpg\" class=\"attachment-large size-large\" alt=\"\" srcset=\"https:\/\/danfosal.com\/wp-content\/uploads\/2025\/05\/d1-30-800x800.jpg 800w, https:\/\/danfosal.com\/wp-content\/uploads\/2025\/05\/d1-30-300x300.jpg 300w, https:\/\/danfosal.com\/wp-content\/uploads\/2025\/05\/d1-30-150x150.jpg 150w, https:\/\/danfosal.com\/wp-content\/uploads\/2025\/05\/d1-30-768x768.jpg 768w, https:\/\/danfosal.com\/wp-content\/uploads\/2025\/05\/d1-30-12x12.jpg 12w, https:\/\/danfosal.com\/wp-content\/uploads\/2025\/05\/d1-30-430x430.jpg 430w, https:\/\/danfosal.com\/wp-content\/uploads\/2025\/05\/d1-30-700x700.jpg 700w, https:\/\/danfosal.com\/wp-content\/uploads\/2025\/05\/d1-30.jpg 1200w\" sizes=\"(max-width: 800px) 100vw, 800px\" \/>\t\t\t<\/a>\n\t\t<\/div>\n\t\t<div class=\"wd-cat-content hover-mask\">\n\t\t\t<h3 class=\"wd-entities-title\">\n\t\t\t\tFshes\u00eb Sip\u00ebrfaqesh\t\t\t<\/h3>\n\n\t\t\t\n\t\t\t\t\t<\/div>\n\n\t\t\t\t<a class=\"wd-fill category-link\" href=\"https:\/\/danfosal.com\/en\/product-category\/professional\/fshese-siperfaqesh-professional\/\" aria-label=\"Product category fshese-siperfaqesh-professional\"><\/a>\n\t\t\t<\/div>\n\n\t<\/div>\n\t\t\t\t\t\t\t\t\t\t\t\t\t\n<div class=\"wd-col category-grid-item wd-cat cat-design-alt without-product-count wd-with-subcat product-category product last\" data-loop=\"8\">\n\t\n\t<div class=\"wd-cat-inner wrapp-category\">\n\t\t<div class=\"wd-cat-thumb category-image-wrapp\">\n\t\t\t<a class=\"wd-cat-image category-image\" href=\"https:\/\/danfosal.com\/en\/product-category\/professional\/fshese-elektrike-professional\/\" aria-label=\"Category image\">\n\t\t\t\t\n\t\t\t\t<img loading=\"lazy\" decoding=\"async\" width=\"800\" height=\"800\" src=\"https:\/\/danfosal.com\/wp-content\/uploads\/2025\/05\/d1-4-25-800x800.jpg\" class=\"attachment-large size-large\" alt=\"\" srcset=\"https:\/\/danfosal.com\/wp-content\/uploads\/2025\/05\/d1-4-25-800x800.jpg 800w, https:\/\/danfosal.com\/wp-content\/uploads\/2025\/05\/d1-4-25-300x300.jpg 300w, https:\/\/danfosal.com\/wp-content\/uploads\/2025\/05\/d1-4-25-150x150.jpg 150w, https:\/\/danfosal.com\/wp-content\/uploads\/2025\/05\/d1-4-25-768x768.jpg 768w, https:\/\/danfosal.com\/wp-content\/uploads\/2025\/05\/d1-4-25-12x12.jpg 12w, https:\/\/danfosal.com\/wp-content\/uploads\/2025\/05\/d1-4-25-430x430.jpg 430w, https:\/\/danfosal.com\/wp-content\/uploads\/2025\/05\/d1-4-25-700x700.jpg 700w, https:\/\/danfosal.com\/wp-content\/uploads\/2025\/05\/d1-4-25.jpg 1200w\" sizes=\"(max-width: 800px) 100vw, 800px\" \/>\t\t\t<\/a>\n\t\t<\/div>\n\t\t<div class=\"wd-cat-content hover-mask\">\n\t\t\t<h3 class=\"wd-entities-title\">\n\t\t\t\tFshes\u00eb Elektrike\t\t\t<\/h3>\n\n\t\t\t\n\t\t\t\t\t<\/div>\n\n\t\t\t\t<a class=\"wd-fill category-link\" href=\"https:\/\/danfosal.com\/en\/product-category\/professional\/fshese-elektrike-professional\/\" aria-label=\"Product category fshese-elektrike-professional\"><\/a>\n\t\t\t<\/div>\n\n\t<\/div>\n\t\t\t\t\t\t\t\t\t\t\t<\/div>\n\t\t\t\t<\/div>\n\t\t\t\t\t\t\t\t\t\t\t<\/div>\n\t\t\t\t<\/div>\n\t\t\t\t\t<\/div>\n\t\t\t\t<\/div>\n\t\t\t\t<\/div>","protected":false},"excerpt":{"rendered":"<p>Thith\u00ebse e Lag\u00ebsht e That\u00eb Pomp\u00eb Lavazhi Pastruese Xhamash Pastruese Sip\u00ebrfaqesh Pastruese me Sp\u00ebrkatje Pastruese me Avull Fshes\u00eb Sip\u00ebrfaqesh Fshes\u00eb<\/p>","protected":false},"author":1,"featured_media":0,"parent":0,"menu_order":0,"comment_status":"closed","ping_status":"closed","template":"","meta":{"_crdt_document":"","footnotes":""},"class_list":["post-17052","page","type-page","status-publish","hentry"],"jetpack_sharing_enabled":true,"_links":{"self":[{"href":"https:\/\/danfosal.com\/en\/wp-json\/wp\/v2\/pages\/17052","targetHints":{"allow":["GET"]}}],"collection":[{"href":"https:\/\/danfosal.com\/en\/wp-json\/wp\/v2\/pages"}],"about":[{"href":"https:\/\/danfosal.com\/en\/wp-json\/wp\/v2\/types\/page"}],"author":[{"embeddable":true,"href":"https:\/\/danfosal.com\/en\/wp-json\/wp\/v2\/users\/1"}],"replies":[{"embeddable":true,"href":"https:\/\/danfosal.com\/en\/wp-json\/wp\/v2\/comments?post=17052"}],"version-history":[{"count":13,"href":"https:\/\/danfosal.com\/en\/wp-json\/wp\/v2\/pages\/17052\/revisions"}],"predecessor-version":[{"id":17114,"href":"https:\/\/danfosal.com\/en\/wp-json\/wp\/v2\/pages\/17052\/revisions\/17114"}],"wp:attachment":[{"href":"https:\/\/danfosal.com\/en\/wp-json\/wp\/v2\/media?parent=17052"}],"curies":[{"name":"wp","href":"https:\/\/api.w.org\/{rel}","templated":true}]}}