{"id":17115,"date":"2025-05-29T22:38:16","date_gmt":"2025-05-29T22:38:16","guid":{"rendered":"https:\/\/danfosal.com\/?page_id=17115"},"modified":"2025-05-30T12:57:07","modified_gmt":"2025-05-30T12:57:07","slug":"karcher-subcategory","status":"publish","type":"page","link":"https:\/\/danfosal.com\/en\/karcher-subcategory\/","title":{"rendered":"Karcher Subcategory"},"content":{"rendered":"<div data-elementor-type=\"wp-page\" data-elementor-id=\"17115\" class=\"elementor elementor-17115\">\n\t\t\t\t<div class=\"wd-negative-gap elementor-element elementor-element-1a4e0fd e-flex e-con-boxed e-con e-parent\" data-id=\"1a4e0fd\" data-element_type=\"container\" data-e-type=\"container\">\n\t\t\t\t\t<div class=\"e-con-inner\">\n\t\t<div class=\"elementor-element elementor-element-bf3935a e-grid e-con-full e-con e-child\" data-id=\"bf3935a\" data-element_type=\"container\" data-e-type=\"container\">\n\t\t<div class=\"elementor-element elementor-element-701d49d e-con-full e-transform e-flex e-con e-child\" data-id=\"701d49d\" data-element_type=\"container\" data-e-type=\"container\" data-settings=\"{&quot;_transform_scale_effect_hover&quot;:{&quot;unit&quot;:&quot;px&quot;,&quot;size&quot;:1.1,&quot;sizes&quot;:[]},&quot;_transform_scale_effect_hover_tablet&quot;:{&quot;unit&quot;:&quot;px&quot;,&quot;size&quot;:&quot;&quot;,&quot;sizes&quot;:[]},&quot;_transform_scale_effect_hover_mobile&quot;:{&quot;unit&quot;:&quot;px&quot;,&quot;size&quot;:&quot;&quot;,&quot;sizes&quot;:[]}}\">\n\t\t\t\t<div class=\"elementor-element elementor-element-71f130d elementor-widget elementor-widget-image\" data-id=\"71f130d\" data-element_type=\"widget\" data-e-type=\"widget\" data-widget_type=\"image.default\">\n\t\t\t\t<div class=\"elementor-widget-container\">\n\t\t\t\t\t\t\t\t\t\t\t\t\t\t\t\t<a href=\"\/en\/product-category\/professional\/thithese-e-thate-professional\/?filtering=1&#038;filter_product_brand=99\">\n\t\t\t\t\t\t\t<img fetchpriority=\"high\" decoding=\"async\" width=\"800\" height=\"800\" src=\"https:\/\/danfosal.com\/wp-content\/uploads\/2025\/05\/d1-7-6-800x800.jpg\" class=\"attachment-large size-large wp-image-16461\" alt=\"vacuum-sub\" srcset=\"https:\/\/danfosal.com\/wp-content\/uploads\/2025\/05\/d1-7-6-800x800.jpg 800w, https:\/\/danfosal.com\/wp-content\/uploads\/2025\/05\/d1-7-6-300x300.jpg 300w, https:\/\/danfosal.com\/wp-content\/uploads\/2025\/05\/d1-7-6-150x150.jpg 150w, https:\/\/danfosal.com\/wp-content\/uploads\/2025\/05\/d1-7-6-768x768.jpg 768w, https:\/\/danfosal.com\/wp-content\/uploads\/2025\/05\/d1-7-6-12x12.jpg 12w, https:\/\/danfosal.com\/wp-content\/uploads\/2025\/05\/d1-7-6-430x430.jpg 430w, https:\/\/danfosal.com\/wp-content\/uploads\/2025\/05\/d1-7-6-700x700.jpg 700w, https:\/\/danfosal.com\/wp-content\/uploads\/2025\/05\/d1-7-6.jpg 1200w\" sizes=\"(max-width: 800px) 100vw, 800px\" \/>\t\t\t\t\t\t\t\t<\/a>\n\t\t\t\t\t\t\t\t\t\t\t\t\t\t\t<\/div>\n\t\t\t\t<\/div>\n\t\t\t\t<div class=\"elementor-element elementor-element-8947901 elementor-widget elementor-widget-heading\" data-id=\"8947901\" data-element_type=\"widget\" data-e-type=\"widget\" data-widget_type=\"heading.default\">\n\t\t\t\t<div class=\"elementor-widget-container\">\n\t\t\t\t\t<h2 class=\"elementor-heading-title elementor-size-default\">Thith\u00ebse e Lag\u00ebsht e That\u00eb<\/h2>\t\t\t\t<\/div>\n\t\t\t\t<\/div>\n\t\t\t\t<\/div>\n\t\t<div class=\"elementor-element elementor-element-d972969 e-con-full e-transform e-flex e-con e-child\" data-id=\"d972969\" data-element_type=\"container\" data-e-type=\"container\" data-settings=\"{&quot;_transform_scale_effect_hover&quot;:{&quot;unit&quot;:&quot;px&quot;,&quot;size&quot;:1.1,&quot;sizes&quot;:[]},&quot;_transform_scale_effect_hover_tablet&quot;:{&quot;unit&quot;:&quot;px&quot;,&quot;size&quot;:&quot;&quot;,&quot;sizes&quot;:[]},&quot;_transform_scale_effect_hover_mobile&quot;:{&quot;unit&quot;:&quot;px&quot;,&quot;size&quot;:&quot;&quot;,&quot;sizes&quot;:[]}}\">\n\t\t\t\t<div class=\"elementor-element elementor-element-4b10ccd elementor-widget elementor-widget-image\" data-id=\"4b10ccd\" data-element_type=\"widget\" data-e-type=\"widget\" data-widget_type=\"image.default\">\n\t\t\t\t<div class=\"elementor-widget-container\">\n\t\t\t\t\t\t\t\t\t\t\t\t\t\t\t\t<a href=\"\/en\/product-category\/professional\/pompe-lavazhi-professional\/?filtering=1&#038;filter_product_brand=99\">\n\t\t\t\t\t\t\t<img decoding=\"async\" width=\"800\" height=\"800\" src=\"https:\/\/danfosal.com\/wp-content\/uploads\/2025\/05\/d1-22-800x800.jpg\" class=\"attachment-large size-large wp-image-16403\" alt=\"pressure-washer\" srcset=\"https:\/\/danfosal.com\/wp-content\/uploads\/2025\/05\/d1-22-800x800.jpg 800w, https:\/\/danfosal.com\/wp-content\/uploads\/2025\/05\/d1-22-300x300.jpg 300w, https:\/\/danfosal.com\/wp-content\/uploads\/2025\/05\/d1-22-150x150.jpg 150w, https:\/\/danfosal.com\/wp-content\/uploads\/2025\/05\/d1-22-768x768.jpg 768w, https:\/\/danfosal.com\/wp-content\/uploads\/2025\/05\/d1-22-12x12.jpg 12w, https:\/\/danfosal.com\/wp-content\/uploads\/2025\/05\/d1-22-430x430.jpg 430w, https:\/\/danfosal.com\/wp-content\/uploads\/2025\/05\/d1-22-700x700.jpg 700w, https:\/\/danfosal.com\/wp-content\/uploads\/2025\/05\/d1-22.jpg 1200w\" sizes=\"(max-width: 800px) 100vw, 800px\" \/>\t\t\t\t\t\t\t\t<\/a>\n\t\t\t\t\t\t\t\t\t\t\t\t\t\t\t<\/div>\n\t\t\t\t<\/div>\n\t\t\t\t<div class=\"elementor-element elementor-element-f46b8cc elementor-widget elementor-widget-heading\" data-id=\"f46b8cc\" data-element_type=\"widget\" data-e-type=\"widget\" data-widget_type=\"heading.default\">\n\t\t\t\t<div class=\"elementor-widget-container\">\n\t\t\t\t\t<h2 class=\"elementor-heading-title elementor-size-default\">Pomp\u00eb Lavazhi<\/h2>\t\t\t\t<\/div>\n\t\t\t\t<\/div>\n\t\t\t\t<\/div>\n\t\t<div class=\"elementor-element elementor-element-9e560ac e-con-full e-transform e-flex e-con e-child\" data-id=\"9e560ac\" data-element_type=\"container\" data-e-type=\"container\" data-settings=\"{&quot;_transform_scale_effect_hover&quot;:{&quot;unit&quot;:&quot;px&quot;,&quot;size&quot;:1.1,&quot;sizes&quot;:[]},&quot;_transform_scale_effect_hover_tablet&quot;:{&quot;unit&quot;:&quot;px&quot;,&quot;size&quot;:&quot;&quot;,&quot;sizes&quot;:[]},&quot;_transform_scale_effect_hover_mobile&quot;:{&quot;unit&quot;:&quot;px&quot;,&quot;size&quot;:&quot;&quot;,&quot;sizes&quot;:[]}}\">\n\t\t\t\t<div class=\"elementor-element elementor-element-6236b3e elementor-widget elementor-widget-image\" data-id=\"6236b3e\" data-element_type=\"widget\" data-e-type=\"widget\" data-widget_type=\"image.default\">\n\t\t\t\t<div class=\"elementor-widget-container\">\n\t\t\t\t\t\t\t\t\t\t\t\t\t\t\t\t<a href=\"\/en\/product-category\/professional\/pastrues-xhamash-professional\/?filtering=1&#038;filter_product_brand=99\">\n\t\t\t\t\t\t\t<img decoding=\"async\" width=\"800\" height=\"800\" src=\"https:\/\/danfosal.com\/wp-content\/uploads\/2025\/05\/d1-62-800x800.jpg\" class=\"attachment-large size-large wp-image-16670\" alt=\"\" srcset=\"https:\/\/danfosal.com\/wp-content\/uploads\/2025\/05\/d1-62-800x800.jpg 800w, https:\/\/danfosal.com\/wp-content\/uploads\/2025\/05\/d1-62-300x300.jpg 300w, https:\/\/danfosal.com\/wp-content\/uploads\/2025\/05\/d1-62-150x150.jpg 150w, https:\/\/danfosal.com\/wp-content\/uploads\/2025\/05\/d1-62-768x768.jpg 768w, https:\/\/danfosal.com\/wp-content\/uploads\/2025\/05\/d1-62-12x12.jpg 12w, https:\/\/danfosal.com\/wp-content\/uploads\/2025\/05\/d1-62-430x430.jpg 430w, https:\/\/danfosal.com\/wp-content\/uploads\/2025\/05\/d1-62-700x700.jpg 700w, https:\/\/danfosal.com\/wp-content\/uploads\/2025\/05\/d1-62.jpg 1200w\" sizes=\"(max-width: 800px) 100vw, 800px\" \/>\t\t\t\t\t\t\t\t<\/a>\n\t\t\t\t\t\t\t\t\t\t\t\t\t\t\t<\/div>\n\t\t\t\t<\/div>\n\t\t\t\t<div class=\"elementor-element elementor-element-c4bf1a7 elementor-widget elementor-widget-heading\" data-id=\"c4bf1a7\" data-element_type=\"widget\" data-e-type=\"widget\" data-widget_type=\"heading.default\">\n\t\t\t\t<div class=\"elementor-widget-container\">\n\t\t\t\t\t<h2 class=\"elementor-heading-title elementor-size-default\">Pastruese Xhamash<\/h2>\t\t\t\t<\/div>\n\t\t\t\t<\/div>\n\t\t\t\t<\/div>\n\t\t<div class=\"elementor-element elementor-element-0329687 e-con-full e-transform e-flex e-con e-child\" data-id=\"0329687\" data-element_type=\"container\" data-e-type=\"container\" data-settings=\"{&quot;_transform_scale_effect_hover&quot;:{&quot;unit&quot;:&quot;px&quot;,&quot;size&quot;:1.1,&quot;sizes&quot;:[]},&quot;_transform_scale_effect_hover_tablet&quot;:{&quot;unit&quot;:&quot;px&quot;,&quot;size&quot;:&quot;&quot;,&quot;sizes&quot;:[]},&quot;_transform_scale_effect_hover_mobile&quot;:{&quot;unit&quot;:&quot;px&quot;,&quot;size&quot;:&quot;&quot;,&quot;sizes&quot;:[]}}\">\n\t\t\t\t<div class=\"elementor-element elementor-element-55aed75 elementor-widget elementor-widget-image\" data-id=\"55aed75\" data-element_type=\"widget\" data-e-type=\"widget\" data-widget_type=\"image.default\">\n\t\t\t\t<div class=\"elementor-widget-container\">\n\t\t\t\t\t\t\t\t\t\t\t\t\t\t\t\t<a href=\"\/en\/product-category\/professional\/pastrues-siperfaqesh-professional\/?filtering=1&#038;filter_product_brand=99\">\n\t\t\t\t\t\t\t<img loading=\"lazy\" decoding=\"async\" width=\"800\" height=\"800\" src=\"https:\/\/danfosal.com\/wp-content\/uploads\/2025\/05\/d1-5-1-800x800.jpg\" class=\"attachment-large size-large wp-image-16358\" alt=\"\" srcset=\"https:\/\/danfosal.com\/wp-content\/uploads\/2025\/05\/d1-5-1-800x800.jpg 800w, https:\/\/danfosal.com\/wp-content\/uploads\/2025\/05\/d1-5-1-300x300.jpg 300w, https:\/\/danfosal.com\/wp-content\/uploads\/2025\/05\/d1-5-1-150x150.jpg 150w, https:\/\/danfosal.com\/wp-content\/uploads\/2025\/05\/d1-5-1-768x768.jpg 768w, https:\/\/danfosal.com\/wp-content\/uploads\/2025\/05\/d1-5-1-12x12.jpg 12w, https:\/\/danfosal.com\/wp-content\/uploads\/2025\/05\/d1-5-1-430x430.jpg 430w, https:\/\/danfosal.com\/wp-content\/uploads\/2025\/05\/d1-5-1-700x700.jpg 700w, https:\/\/danfosal.com\/wp-content\/uploads\/2025\/05\/d1-5-1.jpg 1200w\" sizes=\"(max-width: 800px) 100vw, 800px\" \/>\t\t\t\t\t\t\t\t<\/a>\n\t\t\t\t\t\t\t\t\t\t\t\t\t\t\t<\/div>\n\t\t\t\t<\/div>\n\t\t\t\t<div class=\"elementor-element elementor-element-e225fd6 elementor-widget elementor-widget-heading\" data-id=\"e225fd6\" data-element_type=\"widget\" data-e-type=\"widget\" data-widget_type=\"heading.default\">\n\t\t\t\t<div class=\"elementor-widget-container\">\n\t\t\t\t\t<h2 class=\"elementor-heading-title elementor-size-default\">Pastruese Sip\u00ebrfaqesh<\/h2>\t\t\t\t<\/div>\n\t\t\t\t<\/div>\n\t\t\t\t<\/div>\n\t\t<div class=\"elementor-element elementor-element-1ba1e7b e-con-full e-transform e-flex e-con e-child\" data-id=\"1ba1e7b\" data-element_type=\"container\" data-e-type=\"container\" data-settings=\"{&quot;_transform_scale_effect_hover&quot;:{&quot;unit&quot;:&quot;px&quot;,&quot;size&quot;:1.1,&quot;sizes&quot;:[]},&quot;_transform_scale_effect_hover_tablet&quot;:{&quot;unit&quot;:&quot;px&quot;,&quot;size&quot;:&quot;&quot;,&quot;sizes&quot;:[]},&quot;_transform_scale_effect_hover_mobile&quot;:{&quot;unit&quot;:&quot;px&quot;,&quot;size&quot;:&quot;&quot;,&quot;sizes&quot;:[]}}\">\n\t\t\t\t<div class=\"elementor-element elementor-element-a7cc6b3 elementor-widget elementor-widget-image\" data-id=\"a7cc6b3\" data-element_type=\"widget\" data-e-type=\"widget\" data-widget_type=\"image.default\">\n\t\t\t\t<div class=\"elementor-widget-container\">\n\t\t\t\t\t\t\t\t\t\t\t\t\t\t\t\t<a href=\"\/en\/product-category\/professional\/pastrues-me-sprucim-professional\/?filtering=1&#038;filter_product_brand=99\">\n\t\t\t\t\t\t\t<img loading=\"lazy\" decoding=\"async\" width=\"800\" height=\"800\" src=\"https:\/\/danfosal.com\/wp-content\/uploads\/2025\/05\/d1-36-800x800.jpg\" class=\"attachment-large size-large wp-image-16492\" alt=\"\" srcset=\"https:\/\/danfosal.com\/wp-content\/uploads\/2025\/05\/d1-36-800x800.jpg 800w, https:\/\/danfosal.com\/wp-content\/uploads\/2025\/05\/d1-36-300x300.jpg 300w, https:\/\/danfosal.com\/wp-content\/uploads\/2025\/05\/d1-36-150x150.jpg 150w, https:\/\/danfosal.com\/wp-content\/uploads\/2025\/05\/d1-36-768x768.jpg 768w, https:\/\/danfosal.com\/wp-content\/uploads\/2025\/05\/d1-36-12x12.jpg 12w, https:\/\/danfosal.com\/wp-content\/uploads\/2025\/05\/d1-36-430x430.jpg 430w, https:\/\/danfosal.com\/wp-content\/uploads\/2025\/05\/d1-36-700x700.jpg 700w, https:\/\/danfosal.com\/wp-content\/uploads\/2025\/05\/d1-36.jpg 1200w\" sizes=\"(max-width: 800px) 100vw, 800px\" \/>\t\t\t\t\t\t\t\t<\/a>\n\t\t\t\t\t\t\t\t\t\t\t\t\t\t\t<\/div>\n\t\t\t\t<\/div>\n\t\t\t\t<div class=\"elementor-element elementor-element-9220a3d elementor-widget elementor-widget-heading\" data-id=\"9220a3d\" data-element_type=\"widget\" data-e-type=\"widget\" data-widget_type=\"heading.default\">\n\t\t\t\t<div class=\"elementor-widget-container\">\n\t\t\t\t\t<h2 class=\"elementor-heading-title elementor-size-default\">Pastruese me Sp\u00ebrkatje<\/h2>\t\t\t\t<\/div>\n\t\t\t\t<\/div>\n\t\t\t\t<\/div>\n\t\t<div class=\"elementor-element elementor-element-55842bd e-con-full e-transform e-flex e-con e-child\" data-id=\"55842bd\" data-element_type=\"container\" data-e-type=\"container\" data-settings=\"{&quot;_transform_scale_effect_hover&quot;:{&quot;unit&quot;:&quot;px&quot;,&quot;size&quot;:1.1,&quot;sizes&quot;:[]},&quot;_transform_scale_effect_hover_tablet&quot;:{&quot;unit&quot;:&quot;px&quot;,&quot;size&quot;:&quot;&quot;,&quot;sizes&quot;:[]},&quot;_transform_scale_effect_hover_mobile&quot;:{&quot;unit&quot;:&quot;px&quot;,&quot;size&quot;:&quot;&quot;,&quot;sizes&quot;:[]}}\">\n\t\t\t\t<div class=\"elementor-element elementor-element-15e8ccd elementor-widget elementor-widget-image\" data-id=\"15e8ccd\" data-element_type=\"widget\" data-e-type=\"widget\" data-widget_type=\"image.default\">\n\t\t\t\t<div class=\"elementor-widget-container\">\n\t\t\t\t\t\t\t\t\t\t\t\t\t\t\t\t<a href=\"\/en\/product-category\/professional\/pastrues-me-avull-professional\/?filtering=1&#038;filter_product_brand=99\">\n\t\t\t\t\t\t\t<img loading=\"lazy\" decoding=\"async\" width=\"800\" height=\"800\" src=\"https:\/\/danfosal.com\/wp-content\/uploads\/2025\/05\/d1-10-4-800x800.jpg\" class=\"attachment-large size-large wp-image-16575\" alt=\"\" srcset=\"https:\/\/danfosal.com\/wp-content\/uploads\/2025\/05\/d1-10-4-800x800.jpg 800w, https:\/\/danfosal.com\/wp-content\/uploads\/2025\/05\/d1-10-4-300x300.jpg 300w, https:\/\/danfosal.com\/wp-content\/uploads\/2025\/05\/d1-10-4-150x150.jpg 150w, https:\/\/danfosal.com\/wp-content\/uploads\/2025\/05\/d1-10-4-768x768.jpg 768w, https:\/\/danfosal.com\/wp-content\/uploads\/2025\/05\/d1-10-4-12x12.jpg 12w, https:\/\/danfosal.com\/wp-content\/uploads\/2025\/05\/d1-10-4-430x430.jpg 430w, https:\/\/danfosal.com\/wp-content\/uploads\/2025\/05\/d1-10-4-700x700.jpg 700w, https:\/\/danfosal.com\/wp-content\/uploads\/2025\/05\/d1-10-4.jpg 1200w\" sizes=\"(max-width: 800px) 100vw, 800px\" \/>\t\t\t\t\t\t\t\t<\/a>\n\t\t\t\t\t\t\t\t\t\t\t\t\t\t\t<\/div>\n\t\t\t\t<\/div>\n\t\t\t\t<div class=\"elementor-element elementor-element-e4dfdd4 elementor-widget elementor-widget-heading\" data-id=\"e4dfdd4\" data-element_type=\"widget\" data-e-type=\"widget\" data-widget_type=\"heading.default\">\n\t\t\t\t<div class=\"elementor-widget-container\">\n\t\t\t\t\t<h2 class=\"elementor-heading-title elementor-size-default\">Pastruese me Avull<\/h2>\t\t\t\t<\/div>\n\t\t\t\t<\/div>\n\t\t\t\t<\/div>\n\t\t<div class=\"elementor-element elementor-element-000e61e e-con-full e-transform e-flex e-con e-child\" data-id=\"000e61e\" data-element_type=\"container\" data-e-type=\"container\" data-settings=\"{&quot;_transform_scale_effect_hover&quot;:{&quot;unit&quot;:&quot;px&quot;,&quot;size&quot;:1.1,&quot;sizes&quot;:[]},&quot;_transform_scale_effect_hover_tablet&quot;:{&quot;unit&quot;:&quot;px&quot;,&quot;size&quot;:&quot;&quot;,&quot;sizes&quot;:[]},&quot;_transform_scale_effect_hover_mobile&quot;:{&quot;unit&quot;:&quot;px&quot;,&quot;size&quot;:&quot;&quot;,&quot;sizes&quot;:[]}}\">\n\t\t\t\t<div class=\"elementor-element elementor-element-a2016d6 elementor-widget elementor-widget-image\" data-id=\"a2016d6\" data-element_type=\"widget\" data-e-type=\"widget\" data-widget_type=\"image.default\">\n\t\t\t\t<div class=\"elementor-widget-container\">\n\t\t\t\t\t\t\t\t\t\t\t\t\t\t\t\t<a href=\"\/en\/product-category\/professional\/fshese-siperfaqesh-professional\/?filtering=1&#038;filter_product_brand=99\">\n\t\t\t\t\t\t\t<img loading=\"lazy\" decoding=\"async\" width=\"800\" height=\"800\" src=\"https:\/\/danfosal.com\/wp-content\/uploads\/2025\/05\/d1-30-800x800.jpg\" class=\"attachment-large size-large wp-image-16455\" alt=\"\" srcset=\"https:\/\/danfosal.com\/wp-content\/uploads\/2025\/05\/d1-30-800x800.jpg 800w, https:\/\/danfosal.com\/wp-content\/uploads\/2025\/05\/d1-30-300x300.jpg 300w, https:\/\/danfosal.com\/wp-content\/uploads\/2025\/05\/d1-30-150x150.jpg 150w, https:\/\/danfosal.com\/wp-content\/uploads\/2025\/05\/d1-30-768x768.jpg 768w, https:\/\/danfosal.com\/wp-content\/uploads\/2025\/05\/d1-30-12x12.jpg 12w, https:\/\/danfosal.com\/wp-content\/uploads\/2025\/05\/d1-30-430x430.jpg 430w, https:\/\/danfosal.com\/wp-content\/uploads\/2025\/05\/d1-30-700x700.jpg 700w, https:\/\/danfosal.com\/wp-content\/uploads\/2025\/05\/d1-30.jpg 1200w\" sizes=\"(max-width: 800px) 100vw, 800px\" \/>\t\t\t\t\t\t\t\t<\/a>\n\t\t\t\t\t\t\t\t\t\t\t\t\t\t\t<\/div>\n\t\t\t\t<\/div>\n\t\t\t\t<div class=\"elementor-element elementor-element-d0551ae elementor-widget elementor-widget-heading\" data-id=\"d0551ae\" data-element_type=\"widget\" data-e-type=\"widget\" data-widget_type=\"heading.default\">\n\t\t\t\t<div class=\"elementor-widget-container\">\n\t\t\t\t\t<h2 class=\"elementor-heading-title elementor-size-default\">Fshes\u00eb Sip\u00ebrfaqesh\u200b<\/h2>\t\t\t\t<\/div>\n\t\t\t\t<\/div>\n\t\t\t\t<\/div>\n\t\t<div class=\"elementor-element elementor-element-e3bca2e e-con-full e-transform e-flex e-con e-child\" data-id=\"e3bca2e\" data-element_type=\"container\" data-e-type=\"container\" data-settings=\"{&quot;_transform_scale_effect_hover&quot;:{&quot;unit&quot;:&quot;px&quot;,&quot;size&quot;:1.1,&quot;sizes&quot;:[]},&quot;_transform_scale_effect_hover_tablet&quot;:{&quot;unit&quot;:&quot;px&quot;,&quot;size&quot;:&quot;&quot;,&quot;sizes&quot;:[]},&quot;_transform_scale_effect_hover_mobile&quot;:{&quot;unit&quot;:&quot;px&quot;,&quot;size&quot;:&quot;&quot;,&quot;sizes&quot;:[]}}\">\n\t\t\t\t<div class=\"elementor-element elementor-element-ef44fe9 elementor-widget elementor-widget-image\" data-id=\"ef44fe9\" data-element_type=\"widget\" data-e-type=\"widget\" data-widget_type=\"image.default\">\n\t\t\t\t<div class=\"elementor-widget-container\">\n\t\t\t\t\t\t\t\t\t\t\t\t\t\t\t\t<a href=\"\/en\/product-category\/professional\/fshese-elektrike-professional\/?filtering=1&#038;filter_product_brand=99\">\n\t\t\t\t\t\t\t<img loading=\"lazy\" decoding=\"async\" width=\"800\" height=\"800\" src=\"https:\/\/danfosal.com\/wp-content\/uploads\/2025\/05\/d1-4-25-800x800.jpg\" class=\"attachment-large size-large wp-image-16595\" alt=\"\" srcset=\"https:\/\/danfosal.com\/wp-content\/uploads\/2025\/05\/d1-4-25-800x800.jpg 800w, https:\/\/danfosal.com\/wp-content\/uploads\/2025\/05\/d1-4-25-300x300.jpg 300w, https:\/\/danfosal.com\/wp-content\/uploads\/2025\/05\/d1-4-25-150x150.jpg 150w, https:\/\/danfosal.com\/wp-content\/uploads\/2025\/05\/d1-4-25-768x768.jpg 768w, https:\/\/danfosal.com\/wp-content\/uploads\/2025\/05\/d1-4-25-12x12.jpg 12w, https:\/\/danfosal.com\/wp-content\/uploads\/2025\/05\/d1-4-25-430x430.jpg 430w, https:\/\/danfosal.com\/wp-content\/uploads\/2025\/05\/d1-4-25-700x700.jpg 700w, https:\/\/danfosal.com\/wp-content\/uploads\/2025\/05\/d1-4-25.jpg 1200w\" sizes=\"(max-width: 800px) 100vw, 800px\" \/>\t\t\t\t\t\t\t\t<\/a>\n\t\t\t\t\t\t\t\t\t\t\t\t\t\t\t<\/div>\n\t\t\t\t<\/div>\n\t\t\t\t<div class=\"elementor-element elementor-element-15edb63 elementor-widget elementor-widget-heading\" data-id=\"15edb63\" data-element_type=\"widget\" data-e-type=\"widget\" data-widget_type=\"heading.default\">\n\t\t\t\t<div class=\"elementor-widget-container\">\n\t\t\t\t\t<h2 class=\"elementor-heading-title elementor-size-default\">Fshes\u00eb Elektrike<\/h2>\t\t\t\t<\/div>\n\t\t\t\t<\/div>\n\t\t\t\t<\/div>\n\t\t\t\t<\/div>\n\t\t\t\t\t<\/div>\n\t\t\t\t<\/div>\n\t\t\t\t<\/div>","protected":false},"excerpt":{"rendered":"<p>Thith\u00ebse e Lag\u00ebsht e That\u00eb Pomp\u00eb Lavazhi Pastruese Xhamash Pastruese Sip\u00ebrfaqesh Pastruese me Sp\u00ebrkatje Pastruese me Avull Fshes\u00eb Sip\u00ebrfaqesh\u200b Fshes\u00eb<\/p>","protected":false},"author":1,"featured_media":0,"parent":0,"menu_order":0,"comment_status":"closed","ping_status":"closed","template":"","meta":{"_crdt_document":"","footnotes":""},"class_list":["post-17115","page","type-page","status-publish","hentry"],"jetpack_sharing_enabled":true,"_links":{"self":[{"href":"https:\/\/danfosal.com\/en\/wp-json\/wp\/v2\/pages\/17115","targetHints":{"allow":["GET"]}}],"collection":[{"href":"https:\/\/danfosal.com\/en\/wp-json\/wp\/v2\/pages"}],"about":[{"href":"https:\/\/danfosal.com\/en\/wp-json\/wp\/v2\/types\/page"}],"author":[{"embeddable":true,"href":"https:\/\/danfosal.com\/en\/wp-json\/wp\/v2\/users\/1"}],"replies":[{"embeddable":true,"href":"https:\/\/danfosal.com\/en\/wp-json\/wp\/v2\/comments?post=17115"}],"version-history":[{"count":31,"href":"https:\/\/danfosal.com\/en\/wp-json\/wp\/v2\/pages\/17115\/revisions"}],"predecessor-version":[{"id":17176,"href":"https:\/\/danfosal.com\/en\/wp-json\/wp\/v2\/pages\/17115\/revisions\/17176"}],"wp:attachment":[{"href":"https:\/\/danfosal.com\/en\/wp-json\/wp\/v2\/media?parent=17115"}],"curies":[{"name":"wp","href":"https:\/\/api.w.org\/{rel}","templated":true}]}}