{"id":17140,"date":"2025-05-29T23:25:09","date_gmt":"2025-05-29T23:25:09","guid":{"rendered":"https:\/\/danfosal.com\/?page_id=17140"},"modified":"2025-05-30T13:15:33","modified_gmt":"2025-05-30T13:15:33","slug":"star-subcategory","status":"publish","type":"page","link":"https:\/\/danfosal.com\/en\/star-subcategory\/","title":{"rendered":"Star Subcategory"},"content":{"rendered":"<div data-elementor-type=\"wp-page\" data-elementor-id=\"17140\" class=\"elementor elementor-17140\">\n\t\t\t\t<div class=\"wd-negative-gap elementor-element elementor-element-89511a7 e-flex e-con-boxed e-con e-parent\" data-id=\"89511a7\" data-element_type=\"container\" data-e-type=\"container\">\n\t\t\t\t\t<div class=\"e-con-inner\">\n\t\t<div class=\"elementor-element elementor-element-3e6059a e-grid e-con-full e-con e-child\" data-id=\"3e6059a\" data-element_type=\"container\" data-e-type=\"container\">\n\t\t<div class=\"elementor-element elementor-element-fd7820e e-con-full e-transform e-flex e-con e-child\" data-id=\"fd7820e\" data-element_type=\"container\" data-e-type=\"container\" data-settings=\"{&quot;_transform_scale_effect_hover&quot;:{&quot;unit&quot;:&quot;px&quot;,&quot;size&quot;:1.1,&quot;sizes&quot;:[]},&quot;_transform_scale_effect_hover_tablet&quot;:{&quot;unit&quot;:&quot;px&quot;,&quot;size&quot;:&quot;&quot;,&quot;sizes&quot;:[]},&quot;_transform_scale_effect_hover_mobile&quot;:{&quot;unit&quot;:&quot;px&quot;,&quot;size&quot;:&quot;&quot;,&quot;sizes&quot;:[]}}\">\n\t\t\t\t<div class=\"elementor-element elementor-element-0638d78 elementor-widget elementor-widget-image\" data-id=\"0638d78\" data-element_type=\"widget\" data-e-type=\"widget\" data-widget_type=\"image.default\">\n\t\t\t\t<div class=\"elementor-widget-container\">\n\t\t\t\t\t\t\t\t\t\t\t\t\t\t\t\t<a href=\"\/en\/product-category\/professional\/thithese-e-thate-professional\/?filtering=1&#038;filter_product_brand=100\">\n\t\t\t\t\t\t\t<img decoding=\"async\" src=\"https:\/\/danfosal.com\/wp-content\/uploads\/elementor\/thumbs\/STAR-602-WDM-r5t4hf7t4x52zk8yk98p8ymdyi50iyt3e2x3vdik0m.jpg\" title=\"STAR-602-WDM\" alt=\"STAR-602-WDM\" loading=\"lazy\" \/>\t\t\t\t\t\t\t\t<\/a>\n\t\t\t\t\t\t\t\t\t\t\t\t\t\t\t<\/div>\n\t\t\t\t<\/div>\n\t\t\t\t<div class=\"elementor-element elementor-element-45e4e17 elementor-widget elementor-widget-heading\" data-id=\"45e4e17\" data-element_type=\"widget\" data-e-type=\"widget\" data-widget_type=\"heading.default\">\n\t\t\t\t<div class=\"elementor-widget-container\">\n\t\t\t\t\t<h2 class=\"elementor-heading-title elementor-size-default\">Thith\u00ebse e Lag\u00ebsht e That\u00eb<\/h2>\t\t\t\t<\/div>\n\t\t\t\t<\/div>\n\t\t\t\t<\/div>\n\t\t<div class=\"elementor-element elementor-element-b8bb6df e-con-full e-transform e-flex e-con e-child\" data-id=\"b8bb6df\" data-element_type=\"container\" data-e-type=\"container\" data-settings=\"{&quot;_transform_scale_effect_hover&quot;:{&quot;unit&quot;:&quot;px&quot;,&quot;size&quot;:1.1,&quot;sizes&quot;:[]},&quot;_transform_scale_effect_hover_tablet&quot;:{&quot;unit&quot;:&quot;px&quot;,&quot;size&quot;:&quot;&quot;,&quot;sizes&quot;:[]},&quot;_transform_scale_effect_hover_mobile&quot;:{&quot;unit&quot;:&quot;px&quot;,&quot;size&quot;:&quot;&quot;,&quot;sizes&quot;:[]}}\">\n\t\t\t\t<div class=\"elementor-element elementor-element-caf88c6 elementor-widget elementor-widget-image\" data-id=\"caf88c6\" data-element_type=\"widget\" data-e-type=\"widget\" data-widget_type=\"image.default\">\n\t\t\t\t<div class=\"elementor-widget-container\">\n\t\t\t\t\t\t\t\t\t\t\t\t\t\t\t\t<a href=\"\/en\/product-category\/professional\/pompe-lavazhi-professional\/?filtering=1&#038;filter_product_brand=100\">\n\t\t\t\t\t\t\t<img decoding=\"async\" src=\"https:\/\/danfosal.com\/wp-content\/uploads\/elementor\/thumbs\/PhotoRoom_20230906_111241-r5t4mfotl405xiu1086oz1ve16cp55b47kg845eps8.jpg\" title=\"PhotoRoom_20230906_111241\" alt=\"PhotoRoom_20230906_111241\" loading=\"lazy\" \/>\t\t\t\t\t\t\t\t<\/a>\n\t\t\t\t\t\t\t\t\t\t\t\t\t\t\t<\/div>\n\t\t\t\t<\/div>\n\t\t\t\t<div class=\"elementor-element elementor-element-e646ef2 elementor-widget elementor-widget-heading\" data-id=\"e646ef2\" data-element_type=\"widget\" data-e-type=\"widget\" data-widget_type=\"heading.default\">\n\t\t\t\t<div class=\"elementor-widget-container\">\n\t\t\t\t\t<h2 class=\"elementor-heading-title elementor-size-default\">Pomp\u00eb Lavazhi<\/h2>\t\t\t\t<\/div>\n\t\t\t\t<\/div>\n\t\t\t\t<\/div>\n\t\t<div class=\"elementor-element elementor-element-6ae09f7 e-con-full e-transform e-flex e-con e-child\" data-id=\"6ae09f7\" data-element_type=\"container\" data-e-type=\"container\" data-settings=\"{&quot;_transform_scale_effect_hover&quot;:{&quot;unit&quot;:&quot;px&quot;,&quot;size&quot;:1.1,&quot;sizes&quot;:[]},&quot;_transform_scale_effect_hover_tablet&quot;:{&quot;unit&quot;:&quot;px&quot;,&quot;size&quot;:&quot;&quot;,&quot;sizes&quot;:[]},&quot;_transform_scale_effect_hover_mobile&quot;:{&quot;unit&quot;:&quot;px&quot;,&quot;size&quot;:&quot;&quot;,&quot;sizes&quot;:[]}}\">\n\t\t\t\t<div class=\"elementor-element elementor-element-5058aa8 elementor-widget elementor-widget-image\" data-id=\"5058aa8\" data-element_type=\"widget\" data-e-type=\"widget\" data-widget_type=\"image.default\">\n\t\t\t\t<div class=\"elementor-widget-container\">\n\t\t\t\t\t\t\t\t\t\t\t\t\t\t\t\t<a href=\"\/en\/product-category\/professional\/pastrues-siperfaqesh-professional\/?filtering=1&#038;filter_product_brand=100\">\n\t\t\t\t\t\t\t<img decoding=\"async\" src=\"https:\/\/danfosal.com\/wp-content\/uploads\/elementor\/thumbs\/b85-r5t1uuodizojwrhgi6jlt6jcdl6rnjyv6oabqt28zs.png\" title=\"b85\" alt=\"b85\" loading=\"lazy\" \/>\t\t\t\t\t\t\t\t<\/a>\n\t\t\t\t\t\t\t\t\t\t\t\t\t\t\t<\/div>\n\t\t\t\t<\/div>\n\t\t\t\t<div class=\"elementor-element elementor-element-fa9a358 elementor-widget elementor-widget-heading\" data-id=\"fa9a358\" data-element_type=\"widget\" data-e-type=\"widget\" data-widget_type=\"heading.default\">\n\t\t\t\t<div class=\"elementor-widget-container\">\n\t\t\t\t\t<h2 class=\"elementor-heading-title elementor-size-default\">Pastruese Sip\u00ebrfaqesh<\/h2>\t\t\t\t<\/div>\n\t\t\t\t<\/div>\n\t\t\t\t<\/div>\n\t\t<div class=\"elementor-element elementor-element-100fb37 e-con-full e-transform e-flex e-con e-child\" data-id=\"100fb37\" data-element_type=\"container\" data-e-type=\"container\" data-settings=\"{&quot;_transform_scale_effect_hover&quot;:{&quot;unit&quot;:&quot;px&quot;,&quot;size&quot;:1.1,&quot;sizes&quot;:[]},&quot;_transform_scale_effect_hover_tablet&quot;:{&quot;unit&quot;:&quot;px&quot;,&quot;size&quot;:&quot;&quot;,&quot;sizes&quot;:[]},&quot;_transform_scale_effect_hover_mobile&quot;:{&quot;unit&quot;:&quot;px&quot;,&quot;size&quot;:&quot;&quot;,&quot;sizes&quot;:[]}}\">\n\t\t\t\t<div class=\"elementor-element elementor-element-6bd54f0 elementor-widget elementor-widget-image\" data-id=\"6bd54f0\" data-element_type=\"widget\" data-e-type=\"widget\" data-widget_type=\"image.default\">\n\t\t\t\t<div class=\"elementor-widget-container\">\n\t\t\t\t\t\t\t\t\t\t\t\t\t\t\t\t<a href=\"\/en\/product-category\/professional\/pastrues-me-sprucim-professional\/?filtering=1&#038;filter_product_brand=100\">\n\t\t\t\t\t\t\t<img decoding=\"async\" src=\"https:\/\/danfosal.com\/wp-content\/uploads\/elementor\/thumbs\/Star-60-CCM-r5t4h148aels5etful5apk6h1q2ibi94c54to83gly.jpg\" title=\"Star-60-CCM\" alt=\"Star-60-CCM\" loading=\"lazy\" \/>\t\t\t\t\t\t\t\t<\/a>\n\t\t\t\t\t\t\t\t\t\t\t\t\t\t\t<\/div>\n\t\t\t\t<\/div>\n\t\t\t\t<div class=\"elementor-element elementor-element-95028dd elementor-widget elementor-widget-heading\" data-id=\"95028dd\" data-element_type=\"widget\" data-e-type=\"widget\" data-widget_type=\"heading.default\">\n\t\t\t\t<div class=\"elementor-widget-container\">\n\t\t\t\t\t<h2 class=\"elementor-heading-title elementor-size-default\">Pastruese me Sp\u00ebrkatje<\/h2>\t\t\t\t<\/div>\n\t\t\t\t<\/div>\n\t\t\t\t<\/div>\n\t\t<div class=\"elementor-element elementor-element-3be744e e-con-full e-transform e-flex e-con e-child\" data-id=\"3be744e\" data-element_type=\"container\" data-e-type=\"container\" data-settings=\"{&quot;_transform_scale_effect_hover&quot;:{&quot;unit&quot;:&quot;px&quot;,&quot;size&quot;:1.1,&quot;sizes&quot;:[]},&quot;_transform_scale_effect_hover_tablet&quot;:{&quot;unit&quot;:&quot;px&quot;,&quot;size&quot;:&quot;&quot;,&quot;sizes&quot;:[]},&quot;_transform_scale_effect_hover_mobile&quot;:{&quot;unit&quot;:&quot;px&quot;,&quot;size&quot;:&quot;&quot;,&quot;sizes&quot;:[]}}\">\n\t\t\t\t<div class=\"elementor-element elementor-element-5cdebde elementor-widget elementor-widget-image\" data-id=\"5cdebde\" data-element_type=\"widget\" data-e-type=\"widget\" data-widget_type=\"image.default\">\n\t\t\t\t<div class=\"elementor-widget-container\">\n\t\t\t\t\t\t\t\t\t\t\t\t\t\t\t\t<a href=\"\/en\/product-category\/professional\/fshese-siperfaqesh-professional\/?filtering=1&#038;filter_product_brand=100\">\n\t\t\t\t\t\t\t<img decoding=\"async\" src=\"https:\/\/danfosal.com\/wp-content\/uploads\/elementor\/thumbs\/Star-Street-Sweeper-r5t4ncl68b977vi8o4emwbkitnujmjxq03a7wu1xqg.jpg\" title=\"Star-Street-Sweeper\" alt=\"Star-Street-Sweeper\" loading=\"lazy\" \/>\t\t\t\t\t\t\t\t<\/a>\n\t\t\t\t\t\t\t\t\t\t\t\t\t\t\t<\/div>\n\t\t\t\t<\/div>\n\t\t\t\t<div class=\"elementor-element elementor-element-4cf09e5 elementor-widget elementor-widget-heading\" data-id=\"4cf09e5\" data-element_type=\"widget\" data-e-type=\"widget\" data-widget_type=\"heading.default\">\n\t\t\t\t<div class=\"elementor-widget-container\">\n\t\t\t\t\t<h2 class=\"elementor-heading-title elementor-size-default\">Fshes\u00eb Sip\u00ebrfaqesh\u200b<\/h2>\t\t\t\t<\/div>\n\t\t\t\t<\/div>\n\t\t\t\t<\/div>\n\t\t<div class=\"elementor-element elementor-element-62999ee e-con-full e-transform e-flex e-con e-child\" data-id=\"62999ee\" data-element_type=\"container\" data-e-type=\"container\" data-settings=\"{&quot;_transform_scale_effect_hover&quot;:{&quot;unit&quot;:&quot;px&quot;,&quot;size&quot;:1.1,&quot;sizes&quot;:[]},&quot;_transform_scale_effect_hover_tablet&quot;:{&quot;unit&quot;:&quot;px&quot;,&quot;size&quot;:&quot;&quot;,&quot;sizes&quot;:[]},&quot;_transform_scale_effect_hover_mobile&quot;:{&quot;unit&quot;:&quot;px&quot;,&quot;size&quot;:&quot;&quot;,&quot;sizes&quot;:[]}}\">\n\t\t\t\t<div class=\"elementor-element elementor-element-1439a27 elementor-widget elementor-widget-image\" data-id=\"1439a27\" data-element_type=\"widget\" data-e-type=\"widget\" data-widget_type=\"image.default\">\n\t\t\t\t<div class=\"elementor-widget-container\">\n\t\t\t\t\t\t\t\t\t\t\t\t\t\t\t\t<a href=\"\/en\/product-category\/professional\/fshese-elektrike-professional\/?filtering=1&#038;filter_product_brand=100\">\n\t\t\t\t\t\t\t<img decoding=\"async\" src=\"https:\/\/danfosal.com\/wp-content\/uploads\/elementor\/thumbs\/Star-Silent-Baby-r5t4m0nejrfkrrfvg1onv5o0j0etpzneti0gfq10js.jpg\" title=\"Star-Silent-Baby\" alt=\"Star-Silent-Baby\" loading=\"lazy\" \/>\t\t\t\t\t\t\t\t<\/a>\n\t\t\t\t\t\t\t\t\t\t\t\t\t\t\t<\/div>\n\t\t\t\t<\/div>\n\t\t\t\t<div class=\"elementor-element elementor-element-718b020 elementor-widget elementor-widget-heading\" data-id=\"718b020\" data-element_type=\"widget\" data-e-type=\"widget\" data-widget_type=\"heading.default\">\n\t\t\t\t<div class=\"elementor-widget-container\">\n\t\t\t\t\t<h2 class=\"elementor-heading-title elementor-size-default\">Fshes\u00eb Elektrike<\/h2>\t\t\t\t<\/div>\n\t\t\t\t<\/div>\n\t\t\t\t<\/div>\n\t\t\t\t<\/div>\n\t\t\t\t\t<\/div>\n\t\t\t\t<\/div>\n\t\t\t\t<\/div>","protected":false},"excerpt":{"rendered":"<p>Thith\u00ebse e Lag\u00ebsht e That\u00eb Pomp\u00eb Lavazhi Pastruese Sip\u00ebrfaqesh Pastruese me Sp\u00ebrkatje Fshes\u00eb Sip\u00ebrfaqesh\u200b Fshes\u00eb Elektrike<\/p>","protected":false},"author":1,"featured_media":0,"parent":0,"menu_order":0,"comment_status":"closed","ping_status":"closed","template":"","meta":{"_crdt_document":"","footnotes":""},"class_list":["post-17140","page","type-page","status-publish","hentry"],"jetpack_sharing_enabled":true,"_links":{"self":[{"href":"https:\/\/danfosal.com\/en\/wp-json\/wp\/v2\/pages\/17140","targetHints":{"allow":["GET"]}}],"collection":[{"href":"https:\/\/danfosal.com\/en\/wp-json\/wp\/v2\/pages"}],"about":[{"href":"https:\/\/danfosal.com\/en\/wp-json\/wp\/v2\/types\/page"}],"author":[{"embeddable":true,"href":"https:\/\/danfosal.com\/en\/wp-json\/wp\/v2\/users\/1"}],"replies":[{"embeddable":true,"href":"https:\/\/danfosal.com\/en\/wp-json\/wp\/v2\/comments?post=17140"}],"version-history":[{"count":13,"href":"https:\/\/danfosal.com\/en\/wp-json\/wp\/v2\/pages\/17140\/revisions"}],"predecessor-version":[{"id":17187,"href":"https:\/\/danfosal.com\/en\/wp-json\/wp\/v2\/pages\/17140\/revisions\/17187"}],"wp:attachment":[{"href":"https:\/\/danfosal.com\/en\/wp-json\/wp\/v2\/media?parent=17140"}],"curies":[{"name":"wp","href":"https:\/\/api.w.org\/{rel}","templated":true}]}}