{"id":16166,"date":"2025-05-10T22:48:05","date_gmt":"2025-05-10T22:48:05","guid":{"rendered":"https:\/\/danfosal.com\/?post_type=product&#038;p=16166"},"modified":"2025-05-14T17:07:19","modified_gmt":"2025-05-14T17:07:19","slug":"blancus-ride-on-85","status":"publish","type":"product","link":"https:\/\/danfosal.com\/en\/product\/blancus-ride-on-85\/","title":{"rendered":"Blancus Ride On 85"},"content":{"rendered":"<p>N\u00eb vendet moderne t\u00eb pun\u00ebs, qendrat tregtare dhe zona t\u00eb tjera t\u00eb m\u00ebdha, pastrimi \u00ebsht\u00eb me r\u00ebnd\u00ebsi kritike p\u00ebr sa i p\u00ebrket k\u00ebnaq\u00ebsis\u00eb s\u00eb klientit dhe siguris\u00eb n\u00eb vendin e pun\u00ebs. Makina e Pastrimit t\u00eb Dyshemeve Blancus Ride On 85 \u00ebsht\u00eb projektuar p\u00ebr t\u00eb p\u00ebrmbushur k\u00ebto nevoja duke ofruar performanc\u00eb t\u00eb lart\u00eb, besueshm\u00ebri dhe leht\u00ebsi p\u00ebrdorimi.<\/p>\n<p>Karakteristikat kryesore:<\/p>\n<p>Performanc\u00eb e fuqishme: Blancus Ride On 85 pastron n\u00eb m\u00ebnyr\u00eb efektive njollat \u200b\u200bdhe papast\u00ebrtit\u00eb e v\u00ebshtira me motorin e saj t\u00eb fuqish\u00ebm dhe sistemin e fur\u00e7ave t\u00eb projektuar posa\u00e7\u00ebrisht. Pastron zona t\u00eb m\u00ebdha pa probleme n\u00eb nj\u00eb koh\u00eb t\u00eb shkurt\u00ebr fal\u00eb sip\u00ebrfaqes s\u00eb saj t\u00eb gjer\u00eb t\u00eb pun\u00ebs.<\/p>\n<p>Manovrim i lart\u00eb: Dizajni i saj ergonomik dhe sistemi i sakt\u00eb i kontrollit i lejojn\u00eb Blancus Ride On 85 t\u00eb ofroj\u00eb manovrim t\u00eb shk\u00eblqyer edhe n\u00eb hap\u00ebsira t\u00eb ngushta. Kjo lejon q\u00eb ajo t\u00eb p\u00ebrdoret rehatsh\u00ebm rreth mobiljeve, n\u00eb korridore dhe zona t\u00eb tjera t\u00eb mbingarkuara.<\/p>\n<p>I qet\u00eb dhe miq\u00ebsor ndaj mjedisit: Blancus Ride On 85 nuk i shqet\u00ebson punonj\u00ebsit dhe klient\u00ebt me ve\u00e7orin\u00eb e saj t\u00eb funksionimit t\u00eb qet\u00eb. \u00cbsht\u00eb gjithashtu prodhuar me materiale miq\u00ebsore me mjedisin dhe ofron zgjidhje t\u00eb q\u00ebndrueshme pastrimi.<\/p>\n<p>Leht\u00ebsia e p\u00ebrdorimit: Paneli i kontrollit miq\u00ebsor ndaj p\u00ebrdoruesit e b\u00ebn t\u00eb leht\u00eb p\u00ebrdorimin e Blancus Ride On 85. Karakteristikat e nisjes s\u00eb shpejt\u00eb dhe udh\u00ebzimet e lehta p\u00ebr t&#8217;u kuptuar e mbajn\u00eb koh\u00ebn e trajnimit t\u00eb stafit n\u00eb minimum.<\/p>\n<p>Blancus Ride On 85 rrit produktivitetin duke p\u00ebrmir\u00ebsuar standardet e pastrimit t\u00eb vendit tuaj t\u00eb pun\u00ebs. N\u00ebse d\u00ebshironi t\u00eb krijoni nj\u00eb mjedis pune m\u00eb t\u00eb past\u00ebr, m\u00eb t\u00eb sigurt dhe m\u00eb miq\u00ebsor ndaj mjedisit, zgjidhni Blancus Ride On 85.<\/p>","protected":false},"excerpt":{"rendered":"<p>N\u00eb vendet moderne t\u00eb pun\u00ebs, qendrat tregtare dhe zona t\u00eb tjera t\u00eb m\u00ebdha, pastrimi \u00ebsht\u00eb me r\u00ebnd\u00ebsi kritike p\u00ebr sa<\/p>","protected":false},"featured_media":16339,"template":"","meta":{"_crdt_document":""},"product_brand":[100],"product_cat":[78],"product_tag":[],"class_list":{"0":"post-16166","1":"product","2":"type-product","3":"status-publish","4":"has-post-thumbnail","6":"product_brand-starmakina","7":"product_cat-pastrues-siperfaqesh-professional","9":"first","10":"instock","11":"shipping-taxable","12":"purchasable","13":"product-type-simple"},"jetpack_sharing_enabled":true,"_links":{"self":[{"href":"https:\/\/danfosal.com\/en\/wp-json\/wp\/v2\/product\/16166","targetHints":{"allow":["GET"]}}],"collection":[{"href":"https:\/\/danfosal.com\/en\/wp-json\/wp\/v2\/product"}],"about":[{"href":"https:\/\/danfosal.com\/en\/wp-json\/wp\/v2\/types\/product"}],"version-history":[{"count":1,"href":"https:\/\/danfosal.com\/en\/wp-json\/wp\/v2\/product\/16166\/revisions"}],"predecessor-version":[{"id":16167,"href":"https:\/\/danfosal.com\/en\/wp-json\/wp\/v2\/product\/16166\/revisions\/16167"}],"wp:featuredmedia":[{"embeddable":true,"href":"https:\/\/danfosal.com\/en\/wp-json\/wp\/v2\/media\/16339"}],"wp:attachment":[{"href":"https:\/\/danfosal.com\/en\/wp-json\/wp\/v2\/media?parent=16166"}],"wp:term":[{"taxonomy":"product_brand","embeddable":true,"href":"https:\/\/danfosal.com\/en\/wp-json\/wp\/v2\/product_brand?post=16166"},{"taxonomy":"product_cat","embeddable":true,"href":"https:\/\/danfosal.com\/en\/wp-json\/wp\/v2\/product_cat?post=16166"},{"taxonomy":"product_tag","embeddable":true,"href":"https:\/\/danfosal.com\/en\/wp-json\/wp\/v2\/product_tag?post=16166"}],"curies":[{"name":"wp","href":"https:\/\/api.w.org\/{rel}","templated":true}]}}