{"id":16168,"date":"2025-05-10T22:48:06","date_gmt":"2025-05-10T22:48:06","guid":{"rendered":"https:\/\/danfosal.com\/?post_type=product&#038;p=16168"},"modified":"2025-05-14T17:08:32","modified_gmt":"2025-05-14T17:08:32","slug":"blancus-tiger-40","status":"publish","type":"product","link":"https:\/\/danfosal.com\/en\/product\/blancus-tiger-40\/","title":{"rendered":"Blancus Tiger 40"},"content":{"rendered":"<p>Blancus 40 \u00ebsht\u00eb nj\u00eb makin\u00eb pastrimi dyshemesh lider n\u00eb industri, e projektuar me fokus n\u00eb past\u00ebrti t\u00eb shk\u00eblqyer dhe efikasitet operacional. Me performanc\u00ebn e saj superiore dhe dizajnin miq\u00ebsor p\u00ebr p\u00ebrdoruesit, Blancus 40 \u00ebsht\u00eb nj\u00eb zgjedhje ideale p\u00ebr pastrim efektiv n\u00eb \u00e7do mjedis.<\/p>\n<p>Karakteristikat e theksuara t\u00eb k\u00ebsaj makine unike p\u00ebrfshijn\u00eb:<\/p>\n<p>Fuqi t\u00eb Fuqishme Thithjeje: Blancus 40 krenohet me fuqi t\u00eb fuqishme thithjeje, duke hequr n\u00eb m\u00ebnyr\u00eb efektive t\u00eb gjitha papast\u00ebrtit\u00eb dhe grimcat nga dyshemeja.<\/p>\n<p>P\u00ebrdorim i Gjithansh\u00ebm: E projektuar p\u00ebr t&#8217;u p\u00ebrshtatur me lloje t\u00eb ndryshme sip\u00ebrfaqesh, dru, pllaka dhe laminat dhe \u00e7do dysheme tjet\u00ebr t\u00eb fort\u00eb, Blancus 40 ofron rezultate t\u00eb shk\u00eblqyera pastrimi.<\/p>\n<p>Pastrim Higjienik: Sistemet e fur\u00e7ave dhe filtrave t\u00eb projektuara posa\u00e7\u00ebrisht sigurojn\u00eb pastrim efektiv p\u00ebr t\u00eb p\u00ebrmbushur standardet e higjien\u00ebs, duke krijuar nj\u00eb mjedis t\u00eb sh\u00ebndetsh\u00ebm n\u00eb biznese.<\/p>\n<p>Dizajn miq\u00ebsor p\u00ebr p\u00ebrdoruesit: Nj\u00eb dorez\u00eb ergonomike dhe nj\u00eb panel kontrolli miq\u00ebsor p\u00ebr p\u00ebrdoruesit sigurojn\u00eb q\u00eb operator\u00ebt t\u00eb mund t\u00eb punojn\u00eb rehat, duke minimizuar koh\u00ebn e trajnimit.<\/p>\n<p>Q\u00ebndrueshm\u00ebri dhe Besueshm\u00ebri: E nd\u00ebrtuar me nd\u00ebrtim t\u00eb fort\u00eb dhe materiale me cil\u00ebsi t\u00eb lart\u00eb, Blancus 40 \u00ebsht\u00eb nj\u00eb investim afatgjat\u00eb dhe i besuesh\u00ebm, duke ulur kostot operacionale p\u00ebr bizneset.&#8221;<\/p>","protected":false},"excerpt":{"rendered":"<p>Blancus 40 \u00ebsht\u00eb nj\u00eb makin\u00eb pastrimi dyshemesh lider n\u00eb industri, e projektuar me fokus n\u00eb past\u00ebrti t\u00eb shk\u00eblqyer dhe efikasitet<\/p>","protected":false},"featured_media":16338,"template":"","meta":{"_crdt_document":""},"product_brand":[100],"product_cat":[78],"product_tag":[],"class_list":{"0":"post-16168","1":"product","2":"type-product","3":"status-publish","4":"has-post-thumbnail","6":"product_brand-starmakina","7":"product_cat-pastrues-siperfaqesh-professional","9":"first","10":"instock","11":"shipping-taxable","12":"purchasable","13":"product-type-simple"},"jetpack_sharing_enabled":true,"_links":{"self":[{"href":"https:\/\/danfosal.com\/en\/wp-json\/wp\/v2\/product\/16168","targetHints":{"allow":["GET"]}}],"collection":[{"href":"https:\/\/danfosal.com\/en\/wp-json\/wp\/v2\/product"}],"about":[{"href":"https:\/\/danfosal.com\/en\/wp-json\/wp\/v2\/types\/product"}],"version-history":[{"count":1,"href":"https:\/\/danfosal.com\/en\/wp-json\/wp\/v2\/product\/16168\/revisions"}],"predecessor-version":[{"id":16169,"href":"https:\/\/danfosal.com\/en\/wp-json\/wp\/v2\/product\/16168\/revisions\/16169"}],"wp:featuredmedia":[{"embeddable":true,"href":"https:\/\/danfosal.com\/en\/wp-json\/wp\/v2\/media\/16338"}],"wp:attachment":[{"href":"https:\/\/danfosal.com\/en\/wp-json\/wp\/v2\/media?parent=16168"}],"wp:term":[{"taxonomy":"product_brand","embeddable":true,"href":"https:\/\/danfosal.com\/en\/wp-json\/wp\/v2\/product_brand?post=16168"},{"taxonomy":"product_cat","embeddable":true,"href":"https:\/\/danfosal.com\/en\/wp-json\/wp\/v2\/product_cat?post=16168"},{"taxonomy":"product_tag","embeddable":true,"href":"https:\/\/danfosal.com\/en\/wp-json\/wp\/v2\/product_tag?post=16168"}],"curies":[{"name":"wp","href":"https:\/\/api.w.org\/{rel}","templated":true}]}}