{"id":16170,"date":"2025-05-10T22:48:06","date_gmt":"2025-05-10T22:48:06","guid":{"rendered":"https:\/\/danfosal.com\/?post_type=product&#038;p=16170"},"modified":"2025-05-14T17:10:05","modified_gmt":"2025-05-14T17:10:05","slug":"karcher-35-15-c","status":"publish","type":"product","link":"https:\/\/danfosal.com\/en\/product\/karcher-35-15-c\/","title":{"rendered":"Karcher 35\/15 C"},"content":{"rendered":"<p>Me madh\u00ebsin\u00eb kompakte dhe karakteristikat e jasht\u00ebzakonshme t\u00eb BD 35\/15 C, kjo makin\u00eb ofron fleksibilitet t\u00eb jasht\u00ebzakonsh\u00ebm, leht\u00ebsi p\u00ebrdorimi dhe aft\u00ebsi pastrimi efikase. E pajisur me nj\u00eb kok\u00eb fur\u00e7e 35 cm, BD 35\/15 C ofron efikasitet dhe manovrim t\u00eb jasht\u00ebzakonsh\u00ebm pastrimi. E projektuar posa\u00e7\u00ebrisht p\u00ebr hap\u00ebsira m\u00eb t\u00eb vogla, BD 35\/15 C \u00ebsht\u00eb perfekte p\u00ebr t\u00eb lundruar n\u00ebp\u00ebr qoshe t\u00eb ngushta dhe zona t\u00eb mobiluara me shum\u00eb njer\u00ebz. Me nj\u00eb lart\u00ebsi prej 68 cm, ajo p\u00ebrshtatet n\u00ebn shumic\u00ebn e tavolinave dhe mobiljeve. Nj\u00eb tjet\u00ebr ve\u00e7ori e p\u00ebrshtatshme e BD 35\/15 C \u00ebsht\u00eb ngarkuesi i bateris\u00eb s\u00eb integruar. Kjo i lejon operatorit t\u00eb ngarkoj\u00eb makin\u00ebn n\u00eb \u00e7do vend. Thar\u00ebsja kompakte me sp\u00ebrkatje dhe thar\u00ebse BD 35\/15 C \u00ebsht\u00eb projektuar p\u00ebr q\u00ebndrueshm\u00ebri dhe besueshm\u00ebri. Dizajni i fuqish\u00ebm dhe komponent\u00ebt me cil\u00ebsi t\u00eb lart\u00eb sigurojn\u00eb nj\u00eb jet\u00ebgjat\u00ebsi t\u00eb gjat\u00eb sh\u00ebrbimi edhe n\u00eb mjedise t\u00eb k\u00ebrkuara. Dizajni leht\u00ebsisht i arritsh\u00ebm gjithashtu e b\u00ebn pun\u00ebn rutin\u00eb t\u00eb mir\u00ebmbajtjes dhe pastrimit m\u00eb t\u00eb leht\u00eb, n\u00eb m\u00ebnyr\u00eb q\u00eb ajo t\u00eb mund t\u00eb kryhet shpejt dhe leht\u00eb.<\/p>","protected":false},"excerpt":{"rendered":"<p>Me madh\u00ebsin\u00eb kompakte dhe karakteristikat e jasht\u00ebzakonshme t\u00eb BD 35\/15 C, kjo makin\u00eb ofron fleksibilitet t\u00eb jasht\u00ebzakonsh\u00ebm, leht\u00ebsi p\u00ebrdorimi dhe<\/p>","protected":false},"featured_media":16340,"template":"","meta":{"_crdt_document":""},"product_brand":[99],"product_cat":[78],"product_tag":[],"class_list":{"0":"post-16170","1":"product","2":"type-product","3":"status-publish","4":"has-post-thumbnail","6":"product_brand-karcher","7":"product_cat-pastrues-siperfaqesh-professional","9":"first","10":"instock","11":"shipping-taxable","12":"purchasable","13":"product-type-simple"},"jetpack_sharing_enabled":true,"_links":{"self":[{"href":"https:\/\/danfosal.com\/en\/wp-json\/wp\/v2\/product\/16170","targetHints":{"allow":["GET"]}}],"collection":[{"href":"https:\/\/danfosal.com\/en\/wp-json\/wp\/v2\/product"}],"about":[{"href":"https:\/\/danfosal.com\/en\/wp-json\/wp\/v2\/types\/product"}],"version-history":[{"count":1,"href":"https:\/\/danfosal.com\/en\/wp-json\/wp\/v2\/product\/16170\/revisions"}],"predecessor-version":[{"id":16171,"href":"https:\/\/danfosal.com\/en\/wp-json\/wp\/v2\/product\/16170\/revisions\/16171"}],"wp:featuredmedia":[{"embeddable":true,"href":"https:\/\/danfosal.com\/en\/wp-json\/wp\/v2\/media\/16340"}],"wp:attachment":[{"href":"https:\/\/danfosal.com\/en\/wp-json\/wp\/v2\/media?parent=16170"}],"wp:term":[{"taxonomy":"product_brand","embeddable":true,"href":"https:\/\/danfosal.com\/en\/wp-json\/wp\/v2\/product_brand?post=16170"},{"taxonomy":"product_cat","embeddable":true,"href":"https:\/\/danfosal.com\/en\/wp-json\/wp\/v2\/product_cat?post=16170"},{"taxonomy":"product_tag","embeddable":true,"href":"https:\/\/danfosal.com\/en\/wp-json\/wp\/v2\/product_tag?post=16170"}],"curies":[{"name":"wp","href":"https:\/\/api.w.org\/{rel}","templated":true}]}}