{"id":16174,"date":"2025-05-10T22:48:06","date_gmt":"2025-05-10T22:48:06","guid":{"rendered":"https:\/\/danfosal.com\/?post_type=product&#038;p=16174"},"modified":"2025-05-14T17:21:04","modified_gmt":"2025-05-14T17:21:04","slug":"karcher-bd-50-70","status":"publish","type":"product","link":"https:\/\/danfosal.com\/en\/product\/karcher-bd-50-70\/","title":{"rendered":"Karcher BD 50\/70"},"content":{"rendered":"<p>Leht\u00ebsia ekstreme e p\u00ebrdorimit p\u00ebrmes element\u00ebve t\u00eb kontrollit t\u00eb koduar posa\u00e7\u00ebrisht me ngjyra \u00ebsht\u00eb nj\u00eb nga karakteristikat e shquara t\u00eb makin\u00ebs son\u00eb t\u00eb larjes me bateri BD 50\/70 R Classic p\u00ebr t&#8217;u p\u00ebrdorur n\u00eb makin\u00eb. Stili i saj kompakt dhe i ngusht\u00eb i nd\u00ebrtimit leht\u00ebson trajtimin dhe transportin dhe siguron nj\u00eb shkall\u00eb t\u00eb lart\u00eb manovrimi dhe shkatht\u00ebsie. Kjo e b\u00ebn makin\u00ebn nga klasa 70 litra nj\u00eb alternativ\u00eb t\u00eb v\u00ebrtet\u00eb ndaj makinave q\u00eb p\u00ebrdoren n\u00eb k\u00ebmb\u00eb. Detajet praktike si Home Base, e cila leht\u00ebson transportin e pajisjeve t\u00eb pastrimit manual duke p\u00ebrdorur grepa, ose mbajt\u00ebsja e qeseve t\u00eb mbeturinave q\u00eb \u00ebsht\u00eb gjithashtu opsionale dhe nj\u00eb fshes\u00eb paraprake p\u00ebr pastrim plot\u00ebsojn\u00eb konceptin. Ju lutemi vini re se baterit\u00eb dhe karikuesi duhet t\u00eb porositen ve\u00e7mas.<\/p>","protected":false},"excerpt":{"rendered":"<p>Leht\u00ebsia ekstreme e p\u00ebrdorimit p\u00ebrmes element\u00ebve t\u00eb kontrollit t\u00eb koduar posa\u00e7\u00ebrisht me ngjyra \u00ebsht\u00eb nj\u00eb nga karakteristikat e shquara t\u00eb<\/p>","protected":false},"featured_media":16358,"template":"","meta":{"_crdt_document":""},"product_brand":[99],"product_cat":[78],"product_tag":[],"class_list":{"0":"post-16174","1":"product","2":"type-product","3":"status-publish","4":"has-post-thumbnail","6":"product_brand-karcher","7":"product_cat-pastrues-siperfaqesh-professional","9":"first","10":"instock","11":"shipping-taxable","12":"purchasable","13":"product-type-simple"},"jetpack_sharing_enabled":true,"_links":{"self":[{"href":"https:\/\/danfosal.com\/en\/wp-json\/wp\/v2\/product\/16174","targetHints":{"allow":["GET"]}}],"collection":[{"href":"https:\/\/danfosal.com\/en\/wp-json\/wp\/v2\/product"}],"about":[{"href":"https:\/\/danfosal.com\/en\/wp-json\/wp\/v2\/types\/product"}],"version-history":[{"count":1,"href":"https:\/\/danfosal.com\/en\/wp-json\/wp\/v2\/product\/16174\/revisions"}],"predecessor-version":[{"id":16175,"href":"https:\/\/danfosal.com\/en\/wp-json\/wp\/v2\/product\/16174\/revisions\/16175"}],"wp:featuredmedia":[{"embeddable":true,"href":"https:\/\/danfosal.com\/en\/wp-json\/wp\/v2\/media\/16358"}],"wp:attachment":[{"href":"https:\/\/danfosal.com\/en\/wp-json\/wp\/v2\/media?parent=16174"}],"wp:term":[{"taxonomy":"product_brand","embeddable":true,"href":"https:\/\/danfosal.com\/en\/wp-json\/wp\/v2\/product_brand?post=16174"},{"taxonomy":"product_cat","embeddable":true,"href":"https:\/\/danfosal.com\/en\/wp-json\/wp\/v2\/product_cat?post=16174"},{"taxonomy":"product_tag","embeddable":true,"href":"https:\/\/danfosal.com\/en\/wp-json\/wp\/v2\/product_tag?post=16174"}],"curies":[{"name":"wp","href":"https:\/\/api.w.org\/{rel}","templated":true}]}}