{"id":16176,"date":"2025-05-10T22:48:06","date_gmt":"2025-05-10T22:48:06","guid":{"rendered":"https:\/\/danfosal.com\/?post_type=product&#038;p=16176"},"modified":"2025-05-14T17:21:41","modified_gmt":"2025-05-14T17:21:41","slug":"karcher-bds-43-150","status":"publish","type":"product","link":"https:\/\/danfosal.com\/en\/product\/karcher-bds-43-150\/","title":{"rendered":"Karcher BDS 43\/150"},"content":{"rendered":"<p>Makina jon\u00eb shum\u00eb e fuqishme me nj\u00eb disk BDS 43\/150 C Classic ofron nj\u00eb raport t\u00eb shk\u00eblqyer \u00e7mim-performanc\u00eb dhe \u00ebsht\u00eb shum\u00eb e gjithanshme p\u00ebr pastrim t\u00eb plot\u00eb t\u00eb dyshemeve. Me nj\u00eb motor t\u00eb fuqish\u00ebm 1,500 vat, \u00ebsht\u00eb e p\u00ebrshtatshme si p\u00ebr dysheme t\u00eb forta ashtu edhe p\u00ebr ato elastike dhe p\u00ebr veshje tekstili, si dhe p\u00ebr l\u00ebmimin e dyshemeve t\u00eb parketit t\u00eb konsumuar. Me nj\u00eb gjer\u00ebsi pune prej 430 mm, \u00ebsht\u00eb ideale p\u00ebr shumic\u00ebn e aplikimeve n\u00eb fush\u00ebn e pastrimit t\u00eb nd\u00ebrtesave, nd\u00ebrsa transportuesi i planet\u00ebve pa mir\u00ebmbajtje i b\u00ebr\u00eb me ingranazhe metalike rezistente siguron nj\u00eb jet\u00ebgjat\u00ebsi t\u00eb gjat\u00eb dhe shum\u00eb m\u00eb pak konsumim dhe kosto m\u00eb t\u00eb ul\u00ebta mir\u00ebmbajtjeje krahasuar me nj\u00eb ingranazh me rrip. Nj\u00eb pllak\u00eb drejtimi me jast\u00ebk dhe nj\u00eb fur\u00e7\u00eb me disk me fort\u00ebsi mesatare p\u00ebrfshihen gjithashtu n\u00eb paketim.<\/p>","protected":false},"excerpt":{"rendered":"<p>Makina jon\u00eb shum\u00eb e fuqishme me nj\u00eb disk BDS 43\/150 C Classic ofron nj\u00eb raport t\u00eb shk\u00eblqyer \u00e7mim-performanc\u00eb dhe \u00ebsht\u00eb<\/p>","protected":false},"featured_media":16360,"template":"","meta":{"_crdt_document":""},"product_brand":[99],"product_cat":[78],"product_tag":[],"class_list":{"0":"post-16176","1":"product","2":"type-product","3":"status-publish","4":"has-post-thumbnail","6":"product_brand-karcher","7":"product_cat-pastrues-siperfaqesh-professional","9":"first","10":"instock","11":"shipping-taxable","12":"purchasable","13":"product-type-simple"},"jetpack_sharing_enabled":true,"_links":{"self":[{"href":"https:\/\/danfosal.com\/en\/wp-json\/wp\/v2\/product\/16176","targetHints":{"allow":["GET"]}}],"collection":[{"href":"https:\/\/danfosal.com\/en\/wp-json\/wp\/v2\/product"}],"about":[{"href":"https:\/\/danfosal.com\/en\/wp-json\/wp\/v2\/types\/product"}],"version-history":[{"count":1,"href":"https:\/\/danfosal.com\/en\/wp-json\/wp\/v2\/product\/16176\/revisions"}],"predecessor-version":[{"id":16177,"href":"https:\/\/danfosal.com\/en\/wp-json\/wp\/v2\/product\/16176\/revisions\/16177"}],"wp:featuredmedia":[{"embeddable":true,"href":"https:\/\/danfosal.com\/en\/wp-json\/wp\/v2\/media\/16360"}],"wp:attachment":[{"href":"https:\/\/danfosal.com\/en\/wp-json\/wp\/v2\/media?parent=16176"}],"wp:term":[{"taxonomy":"product_brand","embeddable":true,"href":"https:\/\/danfosal.com\/en\/wp-json\/wp\/v2\/product_brand?post=16176"},{"taxonomy":"product_cat","embeddable":true,"href":"https:\/\/danfosal.com\/en\/wp-json\/wp\/v2\/product_cat?post=16176"},{"taxonomy":"product_tag","embeddable":true,"href":"https:\/\/danfosal.com\/en\/wp-json\/wp\/v2\/product_tag?post=16176"}],"curies":[{"name":"wp","href":"https:\/\/api.w.org\/{rel}","templated":true}]}}