{"id":16184,"date":"2025-05-10T22:48:07","date_gmt":"2025-05-10T22:48:07","guid":{"rendered":"https:\/\/danfosal.com\/?post_type=product&#038;p=16184"},"modified":"2025-05-14T17:24:07","modified_gmt":"2025-05-14T17:24:07","slug":"karcher-cvh-2","status":"publish","type":"product","link":"https:\/\/danfosal.com\/en\/product\/karcher-cvh-2\/","title":{"rendered":"Karcher CVH 2"},"content":{"rendered":"<p>Performanc\u00eb mbres\u00ebl\u00ebn\u00ebse: fshesa dore me bateri CVH 2 \u00ebsht\u00eb nj\u00eb pajisje e leht\u00eb, e leht\u00eb por e fuqishme p\u00ebr t\u00eb hequr papast\u00ebrtit\u00eb e rastit, si\u00e7 jan\u00eb th\u00ebrrimet, pluhuri dhe qimet nga mobiljet, dyshemet\u00eb dhe makinat. Dizajni i saj kompakt dhe i leht\u00eb do t\u00eb thot\u00eb q\u00eb kjo fshes\u00eb me korrent \u00ebsht\u00eb gjithashtu e leht\u00eb p\u00ebr t&#8217;u p\u00ebrdorur dhe p\u00ebr t&#8217;u ruajtur. P\u00ebr m\u00eb tep\u00ebr, sistemi i filtrit me dy hapa i lar\u00ebsh\u00ebm, i p\u00ebrb\u00ebr\u00eb nga nj\u00eb rrjet\u00eb \u00e7eliku e im\u00ebt p\u00ebr papast\u00ebrtit\u00eb dhe qimet e trasha dhe filtri HEPA i rrjedh\u00ebs s\u00eb poshtme (EN 1822:1998), siguron q\u00eb ajri i nxjerr\u00eb t\u00eb jet\u00eb ekstra i past\u00ebr.<\/p>","protected":false},"excerpt":{"rendered":"<p>Performanc\u00eb mbres\u00ebl\u00ebn\u00ebse: fshesa dore me bateri CVH 2 \u00ebsht\u00eb nj\u00eb pajisje e leht\u00eb, e leht\u00eb por e fuqishme p\u00ebr t\u00eb<\/p>","protected":false},"featured_media":16369,"template":"","meta":{"_crdt_document":""},"product_brand":[99],"product_cat":[98],"product_tag":[],"class_list":{"0":"post-16184","1":"product","2":"type-product","3":"status-publish","4":"has-post-thumbnail","6":"product_brand-karcher","7":"product_cat-thithese-me-bateri-shtepiake","9":"first","10":"instock","11":"shipping-taxable","12":"purchasable","13":"product-type-simple"},"jetpack_sharing_enabled":true,"_links":{"self":[{"href":"https:\/\/danfosal.com\/en\/wp-json\/wp\/v2\/product\/16184","targetHints":{"allow":["GET"]}}],"collection":[{"href":"https:\/\/danfosal.com\/en\/wp-json\/wp\/v2\/product"}],"about":[{"href":"https:\/\/danfosal.com\/en\/wp-json\/wp\/v2\/types\/product"}],"version-history":[{"count":1,"href":"https:\/\/danfosal.com\/en\/wp-json\/wp\/v2\/product\/16184\/revisions"}],"predecessor-version":[{"id":16185,"href":"https:\/\/danfosal.com\/en\/wp-json\/wp\/v2\/product\/16184\/revisions\/16185"}],"wp:featuredmedia":[{"embeddable":true,"href":"https:\/\/danfosal.com\/en\/wp-json\/wp\/v2\/media\/16369"}],"wp:attachment":[{"href":"https:\/\/danfosal.com\/en\/wp-json\/wp\/v2\/media?parent=16184"}],"wp:term":[{"taxonomy":"product_brand","embeddable":true,"href":"https:\/\/danfosal.com\/en\/wp-json\/wp\/v2\/product_brand?post=16184"},{"taxonomy":"product_cat","embeddable":true,"href":"https:\/\/danfosal.com\/en\/wp-json\/wp\/v2\/product_cat?post=16184"},{"taxonomy":"product_tag","embeddable":true,"href":"https:\/\/danfosal.com\/en\/wp-json\/wp\/v2\/product_tag?post=16184"}],"curies":[{"name":"wp","href":"https:\/\/api.w.org\/{rel}","templated":true}]}}