{"id":16186,"date":"2025-05-10T22:48:08","date_gmt":"2025-05-10T22:48:08","guid":{"rendered":"https:\/\/danfosal.com\/?post_type=product&#038;p=16186"},"modified":"2025-05-14T17:25:01","modified_gmt":"2025-05-14T17:25:01","slug":"karcher-ds-6","status":"publish","type":"product","link":"https:\/\/danfosal.com\/en\/product\/karcher-ds-6\/","title":{"rendered":"Karcher DS 6"},"content":{"rendered":"<p>DS 6 \u00ebsht\u00eb nj\u00eb fshes\u00eb me korrent me filt\u00ebr uji e cila jo vet\u00ebm q\u00eb pastron plot\u00ebsisht dyshemet\u00eb, por gjithashtu ofron aj\u00ebr m\u00eb t\u00eb fresk\u00ebt, si dhe aj\u00ebr t\u00eb p\u00ebrdorur nga i cili \u00ebsht\u00eb hequr deri n\u00eb 99.95% e pluhurit. Kjo p\u00ebrmir\u00ebson duksh\u00ebm ajrin, dhe me k\u00ebt\u00eb, ndjesin\u00eb n\u00eb dhom\u00eb. N\u00eb ndryshim nga fshesat me korrent konvencionale me qese filtri, fshesa me korrent DS 6 me filt\u00ebr uji mb\u00ebshtetet n\u00eb fuqin\u00eb natyrore t\u00eb ujit i cili rrotullohet rreth filtrit me shpejt\u00ebsi t\u00eb lart\u00eb. Papast\u00ebrtia q\u00eb \u00ebsht\u00eb t\u00ebrhequr duhet t\u00eb kaloj\u00eb n\u00ebp\u00ebr k\u00ebt\u00eb uj\u00eb q\u00eb rrotullohet, i cili e filtron at\u00eb nga ajri n\u00eb m\u00ebnyr\u00eb shum\u00eb efikase dhe e bllokon at\u00eb n\u00eb uj\u00eb. Rezultati \u00ebsht\u00eb aj\u00ebr i fresk\u00ebt dhe jasht\u00ebzakonisht i past\u00ebr i shkarkimit.<\/p>","protected":false},"excerpt":{"rendered":"<p>DS 6 \u00ebsht\u00eb nj\u00eb fshes\u00eb me korrent me filt\u00ebr uji e cila jo vet\u00ebm q\u00eb pastron plot\u00ebsisht dyshemet\u00eb, por gjithashtu<\/p>","protected":false},"featured_media":16375,"template":"","meta":{"_crdt_document":""},"product_brand":[99],"product_cat":[97],"product_tag":[],"class_list":{"0":"post-16186","1":"product","2":"type-product","3":"status-publish","4":"has-post-thumbnail","6":"product_brand-karcher","7":"product_cat-thithese-elektrike-shtepiake","9":"first","10":"instock","11":"shipping-taxable","12":"purchasable","13":"product-type-simple"},"jetpack_sharing_enabled":true,"_links":{"self":[{"href":"https:\/\/danfosal.com\/en\/wp-json\/wp\/v2\/product\/16186","targetHints":{"allow":["GET"]}}],"collection":[{"href":"https:\/\/danfosal.com\/en\/wp-json\/wp\/v2\/product"}],"about":[{"href":"https:\/\/danfosal.com\/en\/wp-json\/wp\/v2\/types\/product"}],"version-history":[{"count":1,"href":"https:\/\/danfosal.com\/en\/wp-json\/wp\/v2\/product\/16186\/revisions"}],"predecessor-version":[{"id":16187,"href":"https:\/\/danfosal.com\/en\/wp-json\/wp\/v2\/product\/16186\/revisions\/16187"}],"wp:featuredmedia":[{"embeddable":true,"href":"https:\/\/danfosal.com\/en\/wp-json\/wp\/v2\/media\/16375"}],"wp:attachment":[{"href":"https:\/\/danfosal.com\/en\/wp-json\/wp\/v2\/media?parent=16186"}],"wp:term":[{"taxonomy":"product_brand","embeddable":true,"href":"https:\/\/danfosal.com\/en\/wp-json\/wp\/v2\/product_brand?post=16186"},{"taxonomy":"product_cat","embeddable":true,"href":"https:\/\/danfosal.com\/en\/wp-json\/wp\/v2\/product_cat?post=16186"},{"taxonomy":"product_tag","embeddable":true,"href":"https:\/\/danfosal.com\/en\/wp-json\/wp\/v2\/product_tag?post=16186"}],"curies":[{"name":"wp","href":"https:\/\/api.w.org\/{rel}","templated":true}]}}