{"id":16188,"date":"2025-05-10T22:48:08","date_gmt":"2025-05-10T22:48:08","guid":{"rendered":"https:\/\/danfosal.com\/?post_type=product&#038;p=16188"},"modified":"2025-05-14T17:25:40","modified_gmt":"2025-05-14T17:25:40","slug":"karcher-fc-4-4","status":"publish","type":"product","link":"https:\/\/danfosal.com\/en\/product\/karcher-fc-4-4\/","title":{"rendered":"Karcher FC 4-4"},"content":{"rendered":"<p>Me pastruesin e dyshemes\u00eb FC 4-4, nuk keni m\u00eb nevoj\u00eb t\u00eb pastroni me fshes\u00eb me korrent para se t\u00eb fshini dhe mund t\u00eb hiqni papast\u00ebrtin\u00eb e p\u00ebrditshme t\u00eb that\u00eb dhe t\u00eb lag\u00ebsht me nj\u00eb hap t\u00eb vet\u00ebm. Me koh\u00ebn e gjat\u00eb t\u00eb funksionimit t\u00eb bateris\u00eb prej maksimumi 30 minutash, sip\u00ebrfaqet deri n\u00eb 90 metra katror\u00eb mund t\u00eb pastrohen pa mundim. Karikuesi i shpejt\u00eb Duo i p\u00ebrfshir\u00eb mund\u00ebson karikimin n\u00eb vet\u00ebm 70 minuta. Nj\u00eb sinjal vizual dhe akustik p\u00ebrdoret p\u00ebr t\u00eb komunikuar kur rezervuari i ujit t\u00eb fresk\u00ebt duhet t\u00eb mbushet dhe rezervuari i ujit t\u00eb ndotur t\u00eb zbrazet. Pas aktivizimit t\u00eb pajisjes, dy rrotulluesit lagen automatikisht me ujin nga rezervuari i ujit t\u00eb fresk\u00ebt. Sasia e ujit mund t\u00eb rregullohet n\u00eb mbules\u00ebn e dyshemes\u00eb duke p\u00ebrdorur dy m\u00ebnyrat e pastrimit. FC 4-4 pastron edhe vendet e v\u00ebshtira p\u00ebr t&#8217;u arritur dhe mbledh qimet leht\u00ebsisht. Kontakti i drejtp\u00ebrdrejt\u00eb me papast\u00ebrtin\u00eb shmanget fal\u00eb rezervuarit t\u00eb integruar dhe higjienik t\u00eb ujit t\u00eb ndotur, i cili mund t\u00eb hiqet dhe pastrohet pas p\u00ebrdorimit t\u00eb pajisjes. FC 4-4 q\u00ebndron m\u00eb vete dhe mund t\u00eb ruhet n\u00eb nj\u00eb m\u00ebnyr\u00eb q\u00eb kursen hap\u00ebsir\u00eb \u200b\u200bfal\u00eb dorez\u00ebs s\u00eb tij t\u00eb l\u00ebvizshme. Pajisja \u00ebsht\u00eb e p\u00ebrshtatshme p\u00ebr t\u00eb gjitha dyshemet\u00eb e forta. Baterit\u00eb e nd\u00ebrrueshme 4 V K\u00e4rcher Battery Power jan\u00eb t\u00eb pajtueshme me t\u00eb gjitha pajisjet 4 V K\u00e4rcher Battery Power.<\/p>","protected":false},"excerpt":{"rendered":"<p>Me pastruesin e dyshemes\u00eb FC 4-4, nuk keni m\u00eb nevoj\u00eb t\u00eb pastroni me fshes\u00eb me korrent para se t\u00eb fshini<\/p>","protected":false},"featured_media":16380,"template":"","meta":{"_crdt_document":""},"product_brand":[99],"product_cat":[90],"product_tag":[],"class_list":{"0":"post-16188","1":"product","2":"type-product","3":"status-publish","4":"has-post-thumbnail","6":"product_brand-karcher","7":"product_cat-pastruese-e-dyshemese-shtepiake","9":"first","10":"instock","11":"shipping-taxable","12":"purchasable","13":"product-type-simple"},"jetpack_sharing_enabled":true,"_links":{"self":[{"href":"https:\/\/danfosal.com\/en\/wp-json\/wp\/v2\/product\/16188","targetHints":{"allow":["GET"]}}],"collection":[{"href":"https:\/\/danfosal.com\/en\/wp-json\/wp\/v2\/product"}],"about":[{"href":"https:\/\/danfosal.com\/en\/wp-json\/wp\/v2\/types\/product"}],"version-history":[{"count":1,"href":"https:\/\/danfosal.com\/en\/wp-json\/wp\/v2\/product\/16188\/revisions"}],"predecessor-version":[{"id":16189,"href":"https:\/\/danfosal.com\/en\/wp-json\/wp\/v2\/product\/16188\/revisions\/16189"}],"wp:featuredmedia":[{"embeddable":true,"href":"https:\/\/danfosal.com\/en\/wp-json\/wp\/v2\/media\/16380"}],"wp:attachment":[{"href":"https:\/\/danfosal.com\/en\/wp-json\/wp\/v2\/media?parent=16188"}],"wp:term":[{"taxonomy":"product_brand","embeddable":true,"href":"https:\/\/danfosal.com\/en\/wp-json\/wp\/v2\/product_brand?post=16188"},{"taxonomy":"product_cat","embeddable":true,"href":"https:\/\/danfosal.com\/en\/wp-json\/wp\/v2\/product_cat?post=16188"},{"taxonomy":"product_tag","embeddable":true,"href":"https:\/\/danfosal.com\/en\/wp-json\/wp\/v2\/product_tag?post=16188"}],"curies":[{"name":"wp","href":"https:\/\/api.w.org\/{rel}","templated":true}]}}