{"id":16190,"date":"2025-05-10T22:48:08","date_gmt":"2025-05-10T22:48:08","guid":{"rendered":"https:\/\/danfosal.com\/?post_type=product&#038;p=16190"},"modified":"2025-05-14T17:26:45","modified_gmt":"2025-05-14T17:26:45","slug":"karcher-fc-7","status":"publish","type":"product","link":"https:\/\/danfosal.com\/en\/product\/karcher-fc-7\/","title":{"rendered":"Karcher FC 7"},"content":{"rendered":"<p>Pastruesi i dyshemes\u00eb FC 7 pa tel mbledh papast\u00ebrtit\u00eb e p\u00ebrditshme t\u00eb thata dhe t\u00eb lag\u00ebshta n\u00eb nj\u00eb hap t\u00eb vet\u00ebm. Nuk ka m\u00eb nevoj\u00eb t\u00eb fshihet me fshes\u00eb me korrent para fshirjes, gj\u00eb q\u00eb kursen gjysm\u00ebn e koh\u00ebs**. Teknologjia e saj me kat\u00ebr rula me rrotullim t\u00eb kund\u00ebrt mund\u00ebson pastrim t\u00eb shpejt\u00eb dhe efektiv me heqje t\u00eb lart\u00eb t\u00eb papast\u00ebrtis\u00eb nd\u00ebrsa rr\u00ebshqet pa probleme n\u00ebp\u00ebr dysheme. Edhe qimet mblidhen pa probleme fal\u00eb filtrit t\u00eb qimeve. Dyshemet\u00eb jan\u00eb deri n\u00eb 20% m\u00eb t\u00eb pastra sesa me mopat konvencionale* &#8211; deri n\u00eb skaj. Shqet\u00ebsimi i zvarritjes s\u00eb nj\u00eb kove \u00ebsht\u00eb nj\u00eb gj\u00eb e s\u00eb kaluar\u00ebs, pasi pastruesi i dyshemes\u00eb ka si nj\u00eb rezervuar uji t\u00eb fresk\u00ebt ashtu edhe nj\u00eb rezervuar uji t\u00eb ndotur. Gjithashtu nuk ka m\u00eb kontakt me papast\u00ebrtin\u00eb, pasi rulat lagen vazhdimisht me uj\u00eb t\u00eb fresk\u00ebt dhe uji i ndotur p\u00ebrfundon direkt n\u00eb rezervuarin e ujit t\u00eb ndotur. V\u00ebllimi i ujit dhe shpejt\u00ebsia e rrotullimit t\u00eb rulave mund t\u00eb rregullohen n\u00eb dy m\u00ebnyra pastrimi p\u00ebr t&#8217;iu p\u00ebrshtatur dyshemes\u00eb. Ekziston gjithashtu nj\u00eb funksion nxit\u00ebs p\u00ebr t\u00eb luftuar papast\u00ebrtin\u00eb kok\u00ebfort\u00eb. Koha e funksionimit t\u00eb bateris\u00eb \u00ebsht\u00eb 45 minuta, e mjaftueshme p\u00ebr t\u00eb pastruar nj\u00eb sip\u00ebrfaqe prej rreth 135 m\u00b2. Pajisja \u00ebsht\u00eb e p\u00ebrshtatshme p\u00ebr t\u00eb gjitha dyshemet\u00eb e forta (pllaka, parket, laminat, PVC, vinil).<\/p>","protected":false},"excerpt":{"rendered":"<p>Pastruesi i dyshemes\u00eb FC 7 pa tel mbledh papast\u00ebrtit\u00eb e p\u00ebrditshme t\u00eb thata dhe t\u00eb lag\u00ebshta n\u00eb nj\u00eb hap t\u00eb<\/p>","protected":false},"featured_media":16388,"template":"","meta":{"_crdt_document":""},"product_brand":[99],"product_cat":[90],"product_tag":[],"class_list":{"0":"post-16190","1":"product","2":"type-product","3":"status-publish","4":"has-post-thumbnail","6":"product_brand-karcher","7":"product_cat-pastruese-e-dyshemese-shtepiake","9":"first","10":"instock","11":"shipping-taxable","12":"purchasable","13":"product-type-simple"},"jetpack_sharing_enabled":true,"_links":{"self":[{"href":"https:\/\/danfosal.com\/en\/wp-json\/wp\/v2\/product\/16190","targetHints":{"allow":["GET"]}}],"collection":[{"href":"https:\/\/danfosal.com\/en\/wp-json\/wp\/v2\/product"}],"about":[{"href":"https:\/\/danfosal.com\/en\/wp-json\/wp\/v2\/types\/product"}],"version-history":[{"count":1,"href":"https:\/\/danfosal.com\/en\/wp-json\/wp\/v2\/product\/16190\/revisions"}],"predecessor-version":[{"id":16191,"href":"https:\/\/danfosal.com\/en\/wp-json\/wp\/v2\/product\/16190\/revisions\/16191"}],"wp:featuredmedia":[{"embeddable":true,"href":"https:\/\/danfosal.com\/en\/wp-json\/wp\/v2\/media\/16388"}],"wp:attachment":[{"href":"https:\/\/danfosal.com\/en\/wp-json\/wp\/v2\/media?parent=16190"}],"wp:term":[{"taxonomy":"product_brand","embeddable":true,"href":"https:\/\/danfosal.com\/en\/wp-json\/wp\/v2\/product_brand?post=16190"},{"taxonomy":"product_cat","embeddable":true,"href":"https:\/\/danfosal.com\/en\/wp-json\/wp\/v2\/product_cat?post=16190"},{"taxonomy":"product_tag","embeddable":true,"href":"https:\/\/danfosal.com\/en\/wp-json\/wp\/v2\/product_tag?post=16190"}],"curies":[{"name":"wp","href":"https:\/\/api.w.org\/{rel}","templated":true}]}}