{"id":16192,"date":"2025-05-10T22:48:08","date_gmt":"2025-05-10T22:48:08","guid":{"rendered":"https:\/\/danfosal.com\/?post_type=product&#038;p=16192"},"modified":"2025-05-28T21:50:27","modified_gmt":"2025-05-28T21:50:27","slug":"karcher-floor-pro-cleaner-1l","status":"publish","type":"product","link":"https:\/\/danfosal.com\/en\/product\/karcher-floor-pro-cleaner-1l\/","title":{"rendered":"Karcher Floor Pro Cleaner  1L"},"content":{"rendered":"<p>Formula me lag\u00ebshti t\u00eb lart\u00eb e FloorPro Multi Cleaner RM 756 nga K\u00e4rcher ofron nj\u00eb mori p\u00ebrpar\u00ebsish p\u00ebr pastrim t\u00eb plot\u00eb dhe t\u00eb but\u00eb me makin\u00eb ose mir\u00ebmbajtje manuale t\u00eb t\u00eb gjitha dyshemeve dhe sip\u00ebrfaqeve rezistente ndaj ujit, t\u00eb forta dhe elastike (ESD). Fal\u00eb kombinimit special t\u00eb surfaktant\u00ebve, detergjenti i gjithansh\u00ebm \u00ebsht\u00eb gjithashtu ve\u00e7an\u00ebrisht i p\u00ebrshtatsh\u00ebm p\u00ebr sip\u00ebrfaqe hidrofobike, si\u00e7 jan\u00eb mbulesat e dyshemeve t\u00eb veshura me PUR. Ai jo vet\u00ebm q\u00eb siguron nj\u00eb performanc\u00eb pastrimi jasht\u00ebzakonisht t\u00eb lart\u00eb duke thithur n\u00eb m\u00ebnyr\u00eb efektive ndotjen e yndyr\u00ebs, vajit dhe mineraleve, por gjithashtu siguron tharje t\u00eb nj\u00ebtrajtshme, pa njolla dhe t\u00eb shpejt\u00eb. P\u00ebr shfryt\u00ebzim efikas t\u00eb v\u00ebllimit t\u00eb rezervuarit t\u00eb thar\u00ebseve me fur\u00e7\u00eb, FloorPro Multi Cleaner RM 756 \u00ebsht\u00eb me shkum\u00eb t\u00eb ul\u00ebt dhe l\u00eb nj\u00eb arom\u00eb t\u00eb k\u00ebndshme dhe afatgjat\u00eb pas pastrimit. Profesionist\u00ebt n\u00eb sektorin e pastrimit t\u00eb nd\u00ebrtesave p\u00ebrfitojn\u00eb gjithashtu nga siguria e lart\u00eb e p\u00ebrdoruesit e p\u00ebrqendrimit t\u00eb lart\u00eb jo-toksik.<\/p>","protected":false},"excerpt":{"rendered":"<p>Formula me lag\u00ebshti t\u00eb lart\u00eb e FloorPro Multi Cleaner RM 756 nga K\u00e4rcher ofron nj\u00eb mori p\u00ebrpar\u00ebsish p\u00ebr pastrim t\u00eb<\/p>","protected":false},"featured_media":16396,"template":"","meta":{"_crdt_document":""},"product_brand":[99],"product_cat":[127],"product_tag":[],"class_list":{"0":"post-16192","1":"product","2":"type-product","3":"status-publish","4":"has-post-thumbnail","6":"product_brand-karcher","7":"product_cat-solucione","9":"first","10":"instock","11":"shipping-taxable","12":"purchasable","13":"product-type-simple"},"jetpack_sharing_enabled":true,"_links":{"self":[{"href":"https:\/\/danfosal.com\/en\/wp-json\/wp\/v2\/product\/16192","targetHints":{"allow":["GET"]}}],"collection":[{"href":"https:\/\/danfosal.com\/en\/wp-json\/wp\/v2\/product"}],"about":[{"href":"https:\/\/danfosal.com\/en\/wp-json\/wp\/v2\/types\/product"}],"version-history":[{"count":1,"href":"https:\/\/danfosal.com\/en\/wp-json\/wp\/v2\/product\/16192\/revisions"}],"predecessor-version":[{"id":16193,"href":"https:\/\/danfosal.com\/en\/wp-json\/wp\/v2\/product\/16192\/revisions\/16193"}],"wp:featuredmedia":[{"embeddable":true,"href":"https:\/\/danfosal.com\/en\/wp-json\/wp\/v2\/media\/16396"}],"wp:attachment":[{"href":"https:\/\/danfosal.com\/en\/wp-json\/wp\/v2\/media?parent=16192"}],"wp:term":[{"taxonomy":"product_brand","embeddable":true,"href":"https:\/\/danfosal.com\/en\/wp-json\/wp\/v2\/product_brand?post=16192"},{"taxonomy":"product_cat","embeddable":true,"href":"https:\/\/danfosal.com\/en\/wp-json\/wp\/v2\/product_cat?post=16192"},{"taxonomy":"product_tag","embeddable":true,"href":"https:\/\/danfosal.com\/en\/wp-json\/wp\/v2\/product_tag?post=16192"}],"curies":[{"name":"wp","href":"https:\/\/api.w.org\/{rel}","templated":true}]}}