{"id":16194,"date":"2025-05-10T22:48:09","date_gmt":"2025-05-10T22:48:09","guid":{"rendered":"https:\/\/danfosal.com\/?post_type=product&#038;p=16194"},"modified":"2025-05-28T21:50:26","modified_gmt":"2025-05-28T21:50:26","slug":"karcher-floor-pro-deep-cleaner-10l","status":"publish","type":"product","link":"https:\/\/danfosal.com\/en\/product\/karcher-floor-pro-deep-cleaner-10l\/","title":{"rendered":"Karcher Floor Pro Deep Cleaner 10L"},"content":{"rendered":"<p>Pastrim jasht\u00ebzakonisht i fuqish\u00ebm, leht\u00ebsisht i ndash\u00ebm dhe me pak shkum\u00eb: me formul\u00ebn e tij t\u00eb fuqishme, pastruesi alkalik i thell\u00eb FloorPro RM 69 eco!efficiency \u00ebsht\u00eb projektuar posa\u00e7\u00ebrisht p\u00ebr t\u00eb funksionuar me modalitetin eco!efficiency t\u00eb thar\u00ebseve me fur\u00e7\u00eb dhe pastrues K\u00e4rcher. Ai largon me siguri ndotjen e shkaktuar nga yndyra dhe vaji nga dyshemet\u00eb industriale dhe sip\u00ebrfaqe t\u00eb tjera n\u00eb mjedise industriale, si\u00e7 jan\u00eb dyshemet\u00eb ESD, lla\u00e7et e rrjedhshme ose sip\u00ebrfaqet e veshura me rr\u00ebshir\u00eb epoksi. Pastruesi efektiv i yndyr\u00ebs \u00ebsht\u00eb gjithashtu jasht\u00ebzakonisht efektiv p\u00ebr pastrim manual, leht\u00ebsisht i ndash\u00ebm dhe, fal\u00eb munges\u00ebs s\u00eb silikoneve, ideal p\u00ebr p\u00ebrdorim n\u00eb kompanit\u00eb e p\u00ebrpunimit t\u00eb metaleve dhe t\u00eb bojrave.<\/p>","protected":false},"excerpt":{"rendered":"<p>Pastrim jasht\u00ebzakonisht i fuqish\u00ebm, leht\u00ebsisht i ndash\u00ebm dhe me pak shkum\u00eb: me formul\u00ebn e tij t\u00eb fuqishme, pastruesi alkalik i<\/p>","protected":false},"featured_media":16397,"template":"","meta":{"_crdt_document":""},"product_brand":[99],"product_cat":[127],"product_tag":[],"class_list":{"0":"post-16194","1":"product","2":"type-product","3":"status-publish","4":"has-post-thumbnail","6":"product_brand-karcher","7":"product_cat-solucione","9":"first","10":"instock","11":"shipping-taxable","12":"purchasable","13":"product-type-simple"},"jetpack_sharing_enabled":true,"_links":{"self":[{"href":"https:\/\/danfosal.com\/en\/wp-json\/wp\/v2\/product\/16194","targetHints":{"allow":["GET"]}}],"collection":[{"href":"https:\/\/danfosal.com\/en\/wp-json\/wp\/v2\/product"}],"about":[{"href":"https:\/\/danfosal.com\/en\/wp-json\/wp\/v2\/types\/product"}],"version-history":[{"count":1,"href":"https:\/\/danfosal.com\/en\/wp-json\/wp\/v2\/product\/16194\/revisions"}],"predecessor-version":[{"id":16195,"href":"https:\/\/danfosal.com\/en\/wp-json\/wp\/v2\/product\/16194\/revisions\/16195"}],"wp:featuredmedia":[{"embeddable":true,"href":"https:\/\/danfosal.com\/en\/wp-json\/wp\/v2\/media\/16397"}],"wp:attachment":[{"href":"https:\/\/danfosal.com\/en\/wp-json\/wp\/v2\/media?parent=16194"}],"wp:term":[{"taxonomy":"product_brand","embeddable":true,"href":"https:\/\/danfosal.com\/en\/wp-json\/wp\/v2\/product_brand?post=16194"},{"taxonomy":"product_cat","embeddable":true,"href":"https:\/\/danfosal.com\/en\/wp-json\/wp\/v2\/product_cat?post=16194"},{"taxonomy":"product_tag","embeddable":true,"href":"https:\/\/danfosal.com\/en\/wp-json\/wp\/v2\/product_tag?post=16194"}],"curies":[{"name":"wp","href":"https:\/\/api.w.org\/{rel}","templated":true}]}}