{"id":16196,"date":"2025-05-10T22:48:09","date_gmt":"2025-05-10T22:48:09","guid":{"rendered":"https:\/\/danfosal.com\/?post_type=product&#038;p=16196"},"modified":"2025-05-28T21:50:27","modified_gmt":"2025-05-28T21:50:27","slug":"karcher-floor-pro-tire-remover-10l","status":"publish","type":"product","link":"https:\/\/danfosal.com\/en\/product\/karcher-floor-pro-tire-remover-10l\/","title":{"rendered":"Karcher Floor Pro Tire Remover 10L"},"content":{"rendered":"<p>Heq\u00ebs gomash dhe shenjash g\u00ebrryerjeje FloorPro RM 776 me fuqi shum\u00eb alkaline, i projektuar posa\u00e7\u00ebrisht p\u00ebr pastrim njollash dhe pastrim t\u00eb thell\u00eb t\u00eb dyshemeve industriale, dyshemeve t\u00eb rrjedhshme dhe t\u00eb \u00e7imentos, si dhe sip\u00ebrfaqeve t\u00eb veshura me rr\u00ebshir\u00eb epoksi. Pastruesi special miq\u00ebsor ndaj ndar\u00ebsve aplikohet duke p\u00ebrdorur metod\u00ebn me dy hapa &#8211; aplikohet me nj\u00eb nj\u00ebsi sp\u00ebrkatjeje p\u00ebrpara se uji i ndotur t\u00eb hiqet me nj\u00eb thar\u00ebse g\u00ebrryese pas nj\u00eb kohe kontakti t\u00eb past\u00ebr. Detergjenti shum\u00eb efektiv heq plot\u00ebsisht shenjat e g\u00ebrryerjes s\u00eb gom\u00ebs nga kamion\u00ebt ngrit\u00ebs, si dhe mbetjet nga shiriti ngjit\u00ebs dhe ndotja e r\u00ebnd\u00eb me vaj dhe bloz\u00eb. Kompanit\u00eb e p\u00ebrpunimit t\u00eb metaleve dhe bojrave q\u00eb p\u00ebrdorin Heq\u00ebs gomash dhe shenja g\u00ebrryerjeje FloorPro RM 776 p\u00ebrfitojn\u00eb gjithashtu nga formula e tij, e cila nuk p\u00ebrmban silikone.<\/p>","protected":false},"excerpt":{"rendered":"<p>Heq\u00ebs gomash dhe shenjash g\u00ebrryerjeje FloorPro RM 776 me fuqi shum\u00eb alkaline, i projektuar posa\u00e7\u00ebrisht p\u00ebr pastrim njollash dhe pastrim<\/p>","protected":false},"featured_media":16398,"template":"","meta":{"_crdt_document":""},"product_brand":[99],"product_cat":[127],"product_tag":[],"class_list":{"0":"post-16196","1":"product","2":"type-product","3":"status-publish","4":"has-post-thumbnail","6":"product_brand-karcher","7":"product_cat-solucione","9":"first","10":"instock","11":"shipping-taxable","12":"purchasable","13":"product-type-simple"},"jetpack_sharing_enabled":true,"_links":{"self":[{"href":"https:\/\/danfosal.com\/en\/wp-json\/wp\/v2\/product\/16196","targetHints":{"allow":["GET"]}}],"collection":[{"href":"https:\/\/danfosal.com\/en\/wp-json\/wp\/v2\/product"}],"about":[{"href":"https:\/\/danfosal.com\/en\/wp-json\/wp\/v2\/types\/product"}],"version-history":[{"count":1,"href":"https:\/\/danfosal.com\/en\/wp-json\/wp\/v2\/product\/16196\/revisions"}],"predecessor-version":[{"id":16197,"href":"https:\/\/danfosal.com\/en\/wp-json\/wp\/v2\/product\/16196\/revisions\/16197"}],"wp:featuredmedia":[{"embeddable":true,"href":"https:\/\/danfosal.com\/en\/wp-json\/wp\/v2\/media\/16398"}],"wp:attachment":[{"href":"https:\/\/danfosal.com\/en\/wp-json\/wp\/v2\/media?parent=16196"}],"wp:term":[{"taxonomy":"product_brand","embeddable":true,"href":"https:\/\/danfosal.com\/en\/wp-json\/wp\/v2\/product_brand?post=16196"},{"taxonomy":"product_cat","embeddable":true,"href":"https:\/\/danfosal.com\/en\/wp-json\/wp\/v2\/product_cat?post=16196"},{"taxonomy":"product_tag","embeddable":true,"href":"https:\/\/danfosal.com\/en\/wp-json\/wp\/v2\/product_tag?post=16196"}],"curies":[{"name":"wp","href":"https:\/\/api.w.org\/{rel}","templated":true}]}}