{"id":16198,"date":"2025-05-10T22:48:09","date_gmt":"2025-05-10T22:48:09","guid":{"rendered":"https:\/\/danfosal.com\/?post_type=product&#038;p=16198"},"modified":"2025-05-14T17:30:00","modified_gmt":"2025-05-14T17:30:00","slug":"karcher-hd-10-25-4-s-classic","status":"publish","type":"product","link":"https:\/\/danfosal.com\/en\/product\/karcher-hd-10-25-4-s-classic\/","title":{"rendered":"Karcher HD 10\/25-4 S Classic"},"content":{"rendered":"<p>Pastruesi me presion t\u00eb lart\u00eb me uj\u00eb t\u00eb ftoht\u00eb HD 10\/25-4 S Classic \u00ebsht\u00eb projektuar p\u00ebr p\u00ebrdorim t\u00eb p\u00ebrditsh\u00ebm n\u00eb kushte t\u00eb v\u00ebshtira dhe nuk d\u00ebshton kurr\u00eb t\u00eb b\u00ebj\u00eb p\u00ebrshtypje me fuqin\u00eb e tij ekstreme. Ai dallohet nga turma me nd\u00ebrtimin e tij t\u00eb fort\u00eb dhe korniz\u00ebn e tij t\u00eb fort\u00eb prej \u00e7eliku. \u00cbsht\u00eb i leht\u00eb dhe intuitiv p\u00ebr t&#8217;u instaluar, dhe i shpejt\u00eb dhe pa probleme p\u00ebr t&#8217;u p\u00ebrdorur. T\u00eb gjitha pjes\u00ebt e r\u00ebnd\u00ebsishme mund t\u00eb aksesohen shpejt dhe leht\u00eb. Pastruesi me presion t\u00eb lart\u00eb Super Class \u00ebsht\u00eb i pajisur me pistolet\u00ebn me presion t\u00eb lart\u00eb Classic p\u00ebr makinat n\u00eb gam\u00ebn HD Classic. Ai gjithashtu ka nj\u00eb mb\u00ebrthyes premium EASY!Lock me \u00e7lirim t\u00eb shpejt\u00eb. Kjo e b\u00ebn pes\u00eb her\u00eb m\u00eb t\u00eb shpejt\u00eb p\u00ebr t&#8217;u instaluar dhe vendosur, duke ju kursyer koh\u00eb dhe telashe. Nj\u00eb filt\u00ebr uji i integruar mbron me siguri pomp\u00ebn me presion t\u00eb lart\u00eb nga grimcat e papast\u00ebrtis\u00eb dhe ndot\u00ebsit, duke zgjatur k\u00ebshtu jet\u00ebgjat\u00ebsin\u00eb e makin\u00ebs. Nj\u00eb pomp\u00eb e fuqishme me bosht t\u00eb gung\u00ebs dhe materiale rezistente jan\u00eb shtylla kurrizore e pastruesit me presion t\u00eb lart\u00eb: me nj\u00eb kok\u00eb cilindri t\u00eb b\u00ebr\u00eb nga bronzi dhe pistona me mb\u00ebshtjell\u00ebs qeramik\u00eb. Presioni mund t\u00eb rregullohet sipas nevoj\u00ebs n\u00eb pomp\u00eb. Motori me shpejt\u00ebsi t\u00eb ul\u00ebt 4-pol\u00ebsh me sistem ftohjeje aj\u00ebr-uj\u00eb p\u00ebr funksionim afatgjat\u00eb dhe t\u00eb besuesh\u00ebm.<\/p>","protected":false},"excerpt":{"rendered":"<p>Pastruesi me presion t\u00eb lart\u00eb me uj\u00eb t\u00eb ftoht\u00eb HD 10\/25-4 S Classic \u00ebsht\u00eb projektuar p\u00ebr p\u00ebrdorim t\u00eb p\u00ebrditsh\u00ebm n\u00eb<\/p>","protected":false},"featured_media":16403,"template":"","meta":{"_crdt_document":""},"product_brand":[99],"product_cat":[81],"product_tag":[],"class_list":{"0":"post-16198","1":"product","2":"type-product","3":"status-publish","4":"has-post-thumbnail","6":"product_brand-karcher","7":"product_cat-pompe-lavazhi-professional","9":"first","10":"instock","11":"shipping-taxable","12":"purchasable","13":"product-type-simple"},"jetpack_sharing_enabled":true,"_links":{"self":[{"href":"https:\/\/danfosal.com\/en\/wp-json\/wp\/v2\/product\/16198","targetHints":{"allow":["GET"]}}],"collection":[{"href":"https:\/\/danfosal.com\/en\/wp-json\/wp\/v2\/product"}],"about":[{"href":"https:\/\/danfosal.com\/en\/wp-json\/wp\/v2\/types\/product"}],"version-history":[{"count":1,"href":"https:\/\/danfosal.com\/en\/wp-json\/wp\/v2\/product\/16198\/revisions"}],"predecessor-version":[{"id":16199,"href":"https:\/\/danfosal.com\/en\/wp-json\/wp\/v2\/product\/16198\/revisions\/16199"}],"wp:featuredmedia":[{"embeddable":true,"href":"https:\/\/danfosal.com\/en\/wp-json\/wp\/v2\/media\/16403"}],"wp:attachment":[{"href":"https:\/\/danfosal.com\/en\/wp-json\/wp\/v2\/media?parent=16198"}],"wp:term":[{"taxonomy":"product_brand","embeddable":true,"href":"https:\/\/danfosal.com\/en\/wp-json\/wp\/v2\/product_brand?post=16198"},{"taxonomy":"product_cat","embeddable":true,"href":"https:\/\/danfosal.com\/en\/wp-json\/wp\/v2\/product_cat?post=16198"},{"taxonomy":"product_tag","embeddable":true,"href":"https:\/\/danfosal.com\/en\/wp-json\/wp\/v2\/product_tag?post=16198"}],"curies":[{"name":"wp","href":"https:\/\/api.w.org\/{rel}","templated":true}]}}