{"id":16200,"date":"2025-05-10T22:48:09","date_gmt":"2025-05-10T22:48:09","guid":{"rendered":"https:\/\/danfosal.com\/?post_type=product&#038;p=16200"},"modified":"2025-05-14T17:30:46","modified_gmt":"2025-05-14T17:30:46","slug":"karcher-hd-5-15-c","status":"publish","type":"product","link":"https:\/\/danfosal.com\/en\/product\/karcher-hd-5-15-c\/","title":{"rendered":"Karcher HD 5\/15 C"},"content":{"rendered":"<p>Pastruesi kompakt, i leht\u00eb dhe i gjithansh\u00ebm me presion t\u00eb lart\u00eb HD 5\/15 C me uj\u00eb t\u00eb ftoht\u00eb ofron l\u00ebvizshm\u00ebri t\u00eb jasht\u00ebzakonshme dhe \u00ebsht\u00eb i p\u00ebrshtatsh\u00ebm si p\u00ebr funksionim vertikal ashtu edhe p\u00ebr funksionim horizontal. Makina \u00ebsht\u00eb e pajisur me nj\u00eb vend t\u00eb sofistikuar p\u00ebr ruajtje aksesor\u00ebsh, dhe koka cilindrike prej bronzi dhe leht\u00ebsimi automatik i presionit sigurojn\u00eb nj\u00eb jet\u00ebgjat\u00ebsi t\u00eb gjat\u00eb sh\u00ebrbimi. N\u00eb t\u00eb nj\u00ebjt\u00ebn koh\u00eb, ajo b\u00ebn p\u00ebrshtypje me zhvillimet e reja inovative q\u00eb rrisin komoditetin e pun\u00ebs p\u00ebr operatorin n\u00eb planin afatgjat\u00eb duke siguruar funksionim pa mundim dhe konfigurim dhe \u00e7montim q\u00eb kursen koh\u00eb. Pistoleta me presion t\u00eb lart\u00eb EASY!Force p\u00ebrdor forc\u00ebn e t\u00ebrheqjes s\u00eb sp\u00ebrkat\u00ebsit me presion t\u00eb lart\u00eb p\u00ebr t\u00eb ulur forc\u00ebn mbajt\u00ebse n\u00eb zero, nd\u00ebrsa element\u00ebt e lidhjes s\u00eb shpejt\u00eb EASY!Lock e b\u00ebjn\u00eb trajtimin pes\u00eb her\u00eb m\u00eb t\u00eb shpejt\u00eb sesa me lidhjet konvencionale me vid\u00eb, pa b\u00ebr\u00eb kompromis kur b\u00ebhet fjal\u00eb p\u00ebr q\u00ebndrueshm\u00ebrin\u00eb dhe jet\u00ebgjat\u00ebsin\u00eb. N\u00eb p\u00ebrgjith\u00ebsi, nj\u00eb paket\u00eb gjith\u00ebp\u00ebrfshir\u00ebse pajisjesh p\u00ebr rezultate t\u00eb shk\u00eblqyera pastrimi, me nj\u00eb nivel t\u00eb lart\u00eb komoditeti dhe nj\u00eb jet\u00ebgjat\u00ebsi t\u00eb gjat\u00eb sh\u00ebrbimi.<\/p>","protected":false},"excerpt":{"rendered":"<p>Pastruesi kompakt, i leht\u00eb dhe i gjithansh\u00ebm me presion t\u00eb lart\u00eb HD 5\/15 C me uj\u00eb t\u00eb ftoht\u00eb ofron l\u00ebvizshm\u00ebri<\/p>","protected":false},"featured_media":16399,"template":"","meta":{"_crdt_document":""},"product_brand":[99],"product_cat":[81],"product_tag":[],"class_list":{"0":"post-16200","1":"product","2":"type-product","3":"status-publish","4":"has-post-thumbnail","6":"product_brand-karcher","7":"product_cat-pompe-lavazhi-professional","9":"first","10":"instock","11":"shipping-taxable","12":"purchasable","13":"product-type-simple"},"jetpack_sharing_enabled":true,"_links":{"self":[{"href":"https:\/\/danfosal.com\/en\/wp-json\/wp\/v2\/product\/16200","targetHints":{"allow":["GET"]}}],"collection":[{"href":"https:\/\/danfosal.com\/en\/wp-json\/wp\/v2\/product"}],"about":[{"href":"https:\/\/danfosal.com\/en\/wp-json\/wp\/v2\/types\/product"}],"version-history":[{"count":1,"href":"https:\/\/danfosal.com\/en\/wp-json\/wp\/v2\/product\/16200\/revisions"}],"predecessor-version":[{"id":16201,"href":"https:\/\/danfosal.com\/en\/wp-json\/wp\/v2\/product\/16200\/revisions\/16201"}],"wp:featuredmedia":[{"embeddable":true,"href":"https:\/\/danfosal.com\/en\/wp-json\/wp\/v2\/media\/16399"}],"wp:attachment":[{"href":"https:\/\/danfosal.com\/en\/wp-json\/wp\/v2\/media?parent=16200"}],"wp:term":[{"taxonomy":"product_brand","embeddable":true,"href":"https:\/\/danfosal.com\/en\/wp-json\/wp\/v2\/product_brand?post=16200"},{"taxonomy":"product_cat","embeddable":true,"href":"https:\/\/danfosal.com\/en\/wp-json\/wp\/v2\/product_cat?post=16200"},{"taxonomy":"product_tag","embeddable":true,"href":"https:\/\/danfosal.com\/en\/wp-json\/wp\/v2\/product_tag?post=16200"}],"curies":[{"name":"wp","href":"https:\/\/api.w.org\/{rel}","templated":true}]}}