{"id":16202,"date":"2025-05-10T22:48:09","date_gmt":"2025-05-10T22:48:09","guid":{"rendered":"https:\/\/danfosal.com\/?post_type=product&#038;p=16202"},"modified":"2025-05-14T17:31:14","modified_gmt":"2025-05-14T17:31:14","slug":"karcher-hd-7-20-g-classic","status":"publish","type":"product","link":"https:\/\/danfosal.com\/en\/product\/karcher-hd-7-20-g-classic\/","title":{"rendered":"Karcher HD 7\/20 G Classic"},"content":{"rendered":"<p>Industria e nd\u00ebrtimit, bashkit\u00eb, artizanatet dhe pastrimi i nd\u00ebrtesave p\u00ebrfitojn\u00eb n\u00eb ve\u00e7anti nga disponueshm\u00ebria e vet\u00eb-mjaftueshme operative e pastruesit ton\u00eb t\u00eb l\u00ebvizsh\u00ebm me presion t\u00eb lart\u00eb me uj\u00eb t\u00eb ftoht\u00eb HD 7\/20 G Classic. Motori i tij i fuqish\u00ebm me benzin\u00eb \u200b\u200b(EU STAGE V) b\u00ebn t\u00eb mundur kryerjen e detyrave t\u00eb pastrimit edhe n\u00eb vende pa furnizim t\u00eb jasht\u00ebm me energji; presioni i pun\u00ebs prej 200 bar, pompa e fuqishme e boshtit t\u00eb kthetrave dhe nj\u00eb shpejt\u00ebsi rrjedhjeje deri n\u00eb 700 litra uj\u00eb n\u00eb or\u00eb japin rezultate t\u00eb jasht\u00ebzakonshme. Fal\u00eb rrotave rezistente ndaj shpimit dhe korniz\u00ebs s\u00eb q\u00ebndrueshme prej \u00e7eliku tubular, makina krenohet me l\u00ebvizshm\u00ebrin\u00eb dhe q\u00ebndrueshm\u00ebrin\u00eb e nevojshme; doreza ergonomike e shtytjes, hap\u00ebsira e ruajtjes s\u00eb aksesor\u00ebve, p\u00ebr shembull, tubi dhe shtiza me presion t\u00eb lart\u00eb dhe dimensionet kompakte e b\u00ebjn\u00eb t\u00eb leht\u00eb p\u00ebr t&#8217;u trajtuar dhe transportuar n\u00eb makin\u00eb. Nj\u00eb filt\u00ebr i madh uji dhe valvula termike dhe sigurie ofrojn\u00eb mbrojtje efikase p\u00ebr komponent\u00ebt e brendsh\u00ebm, t\u00eb cil\u00ebt jan\u00eb gjithashtu shum\u00eb leht\u00eb t\u00eb arritsh\u00ebm p\u00ebr detyrat e sh\u00ebrbimit.<\/p>","protected":false},"excerpt":{"rendered":"<p>Industria e nd\u00ebrtimit, bashkit\u00eb, artizanatet dhe pastrimi i nd\u00ebrtesave p\u00ebrfitojn\u00eb n\u00eb ve\u00e7anti nga disponueshm\u00ebria e vet\u00eb-mjaftueshme operative e pastruesit ton\u00eb<\/p>","protected":false},"featured_media":16409,"template":"","meta":{"_crdt_document":""},"product_brand":[99],"product_cat":[81],"product_tag":[],"class_list":{"0":"post-16202","1":"product","2":"type-product","3":"status-publish","4":"has-post-thumbnail","6":"product_brand-karcher","7":"product_cat-pompe-lavazhi-professional","9":"first","10":"instock","11":"shipping-taxable","12":"purchasable","13":"product-type-simple"},"jetpack_sharing_enabled":true,"_links":{"self":[{"href":"https:\/\/danfosal.com\/en\/wp-json\/wp\/v2\/product\/16202","targetHints":{"allow":["GET"]}}],"collection":[{"href":"https:\/\/danfosal.com\/en\/wp-json\/wp\/v2\/product"}],"about":[{"href":"https:\/\/danfosal.com\/en\/wp-json\/wp\/v2\/types\/product"}],"version-history":[{"count":1,"href":"https:\/\/danfosal.com\/en\/wp-json\/wp\/v2\/product\/16202\/revisions"}],"predecessor-version":[{"id":16203,"href":"https:\/\/danfosal.com\/en\/wp-json\/wp\/v2\/product\/16202\/revisions\/16203"}],"wp:featuredmedia":[{"embeddable":true,"href":"https:\/\/danfosal.com\/en\/wp-json\/wp\/v2\/media\/16409"}],"wp:attachment":[{"href":"https:\/\/danfosal.com\/en\/wp-json\/wp\/v2\/media?parent=16202"}],"wp:term":[{"taxonomy":"product_brand","embeddable":true,"href":"https:\/\/danfosal.com\/en\/wp-json\/wp\/v2\/product_brand?post=16202"},{"taxonomy":"product_cat","embeddable":true,"href":"https:\/\/danfosal.com\/en\/wp-json\/wp\/v2\/product_cat?post=16202"},{"taxonomy":"product_tag","embeddable":true,"href":"https:\/\/danfosal.com\/en\/wp-json\/wp\/v2\/product_tag?post=16202"}],"curies":[{"name":"wp","href":"https:\/\/api.w.org\/{rel}","templated":true}]}}