{"id":16204,"date":"2025-05-10T22:48:10","date_gmt":"2025-05-10T22:48:10","guid":{"rendered":"https:\/\/danfosal.com\/?post_type=product&#038;p=16204"},"modified":"2025-05-28T21:23:41","modified_gmt":"2025-05-28T21:23:41","slug":"karcher-hd-9-20-4","status":"publish","type":"product","link":"https:\/\/danfosal.com\/en\/product\/karcher-hd-9-20-4\/","title":{"rendered":"Karcher HD 9\/20-4"},"content":{"rendered":"<p>Pastruesi me presion t\u00eb lart\u00eb HD 9\/20-4 Classic \u00ebsht\u00eb modeli me performanc\u00eb m\u00eb t\u00eb lart\u00eb n\u00eb gam\u00ebn HD Classic. Makina funksionon me rrym\u00eb trefazore, ka nj\u00eb rrjedh\u00eb uji mbres\u00ebl\u00ebn\u00ebse prej 900 l\/h dhe \u00ebsht\u00eb sinonim i q\u00ebndrueshm\u00ebris\u00eb s\u00eb lart\u00eb. T\u00eb gjith\u00eb komponent\u00ebt jan\u00eb t\u00eb projektuar p\u00ebr p\u00ebrdorim t\u00eb vazhduesh\u00ebm. Funksionimi intuitiv, dimensionet kompakte dhe pesha e ul\u00ebt garantojn\u00eb trajtim t\u00eb rehatsh\u00ebm. Pastruesi me presion t\u00eb lart\u00eb ofron hap\u00ebsir\u00eb \u200b\u200bt\u00eb bollshme ruajtjeje n\u00eb makin\u00eb p\u00ebr gryk\u00ebn, sond\u00ebn dhe aksesor\u00ebt e tjer\u00eb. HD 9\/20-4 Classic \u00ebsht\u00eb gjithashtu mbres\u00ebl\u00ebn\u00ebs p\u00ebr sa i p\u00ebrket efikasitetit: koh\u00ebt e reduktuara t\u00eb pastrimit sigurojn\u00eb nj\u00eb plus p\u00ebr fitim. Mir\u00ebsjellja ndaj sh\u00ebrbimit \u00ebsht\u00eb nj\u00eb bonus shtes\u00eb. Makina ofron qasje t\u00eb leht\u00eb n\u00eb t\u00eb gjitha pjes\u00ebt p\u00ebrkat\u00ebse t\u00eb makin\u00ebs.<\/p>","protected":false},"excerpt":{"rendered":"<p>Pastruesi me presion t\u00eb lart\u00eb HD 9\/20-4 Classic \u00ebsht\u00eb modeli me performanc\u00eb m\u00eb t\u00eb lart\u00eb n\u00eb gam\u00ebn HD Classic. Makina<\/p>","protected":false},"featured_media":16410,"template":"","meta":{"_crdt_document":""},"product_brand":[99],"product_cat":[81],"product_tag":[],"class_list":{"0":"post-16204","1":"product","2":"type-product","3":"status-publish","4":"has-post-thumbnail","6":"product_brand-karcher","7":"product_cat-pompe-lavazhi-professional","9":"first","10":"instock","11":"sale","12":"shipping-taxable","13":"purchasable","14":"product-type-simple"},"jetpack_sharing_enabled":true,"_links":{"self":[{"href":"https:\/\/danfosal.com\/en\/wp-json\/wp\/v2\/product\/16204","targetHints":{"allow":["GET"]}}],"collection":[{"href":"https:\/\/danfosal.com\/en\/wp-json\/wp\/v2\/product"}],"about":[{"href":"https:\/\/danfosal.com\/en\/wp-json\/wp\/v2\/types\/product"}],"version-history":[{"count":1,"href":"https:\/\/danfosal.com\/en\/wp-json\/wp\/v2\/product\/16204\/revisions"}],"predecessor-version":[{"id":16205,"href":"https:\/\/danfosal.com\/en\/wp-json\/wp\/v2\/product\/16204\/revisions\/16205"}],"wp:featuredmedia":[{"embeddable":true,"href":"https:\/\/danfosal.com\/en\/wp-json\/wp\/v2\/media\/16410"}],"wp:attachment":[{"href":"https:\/\/danfosal.com\/en\/wp-json\/wp\/v2\/media?parent=16204"}],"wp:term":[{"taxonomy":"product_brand","embeddable":true,"href":"https:\/\/danfosal.com\/en\/wp-json\/wp\/v2\/product_brand?post=16204"},{"taxonomy":"product_cat","embeddable":true,"href":"https:\/\/danfosal.com\/en\/wp-json\/wp\/v2\/product_cat?post=16204"},{"taxonomy":"product_tag","embeddable":true,"href":"https:\/\/danfosal.com\/en\/wp-json\/wp\/v2\/product_tag?post=16204"}],"curies":[{"name":"wp","href":"https:\/\/api.w.org\/{rel}","templated":true}]}}