{"id":16206,"date":"2025-05-10T22:48:10","date_gmt":"2025-05-10T22:48:10","guid":{"rendered":"https:\/\/danfosal.com\/?post_type=product&#038;p=16206"},"modified":"2025-05-14T17:32:26","modified_gmt":"2025-05-14T17:32:26","slug":"karcher-hd-9-25-g-classic","status":"publish","type":"product","link":"https:\/\/danfosal.com\/en\/product\/karcher-hd-9-25-g-classic\/","title":{"rendered":"Karcher HD 9\/25 G Classic"},"content":{"rendered":"<p>Me nj\u00eb presion pune deri n\u00eb 250 bar, 900 litra uj\u00eb n\u00eb or\u00eb dhe pomp\u00eb t\u00eb fuqishme me bosht t\u00eb rrot\u00ebs, pastruesi me presion t\u00eb lart\u00eb me uj\u00eb t\u00eb ftoht\u00eb HD 9\/25 G Classic mund t\u00eb p\u00ebrballoj\u00eb pa mundim edhe detyrat e pastrimit me k\u00ebrkesa t\u00eb larta. Fal\u00eb motorit t\u00eb fuqish\u00ebm me benzin\u00eb \u200b\u200bEU STAGE V, i cili eliminon nevoj\u00ebn p\u00ebr nj\u00eb furnizim t\u00eb jasht\u00ebm me energji, dhe i pajisur me nj\u00eb korniz\u00eb \u00e7eliku tubulare t\u00eb fort\u00eb dhe rrota rezistente ndaj shpimit, HD 9\/25 G Classic \u00ebsht\u00eb i p\u00ebrshtatsh\u00ebm p\u00ebr p\u00ebrdorim t\u00eb r\u00ebnd\u00eb n\u00eb kantiere nd\u00ebrtimi, n\u00eb artizanat, n\u00eb bashki ose nga kontraktor\u00ebt e sh\u00ebrbimeve t\u00eb nd\u00ebrtimit. Nj\u00eb dorez\u00eb ergonomike shtyt\u00ebse dhe dimensione shum\u00eb kompakte dhe magazinimi i aksesor\u00ebve, p\u00ebr shembull, tub dhe lan\u00e7 me presion t\u00eb lart\u00eb, e b\u00ebjn\u00eb makin\u00ebn t\u00eb leht\u00eb p\u00ebr t&#8217;u trajtuar dhe transportuar n\u00eb makin\u00eb. Komponent\u00ebt e r\u00ebnd\u00ebsish\u00ebm t\u00eb makin\u00ebs jan\u00eb leht\u00ebsisht t\u00eb arritsh\u00ebm p\u00ebr detyrat e sh\u00ebrbimit dhe mbrohen n\u00eb m\u00ebnyr\u00eb efektive nga valvulat termike dhe t\u00eb siguris\u00eb, si dhe nj\u00eb filt\u00ebr i madh uji.<\/p>","protected":false},"excerpt":{"rendered":"<p>Me nj\u00eb presion pune deri n\u00eb 250 bar, 900 litra uj\u00eb n\u00eb or\u00eb dhe pomp\u00eb t\u00eb fuqishme me bosht t\u00eb<\/p>","protected":false},"featured_media":16411,"template":"","meta":{"_crdt_document":""},"product_brand":[99],"product_cat":[81],"product_tag":[],"class_list":{"0":"post-16206","1":"product","2":"type-product","3":"status-publish","4":"has-post-thumbnail","6":"product_brand-karcher","7":"product_cat-pompe-lavazhi-professional","9":"first","10":"instock","11":"shipping-taxable","12":"purchasable","13":"product-type-simple"},"jetpack_sharing_enabled":true,"_links":{"self":[{"href":"https:\/\/danfosal.com\/en\/wp-json\/wp\/v2\/product\/16206","targetHints":{"allow":["GET"]}}],"collection":[{"href":"https:\/\/danfosal.com\/en\/wp-json\/wp\/v2\/product"}],"about":[{"href":"https:\/\/danfosal.com\/en\/wp-json\/wp\/v2\/types\/product"}],"version-history":[{"count":1,"href":"https:\/\/danfosal.com\/en\/wp-json\/wp\/v2\/product\/16206\/revisions"}],"predecessor-version":[{"id":16207,"href":"https:\/\/danfosal.com\/en\/wp-json\/wp\/v2\/product\/16206\/revisions\/16207"}],"wp:featuredmedia":[{"embeddable":true,"href":"https:\/\/danfosal.com\/en\/wp-json\/wp\/v2\/media\/16411"}],"wp:attachment":[{"href":"https:\/\/danfosal.com\/en\/wp-json\/wp\/v2\/media?parent=16206"}],"wp:term":[{"taxonomy":"product_brand","embeddable":true,"href":"https:\/\/danfosal.com\/en\/wp-json\/wp\/v2\/product_brand?post=16206"},{"taxonomy":"product_cat","embeddable":true,"href":"https:\/\/danfosal.com\/en\/wp-json\/wp\/v2\/product_cat?post=16206"},{"taxonomy":"product_tag","embeddable":true,"href":"https:\/\/danfosal.com\/en\/wp-json\/wp\/v2\/product_tag?post=16206"}],"curies":[{"name":"wp","href":"https:\/\/api.w.org\/{rel}","templated":true}]}}