{"id":16208,"date":"2025-05-10T22:48:10","date_gmt":"2025-05-10T22:48:10","guid":{"rendered":"https:\/\/danfosal.com\/?post_type=product&#038;p=16208"},"modified":"2025-05-14T17:38:43","modified_gmt":"2025-05-14T17:38:43","slug":"karcher-k2","status":"publish","type":"product","link":"https:\/\/danfosal.com\/en\/product\/karcher-k2\/","title":{"rendered":"Karcher K2"},"content":{"rendered":"<p>Dizajni kompakt takon fuqin\u00eb e pastrimit: K 2 Classic \u00ebsht\u00eb i leht\u00eb p\u00ebr t\u2019u p\u00ebrdorur, i l\u00ebvizsh\u00ebm dhe fleksib\u00ebl, por ofron fuqin\u00eb e plot\u00eb t\u00eb nj\u00eb lar\u00ebsi me presion. Pajisja mund t\u00eb ruhet leht\u00ebsisht pothuajse kudo p\u00ebr t\u00eb kursyer hap\u00ebsir\u00eb, dhe tubi me presion t\u00eb lart\u00eb mund t\u00eb ruhet pa mundim n\u00eb kapakun e p\u00ebrparm\u00eb. Me nj\u00eb pistolet\u00eb me shkrep\u00ebse Quick Connect, tub me presion t\u00eb lart\u00eb 3 metra, nj\u00eb shtiz\u00eb sp\u00ebrkat\u00ebse t\u00eb vetme, nj\u00eb pastrues pluhuri dhe nj\u00eb filt\u00ebr uji, K 2 Compact \u00ebsht\u00eb ideal p\u00ebr p\u00ebrdorim t\u00eb rastit n\u00eb papast\u00ebrti t\u00eb leht\u00eb n\u00eb mobilje kopshti, vegla kopshti, bi\u00e7ikleta dhe gjetk\u00eb n\u00eb sht\u00ebpi. Performanca e sip\u00ebrfaqes \u00ebsht\u00eb 20 m\u00b2\/or\u00eb.<\/p>","protected":false},"excerpt":{"rendered":"<p>Dizajni kompakt takon fuqin\u00eb e pastrimit: K 2 Classic \u00ebsht\u00eb i leht\u00eb p\u00ebr t\u2019u p\u00ebrdorur, i l\u00ebvizsh\u00ebm dhe fleksib\u00ebl, por<\/p>","protected":false},"featured_media":16413,"template":"","meta":{"_crdt_document":""},"product_brand":[99],"product_cat":[94],"product_tag":[],"class_list":{"0":"post-16208","1":"product","2":"type-product","3":"status-publish","4":"has-post-thumbnail","6":"product_brand-karcher","7":"product_cat-pompe-lavazhi-shtepiake","9":"first","10":"instock","11":"shipping-taxable","12":"purchasable","13":"product-type-simple"},"jetpack_sharing_enabled":true,"_links":{"self":[{"href":"https:\/\/danfosal.com\/en\/wp-json\/wp\/v2\/product\/16208","targetHints":{"allow":["GET"]}}],"collection":[{"href":"https:\/\/danfosal.com\/en\/wp-json\/wp\/v2\/product"}],"about":[{"href":"https:\/\/danfosal.com\/en\/wp-json\/wp\/v2\/types\/product"}],"version-history":[{"count":1,"href":"https:\/\/danfosal.com\/en\/wp-json\/wp\/v2\/product\/16208\/revisions"}],"predecessor-version":[{"id":16209,"href":"https:\/\/danfosal.com\/en\/wp-json\/wp\/v2\/product\/16208\/revisions\/16209"}],"wp:featuredmedia":[{"embeddable":true,"href":"https:\/\/danfosal.com\/en\/wp-json\/wp\/v2\/media\/16413"}],"wp:attachment":[{"href":"https:\/\/danfosal.com\/en\/wp-json\/wp\/v2\/media?parent=16208"}],"wp:term":[{"taxonomy":"product_brand","embeddable":true,"href":"https:\/\/danfosal.com\/en\/wp-json\/wp\/v2\/product_brand?post=16208"},{"taxonomy":"product_cat","embeddable":true,"href":"https:\/\/danfosal.com\/en\/wp-json\/wp\/v2\/product_cat?post=16208"},{"taxonomy":"product_tag","embeddable":true,"href":"https:\/\/danfosal.com\/en\/wp-json\/wp\/v2\/product_tag?post=16208"}],"curies":[{"name":"wp","href":"https:\/\/api.w.org\/{rel}","templated":true}]}}