{"id":16212,"date":"2025-05-10T22:48:11","date_gmt":"2025-05-10T22:48:11","guid":{"rendered":"https:\/\/danfosal.com\/?post_type=product&#038;p=16212"},"modified":"2025-05-14T17:40:11","modified_gmt":"2025-05-14T17:40:11","slug":"karcher-k5","status":"publish","type":"product","link":"https:\/\/danfosal.com\/en\/product\/karcher-k5\/","title":{"rendered":"Karcher K5"},"content":{"rendered":"<p>K5 Basic p\u00ebr papast\u00ebrti mesatare i l\u00eb makinat e m\u00ebdha, bi\u00e7ikletat dhe madje edhe muret prej guri n\u00eb m\u00ebnyr\u00eb t\u00eb p\u00ebrsosur t\u00eb pastra. Pastruesi me presion \u00ebsht\u00eb i pajisur me nj\u00eb motor t\u00eb fuqish\u00ebm t\u00eb ftohur me uj\u00eb dhe ka nj\u00eb pistolet\u00eb shkrep\u00ebse me sistem bashkimi t\u00eb shpejt\u00eb Quick Connect dhe nj\u00eb tub presioni t\u00eb lart\u00eb 8 metrash. Ekziston gjithashtu nj\u00eb shpues sp\u00ebrkatjeje Vario Power (VPS) q\u00eb e b\u00ebn t\u00eb thjesht\u00eb vendosjen e presionit t\u00eb k\u00ebrkuar dhe ofron trajtim t\u00eb but\u00eb p\u00ebr sip\u00ebrfaqet delikate, si dhe nj\u00eb pastrues papast\u00ebrtie me nj\u00eb avion t\u00eb fuqish\u00ebm rrotullues p\u00ebr t&#8217;u marr\u00eb me papast\u00ebrtit\u00eb m\u00eb kok\u00ebforta. Filtri i integruar i ujit sh\u00ebrben p\u00ebr t\u00eb mbrojtur pomp\u00ebn.<\/p>","protected":false},"excerpt":{"rendered":"<p>K5 Basic p\u00ebr papast\u00ebrti mesatare i l\u00eb makinat e m\u00ebdha, bi\u00e7ikletat dhe madje edhe muret prej guri n\u00eb m\u00ebnyr\u00eb t\u00eb<\/p>","protected":false},"featured_media":16430,"template":"","meta":{"_crdt_document":""},"product_brand":[99],"product_cat":[94],"product_tag":[],"class_list":{"0":"post-16212","1":"product","2":"type-product","3":"status-publish","4":"has-post-thumbnail","6":"product_brand-karcher","7":"product_cat-pompe-lavazhi-shtepiake","9":"first","10":"instock","11":"shipping-taxable","12":"purchasable","13":"product-type-simple"},"jetpack_sharing_enabled":true,"_links":{"self":[{"href":"https:\/\/danfosal.com\/en\/wp-json\/wp\/v2\/product\/16212","targetHints":{"allow":["GET"]}}],"collection":[{"href":"https:\/\/danfosal.com\/en\/wp-json\/wp\/v2\/product"}],"about":[{"href":"https:\/\/danfosal.com\/en\/wp-json\/wp\/v2\/types\/product"}],"version-history":[{"count":1,"href":"https:\/\/danfosal.com\/en\/wp-json\/wp\/v2\/product\/16212\/revisions"}],"predecessor-version":[{"id":16213,"href":"https:\/\/danfosal.com\/en\/wp-json\/wp\/v2\/product\/16212\/revisions\/16213"}],"wp:featuredmedia":[{"embeddable":true,"href":"https:\/\/danfosal.com\/en\/wp-json\/wp\/v2\/media\/16430"}],"wp:attachment":[{"href":"https:\/\/danfosal.com\/en\/wp-json\/wp\/v2\/media?parent=16212"}],"wp:term":[{"taxonomy":"product_brand","embeddable":true,"href":"https:\/\/danfosal.com\/en\/wp-json\/wp\/v2\/product_brand?post=16212"},{"taxonomy":"product_cat","embeddable":true,"href":"https:\/\/danfosal.com\/en\/wp-json\/wp\/v2\/product_cat?post=16212"},{"taxonomy":"product_tag","embeddable":true,"href":"https:\/\/danfosal.com\/en\/wp-json\/wp\/v2\/product_tag?post=16212"}],"curies":[{"name":"wp","href":"https:\/\/api.w.org\/{rel}","templated":true}]}}