{"id":16216,"date":"2025-05-10T22:48:11","date_gmt":"2025-05-10T22:48:11","guid":{"rendered":"https:\/\/danfosal.com\/?post_type=product&#038;p=16216"},"modified":"2025-05-29T22:13:27","modified_gmt":"2025-05-29T22:13:27","slug":"karcher-kb-5","status":"publish","type":"product","link":"https:\/\/danfosal.com\/en\/product\/karcher-kb-5\/","title":{"rendered":"Karcher KB 5"},"content":{"rendered":"<p>Fshesa elektrike pa tel KB 5 \u00ebsht\u00eb nj\u00eb pajisje ideale pastrimi e nd\u00ebrmjetme p\u00ebr dysheme t\u00eb forta dhe qilima e tapete me fije t\u00eb ul\u00ebta. KB 5 fuqizohet nga nj\u00eb bateri litium-jon dhe ofron performanc\u00eb t\u00eb jasht\u00ebzakonshme pastrimi n\u00eb nj\u00eb dizajn kompakt. Kjo fshes\u00eb elektrike pa tel e leht\u00eb dhe q\u00eb kursen hap\u00ebsir\u00eb \u200b\u200bheq plot\u00ebsisht papast\u00ebrtin\u00eb e dukshme me fur\u00e7\u00ebn e saj universale. Fal\u00eb bashkimit t\u00eb saj t\u00eb dyfisht\u00eb fleksib\u00ebl, ajo mund t\u00eb vendoset pa mundim midis karrigeve dhe posht\u00eb mobiljeve, pastron shkall\u00ebt pa probleme dhe fshin n\u00eb m\u00ebnyr\u00eb efektive deri n\u00eb skaje. Mund t\u00eb p\u00ebrdoret p\u00ebr t\u00eb punuar n\u00eb m\u00ebnyr\u00eb ergonomike pa pasur nevoj\u00eb t\u00eb p\u00ebrkuleni dhe krenohet me nj\u00eb funksion automatik ndezjeje\/fikjeje, si dhe nj\u00eb en\u00eb t\u00eb p\u00ebrshtatshme mbeturinash q\u00eb mund t\u00eb hiqet nga ana. KUJDES: Ky produkt mund t&#8217;ju ekspozoj\u00eb ndaj kimikateve, duke p\u00ebrfshir\u00eb plumbin dhe Diisononil ftalatin, t\u00eb cilat njihen nga Shteti i Kalifornis\u00eb si shkaktare t\u00eb kancerit. P\u00ebr m\u00eb shum\u00eb informacion, vizitoni www.P65Warnings.ca.gov.<\/p>","protected":false},"excerpt":{"rendered":"<p>Fshesa elektrike pa tel KB 5 \u00ebsht\u00eb nj\u00eb pajisje ideale pastrimi e nd\u00ebrmjetme p\u00ebr dysheme t\u00eb forta dhe qilima e<\/p>","protected":false},"featured_media":16443,"template":"","meta":{"_crdt_document":""},"product_brand":[99],"product_cat":[98],"product_tag":[],"class_list":{"0":"post-16216","1":"product","2":"type-product","3":"status-publish","4":"has-post-thumbnail","6":"product_brand-karcher","7":"product_cat-thithese-me-bateri-shtepiake","9":"first","10":"instock","11":"shipping-taxable","12":"purchasable","13":"product-type-simple"},"jetpack_sharing_enabled":true,"_links":{"self":[{"href":"https:\/\/danfosal.com\/en\/wp-json\/wp\/v2\/product\/16216","targetHints":{"allow":["GET"]}}],"collection":[{"href":"https:\/\/danfosal.com\/en\/wp-json\/wp\/v2\/product"}],"about":[{"href":"https:\/\/danfosal.com\/en\/wp-json\/wp\/v2\/types\/product"}],"version-history":[{"count":1,"href":"https:\/\/danfosal.com\/en\/wp-json\/wp\/v2\/product\/16216\/revisions"}],"predecessor-version":[{"id":16217,"href":"https:\/\/danfosal.com\/en\/wp-json\/wp\/v2\/product\/16216\/revisions\/16217"}],"wp:featuredmedia":[{"embeddable":true,"href":"https:\/\/danfosal.com\/en\/wp-json\/wp\/v2\/media\/16443"}],"wp:attachment":[{"href":"https:\/\/danfosal.com\/en\/wp-json\/wp\/v2\/media?parent=16216"}],"wp:term":[{"taxonomy":"product_brand","embeddable":true,"href":"https:\/\/danfosal.com\/en\/wp-json\/wp\/v2\/product_brand?post=16216"},{"taxonomy":"product_cat","embeddable":true,"href":"https:\/\/danfosal.com\/en\/wp-json\/wp\/v2\/product_cat?post=16216"},{"taxonomy":"product_tag","embeddable":true,"href":"https:\/\/danfosal.com\/en\/wp-json\/wp\/v2\/product_tag?post=16216"}],"curies":[{"name":"wp","href":"https:\/\/api.w.org\/{rel}","templated":true}]}}