{"id":16218,"date":"2025-05-10T22:48:11","date_gmt":"2025-05-10T22:48:11","guid":{"rendered":"https:\/\/danfosal.com\/?post_type=product&#038;p=16218"},"modified":"2025-05-14T22:52:57","modified_gmt":"2025-05-14T22:52:57","slug":"karcher-km-85-50-r-bp-pack-2sb","status":"publish","type":"product","link":"https:\/\/danfosal.com\/en\/product\/karcher-km-85-50-r-bp-pack-2sb\/","title":{"rendered":"Karcher KM 85\/50 R BP Pack 2SB"},"content":{"rendered":"<p>Pajisje kompakte dhe t\u00eb jasht\u00ebzakonshme, t\u00eb lehta p\u00ebr t\u2019u p\u00ebrdorur dhe shum\u00eb t\u00eb p\u00ebrballueshme: fshesa jon\u00eb me korrent KM 85\/50 R Bp Pack, e cila mund t\u00eb hip\u00eb n\u00eb makin\u00eb, t\u00eb l\u00eb mbresa n\u00eb t\u00eb gjitha aspektet. Madh\u00ebsia e vog\u00ebl e k\u00ebtij modeli t\u00eb nivelit fillestar e b\u00ebn gjithashtu makin\u00ebn ideale p\u00ebr pun\u00eb n\u00eb hap\u00ebsira t\u00eb ngushta dhe t\u00eb mbingarkuara, nd\u00ebrsa ajo b\u00ebn p\u00ebrshtypje n\u00eb zon\u00ebn e brendshme dhe t\u00eb jashtme me nj\u00eb performanc\u00eb t\u00eb lart\u00eb n\u00eb sip\u00ebrfaqe dhe mund t\u00eb demonstroj\u00eb pikat e saj t\u00eb forta me besim. Dy fur\u00e7a an\u00ebsore t\u00eb kthyeshme me rregullim shpejt\u00ebsie &#8211; n\u00eb t\u00eb djatht\u00eb dhe t\u00eb majt\u00eb t\u00eb makin\u00ebs -, nj\u00eb filt\u00ebr i madh pluhuri p\u00ebr pun\u00eb pa pluhur, nj\u00eb tregues konsumimi n\u00eb rulin kryesor t\u00eb fshes\u00ebs q\u00eb \u00ebsht\u00eb i duksh\u00ebm nga jasht\u00eb, si dhe nj\u00eb bateri dhe karikues baterie, vijn\u00eb si standard. Ruli l\u00ebkund\u00ebs nuk ka nevoj\u00eb t\u00eb rirregullohet dhe megjithat\u00eb heq papast\u00ebrtin\u00eb pa l\u00ebn\u00eb mbetje edhe n\u00eb terren t\u00eb pabarabart\u00eb. Puna e mir\u00ebmbajtjes mund t\u00eb kryhet leht\u00ebsisht. P\u00ebr shembull, filtri i pluhurit mund t\u00eb pastrohet leht\u00ebsisht nga sedilja dhe ruli kryesor i fshes\u00ebs mund t\u00eb ndryshohet pa pasur nevoj\u00eb p\u00ebr mjete. Kapaku i makin\u00ebs me hapje t\u00eb gjer\u00eb lejon qasje t\u00eb p\u00ebrshtatshme n\u00eb komponent\u00ebt e brendsh\u00ebm. Fal\u00eb sistemit inteligjent Home Base, \u00ebsht\u00eb gjithashtu e mundur t\u00eb mbani me vete vegla shtes\u00eb pastrimi.<\/p>","protected":false},"excerpt":{"rendered":"<p>Pajisje kompakte dhe t\u00eb jasht\u00ebzakonshme, t\u00eb lehta p\u00ebr t\u2019u p\u00ebrdorur dhe shum\u00eb t\u00eb p\u00ebrballueshme: fshesa jon\u00eb me korrent KM 85\/50<\/p>","protected":false},"featured_media":16455,"template":"","meta":{"_crdt_document":""},"product_brand":[99],"product_cat":[85],"product_tag":[],"class_list":{"0":"post-16218","1":"product","2":"type-product","3":"status-publish","4":"has-post-thumbnail","6":"product_brand-karcher","7":"product_cat-fshese-siperfaqesh-professional","9":"first","10":"instock","11":"featured","12":"shipping-taxable","13":"purchasable","14":"product-type-simple"},"jetpack_sharing_enabled":true,"_links":{"self":[{"href":"https:\/\/danfosal.com\/en\/wp-json\/wp\/v2\/product\/16218","targetHints":{"allow":["GET"]}}],"collection":[{"href":"https:\/\/danfosal.com\/en\/wp-json\/wp\/v2\/product"}],"about":[{"href":"https:\/\/danfosal.com\/en\/wp-json\/wp\/v2\/types\/product"}],"version-history":[{"count":1,"href":"https:\/\/danfosal.com\/en\/wp-json\/wp\/v2\/product\/16218\/revisions"}],"predecessor-version":[{"id":16219,"href":"https:\/\/danfosal.com\/en\/wp-json\/wp\/v2\/product\/16218\/revisions\/16219"}],"wp:featuredmedia":[{"embeddable":true,"href":"https:\/\/danfosal.com\/en\/wp-json\/wp\/v2\/media\/16455"}],"wp:attachment":[{"href":"https:\/\/danfosal.com\/en\/wp-json\/wp\/v2\/media?parent=16218"}],"wp:term":[{"taxonomy":"product_brand","embeddable":true,"href":"https:\/\/danfosal.com\/en\/wp-json\/wp\/v2\/product_brand?post=16218"},{"taxonomy":"product_cat","embeddable":true,"href":"https:\/\/danfosal.com\/en\/wp-json\/wp\/v2\/product_cat?post=16218"},{"taxonomy":"product_tag","embeddable":true,"href":"https:\/\/danfosal.com\/en\/wp-json\/wp\/v2\/product_tag?post=16218"}],"curies":[{"name":"wp","href":"https:\/\/api.w.org\/{rel}","templated":true}]}}