{"id":16222,"date":"2025-05-10T22:48:12","date_gmt":"2025-05-10T22:48:12","guid":{"rendered":"https:\/\/danfosal.com\/?post_type=product&#038;p=16222"},"modified":"2025-05-14T17:44:55","modified_gmt":"2025-05-14T17:44:55","slug":"karcher-nt-22-1","status":"publish","type":"product","link":"https:\/\/danfosal.com\/en\/product\/karcher-nt-22-1\/","title":{"rendered":"Karcher NT 22\/1"},"content":{"rendered":"<p>E vog\u00ebl, e fuqishme, e besueshme, jasht\u00ebzakonisht e gjithanshme dhe e leht\u00eb si nj\u00eb pend\u00eb: Fshesa jon\u00eb me korrent p\u00ebr pastrim t\u00eb lag\u00ebsht dhe t\u00eb that\u00eb NT 22\/1 Ap ofron rezultate mbres\u00ebl\u00ebn\u00ebse gjat\u00eb pun\u00ebs s\u00eb pastrimit t\u00eb leht\u00eb dhe t\u00eb moderuar n\u00eb nj\u00eb num\u00ebr aplikimesh komerciale. Fal\u00eb sistemit gjysm\u00ebautomatik t\u00eb pastrimit t\u00eb filtrit dhe filtrit me fishek\u00eb PES rezistent ndaj lag\u00ebshtir\u00ebs, \u200b\u200bajo mund t\u00eb trajtoj\u00eb pluhurin, papast\u00ebrtin\u00eb e trash\u00eb dhe l\u00ebngjet pa mundim. Lidhja e tubit t\u00eb thithjes e bashkangjitur direkt n\u00eb kok\u00ebn e pajisjes mund\u00ebson shfryt\u00ebzimin maksimal t\u00eb kapacitetit t\u00eb en\u00ebs. Dimensionet e saj shum\u00eb kompakte dhe pesha e ul\u00ebt mund\u00ebsojn\u00eb q\u00eb pajisja, e cila \u00ebsht\u00eb gjithashtu e leht\u00eb p\u00ebr t&#8217;u p\u00ebrdorur, t\u00eb transportohet n\u00eb m\u00ebnyr\u00eb t\u00eb p\u00ebrshtatshme dhe t\u00eb leht\u00eb.<\/p>","protected":false},"excerpt":{"rendered":"<p>E vog\u00ebl, e fuqishme, e besueshme, jasht\u00ebzakonisht e gjithanshme dhe e leht\u00eb si nj\u00eb pend\u00eb: Fshesa jon\u00eb me korrent p\u00ebr<\/p>","protected":false},"featured_media":16462,"template":"","meta":{"_crdt_document":""},"product_brand":[99],"product_cat":[83],"product_tag":[],"class_list":{"0":"post-16222","1":"product","2":"type-product","3":"status-publish","4":"has-post-thumbnail","6":"product_brand-karcher","7":"product_cat-thithese-e-thate-professional","9":"first","10":"instock","11":"shipping-taxable","12":"purchasable","13":"product-type-simple"},"jetpack_sharing_enabled":true,"_links":{"self":[{"href":"https:\/\/danfosal.com\/en\/wp-json\/wp\/v2\/product\/16222","targetHints":{"allow":["GET"]}}],"collection":[{"href":"https:\/\/danfosal.com\/en\/wp-json\/wp\/v2\/product"}],"about":[{"href":"https:\/\/danfosal.com\/en\/wp-json\/wp\/v2\/types\/product"}],"version-history":[{"count":1,"href":"https:\/\/danfosal.com\/en\/wp-json\/wp\/v2\/product\/16222\/revisions"}],"predecessor-version":[{"id":16223,"href":"https:\/\/danfosal.com\/en\/wp-json\/wp\/v2\/product\/16222\/revisions\/16223"}],"wp:featuredmedia":[{"embeddable":true,"href":"https:\/\/danfosal.com\/en\/wp-json\/wp\/v2\/media\/16462"}],"wp:attachment":[{"href":"https:\/\/danfosal.com\/en\/wp-json\/wp\/v2\/media?parent=16222"}],"wp:term":[{"taxonomy":"product_brand","embeddable":true,"href":"https:\/\/danfosal.com\/en\/wp-json\/wp\/v2\/product_brand?post=16222"},{"taxonomy":"product_cat","embeddable":true,"href":"https:\/\/danfosal.com\/en\/wp-json\/wp\/v2\/product_cat?post=16222"},{"taxonomy":"product_tag","embeddable":true,"href":"https:\/\/danfosal.com\/en\/wp-json\/wp\/v2\/product_tag?post=16222"}],"curies":[{"name":"wp","href":"https:\/\/api.w.org\/{rel}","templated":true}]}}