{"id":16224,"date":"2025-05-10T22:48:12","date_gmt":"2025-05-10T22:48:12","guid":{"rendered":"https:\/\/danfosal.com\/?post_type=product&#038;p=16224"},"modified":"2025-05-14T17:45:36","modified_gmt":"2025-05-14T17:45:36","slug":"karcher-nt-22-1-ap-te-l","status":"publish","type":"product","link":"https:\/\/danfosal.com\/en\/product\/karcher-nt-22-1-ap-te-l\/","title":{"rendered":"Karcher NT 22\/1 Ap TE L"},"content":{"rendered":"<p>NT 22\/1 AP TE L \u00ebsht\u00eb fshesa me korrent kompakte dhe e fuqishme p\u00ebr pastrim t\u00eb lag\u00ebsht dhe t\u00eb that\u00eb p\u00ebr profesionist\u00ebt n\u00eb l\u00ebvizje. Ideale p\u00ebr nd\u00ebrtim, rinovim dhe detyra t\u00eb p\u00ebrgjithshme pastrimi, kjo makin\u00eb kombinon performanc\u00eb t\u00eb fuqishme me karakteristika miq\u00ebsore p\u00ebr p\u00ebrdoruesit p\u00ebr t\u00eb trajtuar pluhurin, mbeturinat dhe l\u00ebngjet me leht\u00ebsi. P\u00ebrfitimet kryesore: E fuqishme dhe e gjithanshme: 1300 vat fuqi ofrojn\u00eb thithje t\u00eb fort\u00eb p\u00ebr pastrim efikas t\u00eb lag\u00ebsht dhe t\u00eb that\u00eb. P\u00ebrballoni gjith\u00e7ka me besim, nga pluhuri i im\u00ebt deri te papast\u00ebrtia dhe l\u00ebngjet e trasha. Pluhuri i Klas\u00ebs L: Mblidhni n\u00eb m\u00ebnyr\u00eb t\u00eb sigurt pluhurat me rrezik t\u00eb ul\u00ebt me filtrin e integruar t\u00eb fishek\u00ebve t\u00eb klasit L, duke mbrojtur sh\u00ebndetin tuaj dhe duke siguruar pajtueshm\u00ebri. Pastrim gjysm\u00eb-automatik: Mbani fuqi thithjeje t\u00eb q\u00ebndrueshme me sistemin gjysm\u00eb-automatik t\u00eb pastrimit t\u00eb filtrit Ap. Vazhdoni t\u00eb punoni pa nd\u00ebrprerje p\u00ebr mir\u00ebmbajtjen e filtrit. Priza e Veglave: Integroni pa probleme mjetet elektrike n\u00eb rrjedh\u00ebn tuaj t\u00eb pun\u00ebs. Fshesa me korrent fillon automatikisht kur aktivizohet mjeti, duke e mbajtur hap\u00ebsir\u00ebn tuaj t\u00eb pun\u00ebs t\u00eb past\u00ebr dhe pa pluhur. Kompakte dhe e l\u00ebvizshme: E leht\u00eb dhe e manovrueshme. Rezistent ndaj lag\u00ebshtir\u00ebs: Filtri PES p\u00ebr nd\u00ebrrim t\u00eb shpejt\u00eb t\u00eb lag\u00ebsht\/t\u00eb that\u00eb. Kapaciteti maksimal: Kapaciteti 22L i maksimizuar nga lidhja e integruar e tubit. E q\u00ebndrueshme dhe e besueshme: Makin\u00eb e fuqishme e projektuar p\u00ebr p\u00ebrdorim profesional.<\/p>","protected":false},"excerpt":{"rendered":"<p>NT 22\/1 AP TE L \u00ebsht\u00eb fshesa me korrent kompakte dhe e fuqishme p\u00ebr pastrim t\u00eb lag\u00ebsht dhe t\u00eb that\u00eb<\/p>","protected":false},"featured_media":16470,"template":"","meta":{"_crdt_document":""},"product_brand":[99],"product_cat":[83],"product_tag":[],"class_list":{"0":"post-16224","1":"product","2":"type-product","3":"status-publish","4":"has-post-thumbnail","6":"product_brand-karcher","7":"product_cat-thithese-e-thate-professional","9":"first","10":"instock","11":"shipping-taxable","12":"purchasable","13":"product-type-simple"},"jetpack_sharing_enabled":true,"_links":{"self":[{"href":"https:\/\/danfosal.com\/en\/wp-json\/wp\/v2\/product\/16224","targetHints":{"allow":["GET"]}}],"collection":[{"href":"https:\/\/danfosal.com\/en\/wp-json\/wp\/v2\/product"}],"about":[{"href":"https:\/\/danfosal.com\/en\/wp-json\/wp\/v2\/types\/product"}],"version-history":[{"count":1,"href":"https:\/\/danfosal.com\/en\/wp-json\/wp\/v2\/product\/16224\/revisions"}],"predecessor-version":[{"id":16225,"href":"https:\/\/danfosal.com\/en\/wp-json\/wp\/v2\/product\/16224\/revisions\/16225"}],"wp:featuredmedia":[{"embeddable":true,"href":"https:\/\/danfosal.com\/en\/wp-json\/wp\/v2\/media\/16470"}],"wp:attachment":[{"href":"https:\/\/danfosal.com\/en\/wp-json\/wp\/v2\/media?parent=16224"}],"wp:term":[{"taxonomy":"product_brand","embeddable":true,"href":"https:\/\/danfosal.com\/en\/wp-json\/wp\/v2\/product_brand?post=16224"},{"taxonomy":"product_cat","embeddable":true,"href":"https:\/\/danfosal.com\/en\/wp-json\/wp\/v2\/product_cat?post=16224"},{"taxonomy":"product_tag","embeddable":true,"href":"https:\/\/danfosal.com\/en\/wp-json\/wp\/v2\/product_tag?post=16224"}],"curies":[{"name":"wp","href":"https:\/\/api.w.org\/{rel}","templated":true}]}}