{"id":16230,"date":"2025-05-10T22:48:13","date_gmt":"2025-05-10T22:48:13","guid":{"rendered":"https:\/\/danfosal.com\/?post_type=product&#038;p=16230"},"modified":"2025-05-14T17:46:30","modified_gmt":"2025-05-14T17:46:30","slug":"karcher-professional-nt-50-2","status":"publish","type":"product","link":"https:\/\/danfosal.com\/en\/product\/karcher-professional-nt-50-2\/","title":{"rendered":"Karcher Professional NT 50\/2"},"content":{"rendered":"<p>Fshesa me korrent p\u00ebr pastrim t\u00eb that\u00eb dhe t\u00eb lag\u00ebsht NT 50\/2 Me Classic, me dy motor\u00eb, largon l\u00ebngjet, papast\u00ebrtin\u00eb e trash\u00eb dhe pluhurin n\u00eb \u00e7ast. Makina \u00ebsht\u00eb e pajisur me nj\u00eb en\u00eb 50 litrash dhe ofron manovrim t\u00eb shk\u00eblqyer dhe cil\u00ebsi t\u00eb fort\u00eb. Doreza standarde e shtytjes dhe shasia ekstra e fort\u00eb me rrota metalike sigurojn\u00eb l\u00ebvizshm\u00ebri t\u00eb jasht\u00ebzakonshme. Makina ka nj\u00eb filt\u00ebr fishek\u00ebsh dhe ofron nj\u00eb Koncept t\u00eb Leht\u00eb Sh\u00ebrbimi. NT 50\/2 Me Classic \u00ebsht\u00eb projektuar p\u00ebr sasi t\u00eb moderuara papast\u00ebrtie.<\/p>","protected":false},"excerpt":{"rendered":"<p>Fshesa me korrent p\u00ebr pastrim t\u00eb that\u00eb dhe t\u00eb lag\u00ebsht NT 50\/2 Me Classic, me dy motor\u00eb, largon l\u00ebngjet, papast\u00ebrtin\u00eb<\/p>","protected":false},"featured_media":16481,"template":"","meta":{"_crdt_document":""},"product_brand":[99],"product_cat":[83],"product_tag":[],"class_list":{"0":"post-16230","1":"product","2":"type-product","3":"status-publish","4":"has-post-thumbnail","6":"product_brand-karcher","7":"product_cat-thithese-e-thate-professional","9":"first","10":"instock","11":"shipping-taxable","12":"purchasable","13":"product-type-simple"},"jetpack_sharing_enabled":true,"_links":{"self":[{"href":"https:\/\/danfosal.com\/en\/wp-json\/wp\/v2\/product\/16230","targetHints":{"allow":["GET"]}}],"collection":[{"href":"https:\/\/danfosal.com\/en\/wp-json\/wp\/v2\/product"}],"about":[{"href":"https:\/\/danfosal.com\/en\/wp-json\/wp\/v2\/types\/product"}],"version-history":[{"count":1,"href":"https:\/\/danfosal.com\/en\/wp-json\/wp\/v2\/product\/16230\/revisions"}],"predecessor-version":[{"id":16231,"href":"https:\/\/danfosal.com\/en\/wp-json\/wp\/v2\/product\/16230\/revisions\/16231"}],"wp:featuredmedia":[{"embeddable":true,"href":"https:\/\/danfosal.com\/en\/wp-json\/wp\/v2\/media\/16481"}],"wp:attachment":[{"href":"https:\/\/danfosal.com\/en\/wp-json\/wp\/v2\/media?parent=16230"}],"wp:term":[{"taxonomy":"product_brand","embeddable":true,"href":"https:\/\/danfosal.com\/en\/wp-json\/wp\/v2\/product_brand?post=16230"},{"taxonomy":"product_cat","embeddable":true,"href":"https:\/\/danfosal.com\/en\/wp-json\/wp\/v2\/product_cat?post=16230"},{"taxonomy":"product_tag","embeddable":true,"href":"https:\/\/danfosal.com\/en\/wp-json\/wp\/v2\/product_tag?post=16230"}],"curies":[{"name":"wp","href":"https:\/\/api.w.org\/{rel}","templated":true}]}}