{"id":16232,"date":"2025-05-10T22:48:13","date_gmt":"2025-05-10T22:48:13","guid":{"rendered":"https:\/\/danfosal.com\/?post_type=product&#038;p=16232"},"modified":"2025-05-14T17:47:05","modified_gmt":"2025-05-14T17:47:05","slug":"karcher-professional-nt-70-2","status":"publish","type":"product","link":"https:\/\/danfosal.com\/en\/product\/karcher-professional-nt-70-2\/","title":{"rendered":"Karcher Professional NT 70\/2"},"content":{"rendered":"<p>Me en\u00ebn e saj prej 70 litrash, fshesa me korrent NT 70\/2 Me Classic me dy motor\u00eb p\u00ebr pastrimin e lag\u00ebshtis\u00eb dhe t\u00eb that\u00eb mund t\u00eb thith\u00eb sasi t\u00eb m\u00ebdha papast\u00ebrtie t\u00eb lag\u00ebshta dhe t\u00eb trasha. Me fuqin\u00eb e saj t\u00eb lart\u00eb thith\u00ebse dhe filtrin me fishek\u00eb shum\u00eb efikas, fshesa me korrent e b\u00ebn pun\u00ebn e leht\u00eb me t\u00eb gjitha llojet e pluhurit, l\u00ebngjeve dhe papast\u00ebrtive t\u00eb trasha. P\u00ebr m\u00eb tep\u00ebr, fshesa me korrent e fuqishme \u00ebsht\u00eb e pajisur me nj\u00eb tub kullues praktik. Fshesa me korrent ofron l\u00ebvizshm\u00ebri t\u00eb jasht\u00ebzakonshme fal\u00eb dorez\u00ebs shtyt\u00ebse dhe shasis\u00eb jasht\u00ebzakonisht t\u00eb fort\u00eb me rrota metalike.<\/p>","protected":false},"excerpt":{"rendered":"<p>Me en\u00ebn e saj prej 70 litrash, fshesa me korrent NT 70\/2 Me Classic me dy motor\u00eb p\u00ebr pastrimin e<\/p>","protected":false},"featured_media":16482,"template":"","meta":{"_crdt_document":""},"product_brand":[99],"product_cat":[83],"product_tag":[],"class_list":{"0":"post-16232","1":"product","2":"type-product","3":"status-publish","4":"has-post-thumbnail","6":"product_brand-karcher","7":"product_cat-thithese-e-thate-professional","9":"first","10":"instock","11":"shipping-taxable","12":"purchasable","13":"product-type-simple"},"jetpack_sharing_enabled":true,"_links":{"self":[{"href":"https:\/\/danfosal.com\/en\/wp-json\/wp\/v2\/product\/16232","targetHints":{"allow":["GET"]}}],"collection":[{"href":"https:\/\/danfosal.com\/en\/wp-json\/wp\/v2\/product"}],"about":[{"href":"https:\/\/danfosal.com\/en\/wp-json\/wp\/v2\/types\/product"}],"version-history":[{"count":1,"href":"https:\/\/danfosal.com\/en\/wp-json\/wp\/v2\/product\/16232\/revisions"}],"predecessor-version":[{"id":16233,"href":"https:\/\/danfosal.com\/en\/wp-json\/wp\/v2\/product\/16232\/revisions\/16233"}],"wp:featuredmedia":[{"embeddable":true,"href":"https:\/\/danfosal.com\/en\/wp-json\/wp\/v2\/media\/16482"}],"wp:attachment":[{"href":"https:\/\/danfosal.com\/en\/wp-json\/wp\/v2\/media?parent=16232"}],"wp:term":[{"taxonomy":"product_brand","embeddable":true,"href":"https:\/\/danfosal.com\/en\/wp-json\/wp\/v2\/product_brand?post=16232"},{"taxonomy":"product_cat","embeddable":true,"href":"https:\/\/danfosal.com\/en\/wp-json\/wp\/v2\/product_cat?post=16232"},{"taxonomy":"product_tag","embeddable":true,"href":"https:\/\/danfosal.com\/en\/wp-json\/wp\/v2\/product_tag?post=16232"}],"curies":[{"name":"wp","href":"https:\/\/api.w.org\/{rel}","templated":true}]}}