{"id":16234,"date":"2025-05-10T22:48:13","date_gmt":"2025-05-10T22:48:13","guid":{"rendered":"https:\/\/danfosal.com\/?post_type=product&#038;p=16234"},"modified":"2025-05-28T21:24:26","modified_gmt":"2025-05-28T21:24:26","slug":"karcher-puzzi-10-1","status":"publish","type":"product","link":"https:\/\/danfosal.com\/en\/product\/karcher-puzzi-10-1\/","title":{"rendered":"Karcher Puzzi 10\/1"},"content":{"rendered":"<p>Pastruesi profesional me sprej Puzzi 10\/1 nga K\u00e4rcher ofron fuqi t\u00eb shk\u00eblqyer thithjeje, si dhe ofron rezultate higjienike pastrimi dhe siguron q\u00eb sip\u00ebrfaqet tekstile t\u00eb mund t\u00eb p\u00ebrdoren p\u00ebrs\u00ebri shpejt. P\u00ebr k\u00ebt\u00eb q\u00ebllim, makina me sprej nxjerrjeje sp\u00ebrkat tret\u00ebsir\u00ebn e pastrimit thell\u00eb n\u00eb fibrat tekstile, pastaj e heq p\u00ebrs\u00ebri at\u00eb s\u00eb bashku me papast\u00ebrtin\u00eb e hequr, duke e b\u00ebr\u00eb at\u00eb perfekte p\u00ebr pastrimin e tapicerive, qilimave dhe sip\u00ebrfaqeve t\u00eb tjera tekstile. Dizajni i fuqish\u00ebm dhe kompakt i Puzzi 10\/1 siguron nj\u00eb jet\u00ebgjat\u00ebsi t\u00eb gjat\u00eb dhe k\u00ebshtu efektivitet t\u00eb lart\u00eb t\u00eb kostos &#8211; ideale p\u00ebr kontraktor\u00ebt e sh\u00ebrbimeve t\u00eb nd\u00ebrtimit, sektorin e hoteleve dhe mikpritjes ose p\u00ebr pastrimin e ambienteve t\u00eb brendshme t\u00eb automjeteve. Kapaku i pajisjes, gryka e tapiceris\u00eb dhe gryka e dyshemes\u00eb jan\u00eb transparente p\u00ebr nj\u00eb pamje m\u00eb t\u00eb mir\u00eb t\u00eb ujit t\u00eb ndotur. Butonat e m\u00ebdhenj q\u00eb mund t\u00eb p\u00ebrdoren me dor\u00eb ose k\u00ebmb\u00eb gjithashtu rrisin komoditetin p\u00ebr p\u00ebrdoruesin. P\u00ebrve\u00e7 k\u00ebsaj, makina vjen me nj\u00eb grep kabllor t\u00eb integruar dhe nj\u00eb pajisje p\u00ebr gryk\u00ebn e tapiceris\u00eb dhe tubin e thithjes.<\/p>","protected":false},"excerpt":{"rendered":"<p>Pastruesi profesional me sprej Puzzi 10\/1 nga K\u00e4rcher ofron fuqi t\u00eb shk\u00eblqyer thithjeje, si dhe ofron rezultate higjienike pastrimi dhe<\/p>","protected":false},"featured_media":16492,"template":"","meta":{"_crdt_document":""},"product_brand":[99],"product_cat":[77],"product_tag":[],"class_list":{"0":"post-16234","1":"product","2":"type-product","3":"status-publish","4":"has-post-thumbnail","6":"product_brand-karcher","7":"product_cat-pastrues-me-sprucim-professional","9":"first","10":"instock","11":"sale","12":"shipping-taxable","13":"purchasable","14":"product-type-simple"},"jetpack_sharing_enabled":true,"_links":{"self":[{"href":"https:\/\/danfosal.com\/en\/wp-json\/wp\/v2\/product\/16234","targetHints":{"allow":["GET"]}}],"collection":[{"href":"https:\/\/danfosal.com\/en\/wp-json\/wp\/v2\/product"}],"about":[{"href":"https:\/\/danfosal.com\/en\/wp-json\/wp\/v2\/types\/product"}],"version-history":[{"count":1,"href":"https:\/\/danfosal.com\/en\/wp-json\/wp\/v2\/product\/16234\/revisions"}],"predecessor-version":[{"id":16235,"href":"https:\/\/danfosal.com\/en\/wp-json\/wp\/v2\/product\/16234\/revisions\/16235"}],"wp:featuredmedia":[{"embeddable":true,"href":"https:\/\/danfosal.com\/en\/wp-json\/wp\/v2\/media\/16492"}],"wp:attachment":[{"href":"https:\/\/danfosal.com\/en\/wp-json\/wp\/v2\/media?parent=16234"}],"wp:term":[{"taxonomy":"product_brand","embeddable":true,"href":"https:\/\/danfosal.com\/en\/wp-json\/wp\/v2\/product_brand?post=16234"},{"taxonomy":"product_cat","embeddable":true,"href":"https:\/\/danfosal.com\/en\/wp-json\/wp\/v2\/product_cat?post=16234"},{"taxonomy":"product_tag","embeddable":true,"href":"https:\/\/danfosal.com\/en\/wp-json\/wp\/v2\/product_tag?post=16234"}],"curies":[{"name":"wp","href":"https:\/\/api.w.org\/{rel}","templated":true}]}}