{"id":16236,"date":"2025-05-10T22:48:13","date_gmt":"2025-05-10T22:48:13","guid":{"rendered":"https:\/\/danfosal.com\/?post_type=product&#038;p=16236"},"modified":"2026-01-08T19:13:34","modified_gmt":"2026-01-08T19:13:34","slug":"karcher-puzzi-8-1","status":"publish","type":"product","link":"https:\/\/danfosal.com\/en\/product\/karcher-puzzi-8-1\/","title":{"rendered":"Karcher Puzzi 8\/1"},"content":{"rendered":"<p>I fort\u00eb, i q\u00ebndruesh\u00ebm, efikas: Pastruesi me sp\u00ebrkatje Puzzi 8\/1 nga K\u00e4rcher pastron n\u00eb m\u00ebnyr\u00eb mbres\u00ebl\u00ebn\u00ebse tapicerit\u00eb dhe heq njollat \u200b\u200bnga sip\u00ebrfaqet tekstile me rezultate pastrimi t\u00eb jasht\u00ebzakonshme dhe higjienike dhe efikasitet t\u00eb lart\u00eb. Makina kompakte me sp\u00ebrkatje e sp\u00ebrkat tret\u00ebsir\u00ebn e pastrimit sp\u00ebrkat thell\u00eb n\u00eb fibrat tekstile dhe m\u00eb pas e heq p\u00ebrs\u00ebri s\u00eb bashku me papast\u00ebrtin\u00eb e hequr. Kjo performanc\u00eb e shk\u00eblqyer e thithjes s\u00eb kund\u00ebrt siguron gjithashtu tharje t\u00eb shpejt\u00eb dhe do t\u00eb thot\u00eb q\u00eb sip\u00ebrfaqet tekstile mund t\u00eb p\u00ebrdoren p\u00ebrs\u00ebri shpejt &#8211; ideale p\u00ebr k\u00ebrkesat e larta t\u00eb profesionist\u00ebve t\u00eb pastrimit n\u00eb sektorin e hoteleve dhe mikpritjes ose n\u00eb pastrimin e brendsh\u00ebm t\u00eb automjeteve. Mund t\u00eb p\u00ebrdoret edhe gryka standarde, ekstra e shkurt\u00ebr e tapiceris\u00eb p\u00ebr pastrim t\u00eb p\u00ebrshtatsh\u00ebm dhe ergonomik t\u00eb hap\u00ebsirave t\u00eb ngushta. Fal\u00eb pesh\u00ebs s\u00eb saj shum\u00eb t\u00eb ul\u00ebt dhe dorez\u00ebs ergonomike t\u00eb mbajtjes, pastruesi me sp\u00ebrkatje e sp\u00ebrkatjes mund t\u00eb transportohet leht\u00ebsisht me nj\u00ebr\u00ebn dor\u00eb. Butonat e m\u00ebdhenj q\u00eb mund t\u00eb p\u00ebrdoren me dor\u00eb ose k\u00ebmb\u00eb gjithashtu rrisin komoditetin p\u00ebr p\u00ebrdoruesin. Kapaku i pajisjes dhe gryka e dor\u00ebs jan\u00eb transparente p\u00ebr nj\u00eb pamje m\u00eb t\u00eb mir\u00eb t\u00eb ujit t\u00eb ndotur.<\/p>","protected":false},"excerpt":{"rendered":"<p>I fort\u00eb, i q\u00ebndruesh\u00ebm, efikas: Pastruesi me sp\u00ebrkatje Puzzi 8\/1 nga K\u00e4rcher pastron n\u00eb m\u00ebnyr\u00eb mbres\u00ebl\u00ebn\u00ebse tapicerit\u00eb dhe heq njollat<\/p>","protected":false},"featured_media":16502,"template":"","meta":{"_crdt_document":""},"product_brand":[99],"product_cat":[77],"product_tag":[],"class_list":{"0":"post-16236","1":"product","2":"type-product","3":"status-publish","4":"has-post-thumbnail","6":"product_brand-karcher","7":"product_cat-pastrues-me-sprucim-professional","9":"first","10":"instock","11":"sale","12":"shipping-taxable","13":"purchasable","14":"product-type-simple"},"jetpack_sharing_enabled":true,"_links":{"self":[{"href":"https:\/\/danfosal.com\/en\/wp-json\/wp\/v2\/product\/16236","targetHints":{"allow":["GET"]}}],"collection":[{"href":"https:\/\/danfosal.com\/en\/wp-json\/wp\/v2\/product"}],"about":[{"href":"https:\/\/danfosal.com\/en\/wp-json\/wp\/v2\/types\/product"}],"version-history":[{"count":1,"href":"https:\/\/danfosal.com\/en\/wp-json\/wp\/v2\/product\/16236\/revisions"}],"predecessor-version":[{"id":16237,"href":"https:\/\/danfosal.com\/en\/wp-json\/wp\/v2\/product\/16236\/revisions\/16237"}],"wp:featuredmedia":[{"embeddable":true,"href":"https:\/\/danfosal.com\/en\/wp-json\/wp\/v2\/media\/16502"}],"wp:attachment":[{"href":"https:\/\/danfosal.com\/en\/wp-json\/wp\/v2\/media?parent=16236"}],"wp:term":[{"taxonomy":"product_brand","embeddable":true,"href":"https:\/\/danfosal.com\/en\/wp-json\/wp\/v2\/product_brand?post=16236"},{"taxonomy":"product_cat","embeddable":true,"href":"https:\/\/danfosal.com\/en\/wp-json\/wp\/v2\/product_cat?post=16236"},{"taxonomy":"product_tag","embeddable":true,"href":"https:\/\/danfosal.com\/en\/wp-json\/wp\/v2\/product_tag?post=16236"}],"curies":[{"name":"wp","href":"https:\/\/api.w.org\/{rel}","templated":true}]}}