{"id":16238,"date":"2025-05-10T22:48:14","date_gmt":"2025-05-10T22:48:14","guid":{"rendered":"https:\/\/danfosal.com\/?post_type=product&#038;p=16238"},"modified":"2025-05-14T17:49:02","modified_gmt":"2025-05-14T17:49:02","slug":"karcher-s4-twin-2-in-1","status":"publish","type":"product","link":"https:\/\/danfosal.com\/en\/product\/karcher-s4-twin-2-in-1\/","title":{"rendered":"Karcher S4 Twin 2 &#8211; in 1"},"content":{"rendered":"<p>Qofshin petale, r\u00ebr\u00eb, gjethe apo zhavorr: fshesa efektive dhe ergonomike S 4 Twin 2-n\u00eb-1 siguron pamje verbuese n\u00eb sht\u00ebpi dhe kopsht n\u00eb koh\u00eb rekord gjat\u00eb gjith\u00eb vitit. P\u00ebrve\u00e7 fur\u00e7ave an\u00ebsore standarde p\u00ebr mbeturina t\u00eb thata, S 4 Twin 2-n\u00eb-1 \u00ebsht\u00eb e pajisur edhe me dy fur\u00e7a an\u00ebsore shtes\u00eb me fije m\u00eb t\u00eb forta p\u00ebr mbeturina t\u00eb lagura. Me fur\u00e7\u00ebn e saj t\u00eb fuqishme me rul dhe gjer\u00ebsin\u00eb e fshirjes prej 680 m, ajo menaxhon leht\u00ebsisht sip\u00ebrfaqe deri n\u00eb 2400 m\u00b2 n\u00eb or\u00eb. Mbeturinat bien direkt n\u00eb en\u00ebn e mbeturinave 20 litra. Fijet e gjata t\u00eb fur\u00e7ave an\u00ebsore sigurojn\u00eb past\u00ebrti t\u00eb plot\u00eb deri n\u00eb skaj. Doreza e shtytjes pafund\u00ebsisht e ndryshueshme mund t\u00eb p\u00ebrshtatet n\u00eb m\u00ebnyr\u00eb optimale me gjat\u00ebsin\u00eb e p\u00ebrdoruesit p\u00ebrkat\u00ebs. Fal\u00eb bajonet\u00ebs s\u00eb montimit, vidat nuk mund t\u00eb humbasin m\u00eb gjat\u00eb rregullimit t\u00eb lart\u00ebsis\u00eb. Fshesa mund t\u00eb paloset leht\u00ebsisht sipas nevoj\u00ebs pa u p\u00ebrkulur fal\u00eb nj\u00eb pllake k\u00ebmb\u00ebsh n\u00eb korniz\u00eb dhe t\u00eb mbahet nga doreza &#8211; p\u00ebr ruajtje q\u00eb kursen hap\u00ebsir\u00eb. Lidhja an\u00ebsore e fur\u00e7\u00ebs pa mjete \u00ebsht\u00eb unike. Fshesa \u00ebsht\u00eb gati p\u00ebr p\u00ebrdorim menj\u00ebher\u00eb. Ena e mbeturinave mund t\u00eb hiqet leht\u00ebsisht dhe t\u00eb vendoset e zbrazet n\u00eb m\u00ebnyr\u00eb t\u00eb sigurt pa asnj\u00eb kontakt me papast\u00ebrtin\u00eb.<\/p>","protected":false},"excerpt":{"rendered":"<p>Qofshin petale, r\u00ebr\u00eb, gjethe apo zhavorr: fshesa efektive dhe ergonomike S 4 Twin 2-n\u00eb-1 siguron pamje verbuese n\u00eb sht\u00ebpi dhe<\/p>","protected":false},"featured_media":16511,"template":"","meta":{"_crdt_document":""},"product_brand":[99],"product_cat":[88],"product_tag":[],"class_list":{"0":"post-16238","1":"product","2":"type-product","3":"status-publish","4":"has-post-thumbnail","6":"product_brand-karcher","7":"product_cat-fshese-siperfaqesh-shtepiake","9":"first","10":"instock","11":"shipping-taxable","12":"purchasable","13":"product-type-simple"},"jetpack_sharing_enabled":true,"_links":{"self":[{"href":"https:\/\/danfosal.com\/en\/wp-json\/wp\/v2\/product\/16238","targetHints":{"allow":["GET"]}}],"collection":[{"href":"https:\/\/danfosal.com\/en\/wp-json\/wp\/v2\/product"}],"about":[{"href":"https:\/\/danfosal.com\/en\/wp-json\/wp\/v2\/types\/product"}],"version-history":[{"count":1,"href":"https:\/\/danfosal.com\/en\/wp-json\/wp\/v2\/product\/16238\/revisions"}],"predecessor-version":[{"id":16239,"href":"https:\/\/danfosal.com\/en\/wp-json\/wp\/v2\/product\/16238\/revisions\/16239"}],"wp:featuredmedia":[{"embeddable":true,"href":"https:\/\/danfosal.com\/en\/wp-json\/wp\/v2\/media\/16511"}],"wp:attachment":[{"href":"https:\/\/danfosal.com\/en\/wp-json\/wp\/v2\/media?parent=16238"}],"wp:term":[{"taxonomy":"product_brand","embeddable":true,"href":"https:\/\/danfosal.com\/en\/wp-json\/wp\/v2\/product_brand?post=16238"},{"taxonomy":"product_cat","embeddable":true,"href":"https:\/\/danfosal.com\/en\/wp-json\/wp\/v2\/product_cat?post=16238"},{"taxonomy":"product_tag","embeddable":true,"href":"https:\/\/danfosal.com\/en\/wp-json\/wp\/v2\/product_tag?post=16238"}],"curies":[{"name":"wp","href":"https:\/\/api.w.org\/{rel}","templated":true}]}}