{"id":16240,"date":"2025-05-10T22:48:14","date_gmt":"2025-05-10T22:48:14","guid":{"rendered":"https:\/\/danfosal.com\/?post_type=product&#038;p=16240"},"modified":"2025-05-14T17:49:45","modified_gmt":"2025-05-14T17:49:45","slug":"karcher-sc-2","status":"publish","type":"product","link":"https:\/\/danfosal.com\/en\/product\/karcher-sc-2\/","title":{"rendered":"Karcher SC 2"},"content":{"rendered":"<p>Pastruesi me avull i nivelit fillestar SC 2 EasyFix, i leht\u00eb dhe intuitiv p\u00ebr t\u2019u p\u00ebrdorur, ofron rregullim me dy hapa t\u00eb avullit p\u00ebr t\u00eb p\u00ebrshtatur intensitetin e avullit sipas sip\u00ebrfaqes dhe nivelit t\u00eb papast\u00ebrtis\u00eb. Ruajtja praktike e aksesor\u00ebve n\u00eb pajisje, si dhe nj\u00eb pozicion parkimi p\u00ebr gryk\u00ebn e dyshemes\u00eb jan\u00eb detaje t\u00eb dobishme p\u00ebr nj\u00eb pastrim me avull edhe m\u00eb t\u00eb p\u00ebrshtatsh\u00ebm. Gryka e dyshemes\u00eb EasyFix me nyje fleksibile garanton ergonomi t\u00eb shk\u00eblqyer dhe, fal\u00eb teknologjis\u00eb s\u00eb lamell\u00ebs, siguron rezultate perfekte pastrimi. Fal\u00eb sistemit t\u00eb p\u00ebrshtatsh\u00ebm me grep dhe lak, lecka e pastrimit t\u00eb dyshemes\u00eb mund t\u00eb ngjitet shpejt dhe leht\u00eb n\u00eb gryk\u00ebn e dyshemes\u00eb dhe t\u00eb hiqet p\u00ebrs\u00ebri pa pasur nevoj\u00eb t\u00eb bjer\u00eb n\u00eb kontakt me papast\u00ebrtin\u00eb. SC 2 EasyFix pastron plot\u00ebsisht pa kimikate dhe mund t\u00eb p\u00ebrdoret universalisht. Pastrimi i plot\u00eb me pastruesin me avull K\u00e4rcher largon deri n\u00eb 99.999% t\u00eb viruseve* dhe 99.99% t\u00eb t\u00eb gjitha baktereve t\u00eb zakonshme sht\u00ebpiake** nga sip\u00ebrfaqet e forta tipike sht\u00ebpiake. Duke p\u00ebrdorur aksesor\u00ebt e ndrysh\u00ebm, pllakat, sobat, aspirator\u00ebt dhe madje edhe boshll\u00ebqet m\u00eb t\u00eb vogla pastrohen higjienikisht. Edhe papast\u00ebrtia kok\u00ebfort\u00eb hiqet n\u00eb m\u00ebnyr\u00eb t\u00eb besueshme.<\/p>","protected":false},"excerpt":{"rendered":"<p>Pastruesi me avull i nivelit fillestar SC 2 EasyFix, i leht\u00eb dhe intuitiv p\u00ebr t\u2019u p\u00ebrdorur, ofron rregullim me dy<\/p>","protected":false},"featured_media":16521,"template":"","meta":{"_crdt_document":""},"product_brand":[99],"product_cat":[92],"product_tag":[],"class_list":{"0":"post-16240","1":"product","2":"type-product","3":"status-publish","4":"has-post-thumbnail","6":"product_brand-karcher","7":"product_cat-pastruese-me-avull-shtepiake","9":"first","10":"instock","11":"shipping-taxable","12":"purchasable","13":"product-type-simple"},"jetpack_sharing_enabled":true,"_links":{"self":[{"href":"https:\/\/danfosal.com\/en\/wp-json\/wp\/v2\/product\/16240","targetHints":{"allow":["GET"]}}],"collection":[{"href":"https:\/\/danfosal.com\/en\/wp-json\/wp\/v2\/product"}],"about":[{"href":"https:\/\/danfosal.com\/en\/wp-json\/wp\/v2\/types\/product"}],"version-history":[{"count":1,"href":"https:\/\/danfosal.com\/en\/wp-json\/wp\/v2\/product\/16240\/revisions"}],"predecessor-version":[{"id":16241,"href":"https:\/\/danfosal.com\/en\/wp-json\/wp\/v2\/product\/16240\/revisions\/16241"}],"wp:featuredmedia":[{"embeddable":true,"href":"https:\/\/danfosal.com\/en\/wp-json\/wp\/v2\/media\/16521"}],"wp:attachment":[{"href":"https:\/\/danfosal.com\/en\/wp-json\/wp\/v2\/media?parent=16240"}],"wp:term":[{"taxonomy":"product_brand","embeddable":true,"href":"https:\/\/danfosal.com\/en\/wp-json\/wp\/v2\/product_brand?post=16240"},{"taxonomy":"product_cat","embeddable":true,"href":"https:\/\/danfosal.com\/en\/wp-json\/wp\/v2\/product_cat?post=16240"},{"taxonomy":"product_tag","embeddable":true,"href":"https:\/\/danfosal.com\/en\/wp-json\/wp\/v2\/product_tag?post=16240"}],"curies":[{"name":"wp","href":"https:\/\/api.w.org\/{rel}","templated":true}]}}