{"id":16242,"date":"2025-05-10T22:48:14","date_gmt":"2025-05-10T22:48:14","guid":{"rendered":"https:\/\/danfosal.com\/?post_type=product&#038;p=16242"},"modified":"2025-05-14T17:50:26","modified_gmt":"2025-05-14T17:50:26","slug":"karcher-sc-3","status":"publish","type":"product","link":"https:\/\/danfosal.com\/en\/product\/karcher-sc-3\/","title":{"rendered":"Karcher SC 3"},"content":{"rendered":"<p>Pastruesi me avull K\u00e4rcher SC 3 EasyFix e b\u00ebn pastrimin e thell\u00eb pa mundim, duke shfryt\u00ebzuar fuqin\u00eb e avullit t\u00eb mbinxehur p\u00ebr t\u00eb vrar\u00eb 99.99%* t\u00eb t\u00eb gjitha baktereve t\u00eb zakonshme sht\u00ebpiake duke p\u00ebrdorur vet\u00ebm uj\u00eb \u00e7ezme dhe duke prodhuar rezultate t\u00eb shk\u00eblqyera pa kimikate. \u00cbsht\u00eb gati p\u00ebr p\u00ebrdorim n\u00eb 30 sekonda fal\u00eb sistemit t\u00eb tij t\u00eb pastrimit t\u00eb vazhduesh\u00ebm me ngrohje t\u00eb shpejt\u00eb. Kjo makin\u00eb pastron thell\u00eb \u00e7do cep t\u00eb sht\u00ebpis\u00eb tuaj pa mundim, duke e b\u00ebr\u00eb pun\u00ebn e leht\u00eb t\u00eb t\u00eb gjitha llojeve t\u00eb detyrave, duke p\u00ebrfshir\u00eb pastrimin e thell\u00eb t\u00eb dyshemeve t\u00eb forta, zhvendosjen e yndyr\u00ebs kok\u00ebfort\u00eb nga furrat dhe sobat, heqjen e g\u00eblqeres dhe mykut nga pllakat dhe rubinetet. Filtri i saj i integruar p\u00ebr heqjen e g\u00eblqeres parandalon grumbullimin e g\u00eblqeres, duke e mbajtur makin\u00ebn n\u00eb gjendje t\u00eb mir\u00eb n\u00eb \u00e7do koh\u00eb. Kjo makin\u00eb vjen me nj\u00eb gam\u00eb aksesor\u00ebsh t\u00eb projektuar p\u00ebr t\u00eb p\u00ebrballuar pun\u00eb t\u00eb ndryshme pastrimi pa mundim, dhe t\u00eb gjitha k\u00ebto mund t\u00eb ruhen leht\u00ebsisht n\u00eb makin\u00eb n\u00eb m\u00ebnyr\u00eb q\u00eb t\u00eb jen\u00eb gjithmon\u00eb af\u00ebr dor\u00ebs. Sistemi i veglave t\u00eb dyshemes\u00eb EasyFix do t\u00eb thot\u00eb q\u00eb ju mund ta nd\u00ebrroni leht\u00ebsisht leck\u00ebn pa r\u00ebn\u00eb n\u00eb kontakt me papast\u00ebrtin\u00eb.<\/p>","protected":false},"excerpt":{"rendered":"<p>Pastruesi me avull K\u00e4rcher SC 3 EasyFix e b\u00ebn pastrimin e thell\u00eb pa mundim, duke shfryt\u00ebzuar fuqin\u00eb e avullit t\u00eb<\/p>","protected":false},"featured_media":16528,"template":"","meta":{"_crdt_document":""},"product_brand":[99],"product_cat":[92],"product_tag":[],"class_list":{"0":"post-16242","1":"product","2":"type-product","3":"status-publish","4":"has-post-thumbnail","6":"product_brand-karcher","7":"product_cat-pastruese-me-avull-shtepiake","9":"first","10":"instock","11":"shipping-taxable","12":"purchasable","13":"product-type-simple"},"jetpack_sharing_enabled":true,"_links":{"self":[{"href":"https:\/\/danfosal.com\/en\/wp-json\/wp\/v2\/product\/16242","targetHints":{"allow":["GET"]}}],"collection":[{"href":"https:\/\/danfosal.com\/en\/wp-json\/wp\/v2\/product"}],"about":[{"href":"https:\/\/danfosal.com\/en\/wp-json\/wp\/v2\/types\/product"}],"version-history":[{"count":1,"href":"https:\/\/danfosal.com\/en\/wp-json\/wp\/v2\/product\/16242\/revisions"}],"predecessor-version":[{"id":16243,"href":"https:\/\/danfosal.com\/en\/wp-json\/wp\/v2\/product\/16242\/revisions\/16243"}],"wp:featuredmedia":[{"embeddable":true,"href":"https:\/\/danfosal.com\/en\/wp-json\/wp\/v2\/media\/16528"}],"wp:attachment":[{"href":"https:\/\/danfosal.com\/en\/wp-json\/wp\/v2\/media?parent=16242"}],"wp:term":[{"taxonomy":"product_brand","embeddable":true,"href":"https:\/\/danfosal.com\/en\/wp-json\/wp\/v2\/product_brand?post=16242"},{"taxonomy":"product_cat","embeddable":true,"href":"https:\/\/danfosal.com\/en\/wp-json\/wp\/v2\/product_cat?post=16242"},{"taxonomy":"product_tag","embeddable":true,"href":"https:\/\/danfosal.com\/en\/wp-json\/wp\/v2\/product_tag?post=16242"}],"curies":[{"name":"wp","href":"https:\/\/api.w.org\/{rel}","templated":true}]}}