{"id":16244,"date":"2025-05-10T22:48:14","date_gmt":"2025-05-10T22:48:14","guid":{"rendered":"https:\/\/danfosal.com\/?post_type=product&#038;p=16244"},"modified":"2025-05-14T17:51:04","modified_gmt":"2025-05-14T17:51:04","slug":"karcher-sc-4","status":"publish","type":"product","link":"https:\/\/danfosal.com\/en\/product\/karcher-sc-4\/","title":{"rendered":"Karcher SC 4"},"content":{"rendered":"<p>K\u00e4rcher SC 4 EasyFix e vendos fuqin\u00eb efektive t\u00eb avullit n\u00eb nj\u00eb paket\u00eb t\u00eb fuqishme, duke shfryt\u00ebzuar fuqin\u00eb e avullit t\u00eb past\u00ebr dhe t\u00eb vazhduesh\u00ebm p\u00ebr t\u00eb ofruar rezultate t\u00eb mahnitshme pastrimi t\u00eb thell\u00eb, duke hequr 99.999% t\u00eb viruseve t\u00eb mb\u00ebshtjella* dhe duke vrar\u00eb 99.99% t\u00eb baktereve t\u00eb zakonshme sht\u00ebpiake** nga asgj\u00eb m\u00eb shum\u00eb se uji i rubinetit. SC 4 EasyFix p\u00ebrfshin nj\u00eb rezervuar uji t\u00eb l\u00ebvizsh\u00ebm dhe t\u00eb rimbushsh\u00ebm 0.8L p\u00ebr pastrim t\u00eb pand\u00ebrprer\u00eb, dhe e b\u00ebn pun\u00ebn e leht\u00eb t\u00eb papast\u00ebrtis\u00eb, g\u00eblqeres dhe njollave kok\u00ebforta n\u00eb sht\u00ebpi, si dhe duke i mbajtur dyshemet\u00eb tuaja t\u00eb forta t\u00eb pastra dhe t\u00eb fresk\u00ebta. Ky pastrues me avull shum\u00ebfunksional p\u00ebrfshin hap\u00ebsir\u00eb \u200b\u200b\u200b\u200bruajtjeje n\u00eb bord p\u00ebr vegla dhe aksesor\u00eb, me t\u00eb gjitha aksesor\u00ebt dhe fur\u00e7at e nevojshme p\u00ebr t\u00eb pastruar \u00e7do cep t\u00eb sht\u00ebpis\u00eb tuaj. \u00cbsht\u00eb i shk\u00eblqyer p\u00ebr heqjen e yndyr\u00ebs s\u00eb fort\u00eb nga dyert e furrave dhe sobat, papast\u00ebrtin\u00eb e p\u00ebrditshme nga dyshemet\u00eb e forta, njollat \u200b\u200bkok\u00ebforta, madje edhe g\u00eblqeren dhe mykun nga pllakat dhe rubinetet, duke e l\u00ebn\u00eb sht\u00ebpin\u00eb tuaj t\u00eb shk\u00eblqyeshme pa mundim pa kimikate ose f\u00ebrkim; dhe p\u00ebr shkak se avulli K\u00e4rcher vret 99.99% t\u00eb baktereve t\u00eb zakonshme sht\u00ebpiake**, \u00ebsht\u00eb ideal p\u00ebr ata q\u00eb vuajn\u00eb nga alergjit\u00eb. Sistemi i veglave t\u00eb dyshemes\u00eb EasyFix siguron heqjen e leht\u00eb t\u00eb leck\u00ebs pa duar.<\/p>","protected":false},"excerpt":{"rendered":"<p>K\u00e4rcher SC 4 EasyFix e vendos fuqin\u00eb efektive t\u00eb avullit n\u00eb nj\u00eb paket\u00eb t\u00eb fuqishme, duke shfryt\u00ebzuar fuqin\u00eb e avullit<\/p>","protected":false},"featured_media":16535,"template":"","meta":{"_crdt_document":""},"product_brand":[99],"product_cat":[92],"product_tag":[],"class_list":{"0":"post-16244","1":"product","2":"type-product","3":"status-publish","4":"has-post-thumbnail","6":"product_brand-karcher","7":"product_cat-pastruese-me-avull-shtepiake","9":"first","10":"instock","11":"shipping-taxable","12":"purchasable","13":"product-type-simple"},"jetpack_sharing_enabled":true,"_links":{"self":[{"href":"https:\/\/danfosal.com\/en\/wp-json\/wp\/v2\/product\/16244","targetHints":{"allow":["GET"]}}],"collection":[{"href":"https:\/\/danfosal.com\/en\/wp-json\/wp\/v2\/product"}],"about":[{"href":"https:\/\/danfosal.com\/en\/wp-json\/wp\/v2\/types\/product"}],"version-history":[{"count":1,"href":"https:\/\/danfosal.com\/en\/wp-json\/wp\/v2\/product\/16244\/revisions"}],"predecessor-version":[{"id":16245,"href":"https:\/\/danfosal.com\/en\/wp-json\/wp\/v2\/product\/16244\/revisions\/16245"}],"wp:featuredmedia":[{"embeddable":true,"href":"https:\/\/danfosal.com\/en\/wp-json\/wp\/v2\/media\/16535"}],"wp:attachment":[{"href":"https:\/\/danfosal.com\/en\/wp-json\/wp\/v2\/media?parent=16244"}],"wp:term":[{"taxonomy":"product_brand","embeddable":true,"href":"https:\/\/danfosal.com\/en\/wp-json\/wp\/v2\/product_brand?post=16244"},{"taxonomy":"product_cat","embeddable":true,"href":"https:\/\/danfosal.com\/en\/wp-json\/wp\/v2\/product_cat?post=16244"},{"taxonomy":"product_tag","embeddable":true,"href":"https:\/\/danfosal.com\/en\/wp-json\/wp\/v2\/product_tag?post=16244"}],"curies":[{"name":"wp","href":"https:\/\/api.w.org\/{rel}","templated":true}]}}