{"id":16246,"date":"2025-05-10T22:48:15","date_gmt":"2025-05-10T22:48:15","guid":{"rendered":"https:\/\/danfosal.com\/?post_type=product&#038;p=16246"},"modified":"2025-05-14T17:51:46","modified_gmt":"2025-05-14T17:51:46","slug":"karcher-sc-5","status":"publish","type":"product","link":"https:\/\/danfosal.com\/en\/product\/karcher-sc-5\/","title":{"rendered":"Karcher SC 5"},"content":{"rendered":"<p>K\u00e4rcher SC 5 EasyFix \u00ebsht\u00eb pastruesi yn\u00eb m\u00eb i fuqish\u00ebm me avull, me nj\u00eb presion avulli prej 4.2 bar q\u00eb shfryt\u00ebzon fuqin\u00eb e avullit p\u00ebr t\u00eb larguar papast\u00ebrtin\u00eb p\u00ebr t\u00eb hequr dhe vrar\u00eb 99.99% t\u00eb baktereve t\u00eb zakonshme sht\u00ebpiake**. Ofron rezultate t\u00eb mahnitshme pastrimi t\u00eb thell\u00eb duke p\u00ebrdorur vet\u00ebm uj\u00eb \u00e7ezme, q\u00eb do t\u00eb thot\u00eb se \u00ebsht\u00eb ideal p\u00ebr ata q\u00eb vuajn\u00eb nga alergjit\u00eb. P\u00ebrfshin t\u00eb gjitha aksesor\u00ebt e nevojsh\u00ebm p\u00ebr ta b\u00ebr\u00eb pun\u00ebn e leht\u00eb t\u00eb heqjes s\u00eb yndyr\u00ebs nga dyert e furr\u00ebs dhe sob\u00ebs, papast\u00ebrtis\u00eb s\u00eb p\u00ebrditshme nga dyshemet\u00eb e forta, g\u00eblqeres dhe mykut nga pllakat dhe \u00e7ezmat, duke e l\u00ebn\u00eb sht\u00ebpin\u00eb tuaj t\u00eb shk\u00eblqyeshme pa kimikate ose f\u00ebrkim. Sistemi i rezervuarit t\u00eb dyfisht\u00eb me nj\u00eb rezervuar uji t\u00eb l\u00ebvizsh\u00ebm dhe t\u00eb rimbushsh\u00ebm prej 1.5L lejon pastrim t\u00eb vazhduesh\u00ebm pa nd\u00ebrprerje, duke e b\u00ebr\u00eb at\u00eb perfekt p\u00ebr detyrat m\u00eb t\u00eb m\u00ebdha t\u00eb pastrimit. Intensiteti i avullit mund t\u00eb rregullohet n\u00eb var\u00ebsi t\u00eb sip\u00ebrfaqes dhe papast\u00ebrtis\u00eb, p\u00ebrfshin funksionin VapoHydro i cili kombinon avull t\u00eb fuqish\u00ebm dhe nj\u00eb shp\u00ebrthim uji t\u00eb nxeht\u00eb p\u00ebr t\u00eb trajtuar edhe papast\u00ebrtin\u00eb m\u00eb t\u00eb fort\u00eb. Ekziston nj\u00eb ndarje p\u00ebr ruajtjen e kabllove, nj\u00eb ndarje p\u00ebr ruajtjen e aksesor\u00ebve dhe nj\u00eb pozicion parkimi p\u00ebr gryk\u00ebn e dyshemes\u00eb duke e b\u00ebr\u00eb t\u00eb leht\u00eb ruajtjen e produktit. Sistemi i veglave t\u00eb dyshemes\u00eb EasyFix siguron heqje t\u00eb p\u00ebrshtatshme t\u00eb leckave pa duar.<\/p>","protected":false},"excerpt":{"rendered":"<p>K\u00e4rcher SC 5 EasyFix \u00ebsht\u00eb pastruesi yn\u00eb m\u00eb i fuqish\u00ebm me avull, me nj\u00eb presion avulli prej 4.2 bar q\u00eb<\/p>","protected":false},"featured_media":16545,"template":"","meta":{"_crdt_document":""},"product_brand":[99],"product_cat":[92],"product_tag":[],"class_list":{"0":"post-16246","1":"product","2":"type-product","3":"status-publish","4":"has-post-thumbnail","6":"product_brand-karcher","7":"product_cat-pastruese-me-avull-shtepiake","9":"first","10":"instock","11":"shipping-taxable","12":"purchasable","13":"product-type-simple"},"jetpack_sharing_enabled":true,"_links":{"self":[{"href":"https:\/\/danfosal.com\/en\/wp-json\/wp\/v2\/product\/16246","targetHints":{"allow":["GET"]}}],"collection":[{"href":"https:\/\/danfosal.com\/en\/wp-json\/wp\/v2\/product"}],"about":[{"href":"https:\/\/danfosal.com\/en\/wp-json\/wp\/v2\/types\/product"}],"version-history":[{"count":1,"href":"https:\/\/danfosal.com\/en\/wp-json\/wp\/v2\/product\/16246\/revisions"}],"predecessor-version":[{"id":16247,"href":"https:\/\/danfosal.com\/en\/wp-json\/wp\/v2\/product\/16246\/revisions\/16247"}],"wp:featuredmedia":[{"embeddable":true,"href":"https:\/\/danfosal.com\/en\/wp-json\/wp\/v2\/media\/16545"}],"wp:attachment":[{"href":"https:\/\/danfosal.com\/en\/wp-json\/wp\/v2\/media?parent=16246"}],"wp:term":[{"taxonomy":"product_brand","embeddable":true,"href":"https:\/\/danfosal.com\/en\/wp-json\/wp\/v2\/product_brand?post=16246"},{"taxonomy":"product_cat","embeddable":true,"href":"https:\/\/danfosal.com\/en\/wp-json\/wp\/v2\/product_cat?post=16246"},{"taxonomy":"product_tag","embeddable":true,"href":"https:\/\/danfosal.com\/en\/wp-json\/wp\/v2\/product_tag?post=16246"}],"curies":[{"name":"wp","href":"https:\/\/api.w.org\/{rel}","templated":true}]}}