{"id":16248,"date":"2025-05-10T22:48:15","date_gmt":"2025-05-10T22:48:15","guid":{"rendered":"https:\/\/danfosal.com\/?post_type=product&#038;p=16248"},"modified":"2025-05-14T17:52:47","modified_gmt":"2025-05-14T17:52:47","slug":"karcher-se-3-18-b","status":"publish","type":"product","link":"https:\/\/danfosal.com\/en\/product\/karcher-se-3-18-b\/","title":{"rendered":"Karcher SE 3-18 B"},"content":{"rendered":"<p>Pastrim i thell\u00eb me fibra me liri maksimale l\u00ebvizjeje: Pastruesi me sprej dhe nxjerrje SE 3-18 Compact pastron sip\u00ebrfaqet e tekstilit plot\u00ebsisht dhe pa mbetje. Fal\u00eb dizajnit kompakt, pajisja jo vet\u00ebm q\u00eb \u00ebsht\u00eb praktike, por mund t\u00eb p\u00ebrdoret edhe kur nuk ka priz\u00eb elektrike af\u00ebr, fal\u00eb bateris\u00eb 18 V K\u00e4rcher Battery Power (nuk p\u00ebrfshihet n\u00eb furnizim). Kjo lejon q\u00eb pjesa e brendshme e automjetit t\u00eb pastrohet n\u00eb vet\u00ebm 12 deri n\u00eb 24 minuta. K\u00ebshtu, ju hiqni papast\u00ebrtin\u00eb nga sediljet e makin\u00ebs, tapet\u00ebt e dyshemes\u00eb dhe bagazhin, si dhe mobiljet e kopshtit dhe tapicerit\u00eb n\u00eb nj\u00eb \u00e7ast &#8211; po aq fuqish\u00ebm sa me pastruesit tan\u00eb me sprej dhe nxjerrje me kabllo. Tubi i thithjes i gjat\u00eb dhe fleksib\u00ebl me nj\u00eb tub t\u00eb brendsh\u00ebm agjenti pastrimi garanton gjithashtu komoditet dhe fleksibilitet t\u00eb madh, madje edhe n\u00eb vende t\u00eb v\u00ebshtira p\u00ebr t&#8217;u arritur. Edhe pas pastrimit, pastruesi me sprej dhe nxjerrje do t&#8217;ju b\u00ebj\u00eb p\u00ebrshtypje me funksionin e tij higjienik t\u00eb shp\u00eblarjes, i cili largon papast\u00ebrtin\u00eb nga pajisja dhe tubi, dhe k\u00ebshtu parandalon formimin e baktereve dhe aromave. Plot\u00ebsisht n\u00eb p\u00ebrputhje me moton &#8216;automjet i past\u00ebr, pajisje pastrimi e past\u00ebr&#8217;.<\/p>","protected":false},"excerpt":{"rendered":"<p>Pastrim i thell\u00eb me fibra me liri maksimale l\u00ebvizjeje: Pastruesi me sprej dhe nxjerrje SE 3-18 Compact pastron sip\u00ebrfaqet e<\/p>","protected":false},"featured_media":16555,"template":"","meta":{"_crdt_document":""},"product_brand":[99],"product_cat":[89],"product_tag":[],"class_list":{"0":"post-16248","1":"product","2":"type-product","3":"status-publish","4":"has-post-thumbnail","6":"product_brand-karcher","7":"product_cat-pastruese-me-sprucim-shtepiake","9":"first","10":"instock","11":"shipping-taxable","12":"purchasable","13":"product-type-simple"},"jetpack_sharing_enabled":true,"_links":{"self":[{"href":"https:\/\/danfosal.com\/en\/wp-json\/wp\/v2\/product\/16248","targetHints":{"allow":["GET"]}}],"collection":[{"href":"https:\/\/danfosal.com\/en\/wp-json\/wp\/v2\/product"}],"about":[{"href":"https:\/\/danfosal.com\/en\/wp-json\/wp\/v2\/types\/product"}],"version-history":[{"count":1,"href":"https:\/\/danfosal.com\/en\/wp-json\/wp\/v2\/product\/16248\/revisions"}],"predecessor-version":[{"id":16249,"href":"https:\/\/danfosal.com\/en\/wp-json\/wp\/v2\/product\/16248\/revisions\/16249"}],"wp:featuredmedia":[{"embeddable":true,"href":"https:\/\/danfosal.com\/en\/wp-json\/wp\/v2\/media\/16555"}],"wp:attachment":[{"href":"https:\/\/danfosal.com\/en\/wp-json\/wp\/v2\/media?parent=16248"}],"wp:term":[{"taxonomy":"product_brand","embeddable":true,"href":"https:\/\/danfosal.com\/en\/wp-json\/wp\/v2\/product_brand?post=16248"},{"taxonomy":"product_cat","embeddable":true,"href":"https:\/\/danfosal.com\/en\/wp-json\/wp\/v2\/product_cat?post=16248"},{"taxonomy":"product_tag","embeddable":true,"href":"https:\/\/danfosal.com\/en\/wp-json\/wp\/v2\/product_tag?post=16248"}],"curies":[{"name":"wp","href":"https:\/\/api.w.org\/{rel}","templated":true}]}}