{"id":16250,"date":"2025-05-10T22:48:15","date_gmt":"2025-05-10T22:48:15","guid":{"rendered":"https:\/\/danfosal.com\/?post_type=product&#038;p=16250"},"modified":"2025-05-28T21:03:51","modified_gmt":"2025-05-28T21:03:51","slug":"karcher-se-4","status":"publish","type":"product","link":"https:\/\/danfosal.com\/en\/product\/karcher-se-4\/","title":{"rendered":"Karcher SE 4"},"content":{"rendered":"<p>Ndikim i thell\u00eb pastrimi i kombinuar me dizajn ergonomik dhe shum\u00ebfunksionalitet: pastruesi me sp\u00ebrkatje SE 4 me dizajnin e tij t\u00ebrheq\u00ebs q\u00eb t\u00ebrhiqet nga mbrapa siguron nj\u00eb pastrim higjienik deri n\u00eb fibrat e shum\u00eb sip\u00ebrfaqeve tekstile. Teknologjia e provuar dhe e testuar e sp\u00ebrkatjes nga K\u00e4rcher ofron rezultatet m\u00eb t\u00eb mira t\u00eb pastrimit: uji i fresk\u00ebt i rubinetit dhe pastruesi i qilimave K\u00e4rcher RM 519 sp\u00ebrkaten thell\u00eb n\u00eb fibrat tekstile n\u00ebn presion dhe m\u00eb pas thithen p\u00ebrs\u00ebri s\u00eb bashku me papast\u00ebrtin\u00eb e lirshme &#8211; ideale p\u00ebr familjet, ata q\u00eb vuajn\u00eb nga alergjit\u00eb dhe familjet me kafsh\u00eb sht\u00ebpiake. Pajisja \u00ebsht\u00eb nj\u00eb produkt shum\u00ebfunksional 3-n\u00eb-1, q\u00eb funksionon gjithashtu si nj\u00eb fshes\u00eb me korrent e plot\u00eb p\u00ebr lag\u00ebsht dhe that\u00eb. Rezervuari i madh transparent prej 4 litrash p\u00ebr uj\u00eb t\u00eb fresk\u00ebt \u00ebsht\u00eb rezistent ndaj goditjeve dhe mund t\u00eb hiqet, duke e b\u00ebr\u00eb t\u00eb leht\u00eb mbushjen dhe zbrazjen e tij. Uji i ndotur q\u00eb thithet me sp\u00ebrkatje mblidhet n\u00eb en\u00eb. Doreza e mbajtjes 3-n\u00eb-1 \u00ebsht\u00eb projektuar p\u00ebr ta b\u00ebr\u00eb mbajtjen, hapjen, mbylljen dhe zbrazjen e en\u00ebs pa probleme. Aksesor\u00ebt e furnizuar mund t\u00eb ruhen me kujdes n\u00eb vet\u00eb pajisjen. Pajisja \u00ebsht\u00eb e leht\u00eb p\u00ebr t&#8217;u pastruar pas p\u00ebrdorimit p\u00ebr t\u00eb siguruar nj\u00eb jet\u00ebgjat\u00ebsi t\u00eb gjat\u00eb t\u00eb produktit.<\/p>","protected":false},"excerpt":{"rendered":"<p>Ndikim i thell\u00eb pastrimi i kombinuar me dizajn ergonomik dhe shum\u00ebfunksionalitet: pastruesi me sp\u00ebrkatje SE 4 me dizajnin e tij<\/p>","protected":false},"featured_media":16565,"template":"","meta":{"_crdt_document":""},"product_brand":[99],"product_cat":[89],"product_tag":[],"class_list":{"0":"post-16250","1":"product","2":"type-product","3":"status-publish","4":"has-post-thumbnail","6":"product_brand-karcher","7":"product_cat-pastruese-me-sprucim-shtepiake","9":"first","10":"instock","11":"sale","12":"shipping-taxable","13":"purchasable","14":"product-type-simple"},"jetpack_sharing_enabled":true,"_links":{"self":[{"href":"https:\/\/danfosal.com\/en\/wp-json\/wp\/v2\/product\/16250","targetHints":{"allow":["GET"]}}],"collection":[{"href":"https:\/\/danfosal.com\/en\/wp-json\/wp\/v2\/product"}],"about":[{"href":"https:\/\/danfosal.com\/en\/wp-json\/wp\/v2\/types\/product"}],"version-history":[{"count":1,"href":"https:\/\/danfosal.com\/en\/wp-json\/wp\/v2\/product\/16250\/revisions"}],"predecessor-version":[{"id":16251,"href":"https:\/\/danfosal.com\/en\/wp-json\/wp\/v2\/product\/16250\/revisions\/16251"}],"wp:featuredmedia":[{"embeddable":true,"href":"https:\/\/danfosal.com\/en\/wp-json\/wp\/v2\/media\/16565"}],"wp:attachment":[{"href":"https:\/\/danfosal.com\/en\/wp-json\/wp\/v2\/media?parent=16250"}],"wp:term":[{"taxonomy":"product_brand","embeddable":true,"href":"https:\/\/danfosal.com\/en\/wp-json\/wp\/v2\/product_brand?post=16250"},{"taxonomy":"product_cat","embeddable":true,"href":"https:\/\/danfosal.com\/en\/wp-json\/wp\/v2\/product_cat?post=16250"},{"taxonomy":"product_tag","embeddable":true,"href":"https:\/\/danfosal.com\/en\/wp-json\/wp\/v2\/product_tag?post=16250"}],"curies":[{"name":"wp","href":"https:\/\/api.w.org\/{rel}","templated":true}]}}