{"id":16252,"date":"2025-05-10T22:48:15","date_gmt":"2025-05-10T22:48:15","guid":{"rendered":"https:\/\/danfosal.com\/?post_type=product&#038;p=16252"},"modified":"2025-05-14T17:54:10","modified_gmt":"2025-05-14T17:54:10","slug":"karcher-sg-4-2","status":"publish","type":"product","link":"https:\/\/danfosal.com\/en\/product\/karcher-sg-4-2\/","title":{"rendered":"Karcher SG 4\/2"},"content":{"rendered":"<p>Fal\u00eb dizajnit unik t\u00eb kutis\u00eb gjith\u00ebp\u00ebrfshir\u00ebse, \u00ebsht\u00eb shum\u00eb kompakt, i fort\u00eb dhe i q\u00ebndruesh\u00ebm, \u00ebsht\u00eb gjithashtu i pajisur gjer\u00ebsisht dhe shum\u00eb i leht\u00eb p\u00ebr t\u2019u p\u00ebrdorur: Pastruesi me avull SG 4\/2 Classic b\u00ebn p\u00ebrshtypje me rezultate t\u00eb shk\u00eblqyera pastrimi, nj\u00eb raport t\u00eb shk\u00eblqyer \u00e7mim\/performanc\u00eb dhe efikasitet maksimal. Makina e leht\u00eb, me pesh\u00eb vet\u00ebm 7.5 kilogram\u00eb, \u00ebsht\u00eb pastruesi profesional me avull m\u00eb kompakt n\u00eb klas\u00ebn e saj, \u00ebsht\u00eb gati p\u00ebr p\u00ebrdorim n\u00eb vet\u00ebm 3 minuta dhe me presion avulli prej 4 bar ofron rezerva m\u00eb shum\u00eb se t\u00eb mjaftueshme p\u00ebr pastrim t\u00eb thell\u00eb dhe higjien\u00eb pa p\u00ebrdorimin e kimikateve. Banak\u00ebt, pajisjet e shp\u00ebrndarjes, pllakat, sobat, furrat dhe shum\u00eb m\u00eb tep\u00ebr pastrohen me kujdes deri n\u00eb \u00e7arjen m\u00eb t\u00eb vog\u00ebl &#8211; pavar\u00ebsisht nga niveli i ndotjes. N\u00eb raste ve\u00e7an\u00ebrisht kok\u00ebforta, funksioni i lidhsh\u00ebm VapoHydro ndihmon me ujin e nxeht\u00eb dhe largon n\u00eb m\u00ebnyr\u00eb efektive ndotjen dhe yndyrat e r\u00ebnda, rezervuari i ujit mund t\u00eb hiqet dhe t\u00eb mbushet n\u00eb \u00e7do koh\u00eb. Aksesor\u00eb t\u00eb till\u00eb si tubi i avullit, gryka e dor\u00ebs, gryka e pik\u00ebs s\u00eb sp\u00ebrkatjes, gryka Power, fur\u00e7a e rrumbullak\u00ebt, fur\u00e7a e shesht\u00eb, kruajt\u00ebsja e avullit dhe mbulesa e mikrofibr\u00ebs ruhen t\u00eb gjitha direkt n\u00eb makin\u00eb &#8211; nj\u00eb gryk\u00eb dyshemeje \u00ebsht\u00eb gjithashtu n\u00eb dispozicion si opsion.<\/p>","protected":false},"excerpt":{"rendered":"<p>Fal\u00eb dizajnit unik t\u00eb kutis\u00eb gjith\u00ebp\u00ebrfshir\u00ebse, \u00ebsht\u00eb shum\u00eb kompakt, i fort\u00eb dhe i q\u00ebndruesh\u00ebm, \u00ebsht\u00eb gjithashtu i pajisur gjer\u00ebsisht dhe<\/p>","protected":false},"featured_media":16575,"template":"","meta":{"_crdt_document":""},"product_brand":[99],"product_cat":[79],"product_tag":[],"class_list":{"0":"post-16252","1":"product","2":"type-product","3":"status-publish","4":"has-post-thumbnail","6":"product_brand-karcher","7":"product_cat-pastrues-me-avull-professional","9":"first","10":"instock","11":"shipping-taxable","12":"purchasable","13":"product-type-simple"},"jetpack_sharing_enabled":true,"_links":{"self":[{"href":"https:\/\/danfosal.com\/en\/wp-json\/wp\/v2\/product\/16252","targetHints":{"allow":["GET"]}}],"collection":[{"href":"https:\/\/danfosal.com\/en\/wp-json\/wp\/v2\/product"}],"about":[{"href":"https:\/\/danfosal.com\/en\/wp-json\/wp\/v2\/types\/product"}],"version-history":[{"count":1,"href":"https:\/\/danfosal.com\/en\/wp-json\/wp\/v2\/product\/16252\/revisions"}],"predecessor-version":[{"id":16253,"href":"https:\/\/danfosal.com\/en\/wp-json\/wp\/v2\/product\/16252\/revisions\/16253"}],"wp:featuredmedia":[{"embeddable":true,"href":"https:\/\/danfosal.com\/en\/wp-json\/wp\/v2\/media\/16575"}],"wp:attachment":[{"href":"https:\/\/danfosal.com\/en\/wp-json\/wp\/v2\/media?parent=16252"}],"wp:term":[{"taxonomy":"product_brand","embeddable":true,"href":"https:\/\/danfosal.com\/en\/wp-json\/wp\/v2\/product_brand?post=16252"},{"taxonomy":"product_cat","embeddable":true,"href":"https:\/\/danfosal.com\/en\/wp-json\/wp\/v2\/product_cat?post=16252"},{"taxonomy":"product_tag","embeddable":true,"href":"https:\/\/danfosal.com\/en\/wp-json\/wp\/v2\/product_tag?post=16252"}],"curies":[{"name":"wp","href":"https:\/\/api.w.org\/{rel}","templated":true}]}}