{"id":16256,"date":"2025-05-10T22:48:16","date_gmt":"2025-05-10T22:48:16","guid":{"rendered":"https:\/\/danfosal.com\/?post_type=product&#038;p=16256"},"modified":"2025-05-28T21:50:26","modified_gmt":"2025-05-28T21:50:26","slug":"karcher-surface-pro-1l","status":"publish","type":"product","link":"https:\/\/danfosal.com\/en\/product\/karcher-surface-pro-1l\/","title":{"rendered":"Karcher Surface Pro 1L"},"content":{"rendered":"<p>I gjithansh\u00ebm dhe shum\u00eb i p\u00ebrqendruar: Pastruesi i Sip\u00ebrfaqeve SurfacePro CA 30 C eco!perform ofron efikasitet t\u00eb spektrit t\u00eb gjer\u00eb kund\u00ebr nj\u00eb game t\u00eb gjer\u00eb ndotjesh dhe n\u00eb nj\u00eb s\u00ebr\u00eb fushash aplikimi. P\u00ebr pastrimin e mir\u00ebmbajtjes s\u00eb sip\u00ebrfaqeve t\u00eb forta, fleksibile, rezistente ndaj ujit dhe alkoolit, \u00ebsht\u00eb i p\u00ebrshtatsh\u00ebm p\u00ebr fshirje me lag\u00ebshti duke p\u00ebrdorur metod\u00ebn e sp\u00ebrkatjes\/shkum\u00ebs, si dhe p\u00ebr pastrim me lag\u00ebshti duke p\u00ebrdorur metod\u00ebn e kov\u00ebs. Detergjenti largon n\u00eb m\u00ebnyr\u00eb t\u00eb sigurt dhe t\u00eb besueshme derdhjet e ushqimit, njollat \u200b\u200be yndyr\u00ebs, njollat \u200b\u200be kafes\u00eb, manikyrin e k\u00ebpuc\u00ebve, gjurm\u00ebt e k\u00ebmb\u00ebve dhe madje edhe depozitat nga tymi i duhanit &#8211; duke l\u00ebn\u00eb pas vet\u00ebm nj\u00eb arom\u00eb t\u00eb k\u00ebndshme agrumesh. Koncentrati i lart\u00eb jo-toksik mund t\u00eb dozohet gjithashtu shum\u00eb me kursim, thahet shpejt dhe nuk l\u00eb njolla edhe n\u00eb sip\u00ebrfaqet me shk\u00eblqim. SurfacePro CA 30 C eco!perform \u00ebsht\u00eb gjithashtu i \u00e7ertifikuar n\u00eb p\u00ebrputhje me Ecolabel t\u00eb BE-s\u00eb dhe i \u00ebsht\u00eb dh\u00ebn\u00eb Ecolabel Austriak.<\/p>","protected":false},"excerpt":{"rendered":"<p>I gjithansh\u00ebm dhe shum\u00eb i p\u00ebrqendruar: Pastruesi i Sip\u00ebrfaqeve SurfacePro CA 30 C eco!perform ofron efikasitet t\u00eb spektrit t\u00eb gjer\u00eb<\/p>","protected":false},"featured_media":16587,"template":"","meta":{"_crdt_document":""},"product_brand":[99],"product_cat":[127],"product_tag":[],"class_list":{"0":"post-16256","1":"product","2":"type-product","3":"status-publish","4":"has-post-thumbnail","6":"product_brand-karcher","7":"product_cat-solucione","9":"first","10":"instock","11":"shipping-taxable","12":"purchasable","13":"product-type-simple"},"jetpack_sharing_enabled":true,"_links":{"self":[{"href":"https:\/\/danfosal.com\/en\/wp-json\/wp\/v2\/product\/16256","targetHints":{"allow":["GET"]}}],"collection":[{"href":"https:\/\/danfosal.com\/en\/wp-json\/wp\/v2\/product"}],"about":[{"href":"https:\/\/danfosal.com\/en\/wp-json\/wp\/v2\/types\/product"}],"version-history":[{"count":1,"href":"https:\/\/danfosal.com\/en\/wp-json\/wp\/v2\/product\/16256\/revisions"}],"predecessor-version":[{"id":16257,"href":"https:\/\/danfosal.com\/en\/wp-json\/wp\/v2\/product\/16256\/revisions\/16257"}],"wp:featuredmedia":[{"embeddable":true,"href":"https:\/\/danfosal.com\/en\/wp-json\/wp\/v2\/media\/16587"}],"wp:attachment":[{"href":"https:\/\/danfosal.com\/en\/wp-json\/wp\/v2\/media?parent=16256"}],"wp:term":[{"taxonomy":"product_brand","embeddable":true,"href":"https:\/\/danfosal.com\/en\/wp-json\/wp\/v2\/product_brand?post=16256"},{"taxonomy":"product_cat","embeddable":true,"href":"https:\/\/danfosal.com\/en\/wp-json\/wp\/v2\/product_cat?post=16256"},{"taxonomy":"product_tag","embeddable":true,"href":"https:\/\/danfosal.com\/en\/wp-json\/wp\/v2\/product_tag?post=16256"}],"curies":[{"name":"wp","href":"https:\/\/api.w.org\/{rel}","templated":true}]}}