{"id":16260,"date":"2025-05-10T22:48:16","date_gmt":"2025-05-10T22:48:16","guid":{"rendered":"https:\/\/danfosal.com\/?post_type=product&#038;p=16260"},"modified":"2025-05-14T17:56:23","modified_gmt":"2025-05-14T17:56:23","slug":"karcher-t11-1","status":"publish","type":"product","link":"https:\/\/danfosal.com\/en\/product\/karcher-t11-1\/","title":{"rendered":"Karcher T11\/1"},"content":{"rendered":"<p>Shum\u00ebfunksionale dhe e leht\u00eb p\u00ebr t\u2019u transportuar fal\u00eb pesh\u00ebs s\u00eb ul\u00ebt prej 3.8 kg, fshesa jon\u00eb me korrent T 11\/1 Classic \u00ebsht\u00eb zgjedhja perfekte p\u00ebr p\u00ebrdoruesit profesionist\u00eb q\u00eb ndryshojn\u00eb shpesh vendin e pun\u00ebs. Me nj\u00eb v\u00ebllim t\u00eb bollsh\u00ebm ene prej 11 litrash, makina kompakte n\u00eb klas\u00ebn fillestare gjeneron nj\u00eb fshes\u00eb me korrent prej 235 mbar\/23.5 kpa nga fuqia 850 W, duke garantuar k\u00ebshtu rezultate t\u00eb shk\u00eblqyera fshese me korrent n\u00eb nj\u00eb koh\u00eb t\u00eb shkurt\u00ebr. Fshesa me korrent punon shum\u00eb qet\u00ebsisht me vet\u00ebm 61 dB(A), q\u00eb do t\u00eb thot\u00eb se jo vet\u00ebm p\u00ebrdoruesi \u00ebsht\u00eb i mbrojtur, por edhe puna mund t\u00eb b\u00ebhet n\u00eb \u00e7do koh\u00eb t\u00eb dit\u00ebs n\u00eb zona t\u00eb ndjeshme ndaj zhurm\u00ebs, si\u00e7 jan\u00eb spitalet ose hotelet. Nj\u00eb p\u00ebrkulje ergonomike garanton aplikime t\u00eb gjata dhe pa lodhje, madje edhe fshesa me korrent n\u00eb shkall\u00eb \u00ebsht\u00eb e leht\u00eb fal\u00eb dorez\u00ebs s\u00eb integruar t\u00eb mbajtjes. Dizajni i fuqish\u00ebm i T 11\/1 Classic siguron jo vet\u00ebm nj\u00eb jet\u00ebgjat\u00ebsi t\u00eb gjat\u00eb, por edhe parakolpi i saj i gjithansh\u00ebm parandalon n\u00eb m\u00ebnyr\u00eb t\u00eb besueshme animin e makin\u00ebs. Aksesor\u00eb t\u00eb till\u00eb si tubi i thithjes dhe gryka e dyshemes\u00eb mund t\u00eb ruhen rehat n\u00eb fshes\u00eb me korrent, nd\u00ebrsa p\u00ebrfshihet edhe nj\u00eb qese filtri prej leshi. Me k\u00ebrkes\u00eb, \u00ebsht\u00eb gjithashtu i disponuesh\u00ebm nj\u00eb filt\u00ebr HEPA 14 me performanc\u00eb t\u00eb lart\u00eb.<\/p>","protected":false},"excerpt":{"rendered":"<p>Shum\u00ebfunksionale dhe e leht\u00eb p\u00ebr t\u2019u transportuar fal\u00eb pesh\u00ebs s\u00eb ul\u00ebt prej 3.8 kg, fshesa jon\u00eb me korrent T 11\/1<\/p>","protected":false},"featured_media":16595,"template":"","meta":{"_crdt_document":""},"product_brand":[99],"product_cat":[84],"product_tag":[],"class_list":{"0":"post-16260","1":"product","2":"type-product","3":"status-publish","4":"has-post-thumbnail","6":"product_brand-karcher","7":"product_cat-fshese-elektrike-professional","9":"first","10":"instock","11":"shipping-taxable","12":"purchasable","13":"product-type-simple"},"jetpack_sharing_enabled":true,"_links":{"self":[{"href":"https:\/\/danfosal.com\/en\/wp-json\/wp\/v2\/product\/16260","targetHints":{"allow":["GET"]}}],"collection":[{"href":"https:\/\/danfosal.com\/en\/wp-json\/wp\/v2\/product"}],"about":[{"href":"https:\/\/danfosal.com\/en\/wp-json\/wp\/v2\/types\/product"}],"version-history":[{"count":1,"href":"https:\/\/danfosal.com\/en\/wp-json\/wp\/v2\/product\/16260\/revisions"}],"predecessor-version":[{"id":16261,"href":"https:\/\/danfosal.com\/en\/wp-json\/wp\/v2\/product\/16260\/revisions\/16261"}],"wp:featuredmedia":[{"embeddable":true,"href":"https:\/\/danfosal.com\/en\/wp-json\/wp\/v2\/media\/16595"}],"wp:attachment":[{"href":"https:\/\/danfosal.com\/en\/wp-json\/wp\/v2\/media?parent=16260"}],"wp:term":[{"taxonomy":"product_brand","embeddable":true,"href":"https:\/\/danfosal.com\/en\/wp-json\/wp\/v2\/product_brand?post=16260"},{"taxonomy":"product_cat","embeddable":true,"href":"https:\/\/danfosal.com\/en\/wp-json\/wp\/v2\/product_cat?post=16260"},{"taxonomy":"product_tag","embeddable":true,"href":"https:\/\/danfosal.com\/en\/wp-json\/wp\/v2\/product_tag?post=16260"}],"curies":[{"name":"wp","href":"https:\/\/api.w.org\/{rel}","templated":true}]}}