{"id":16262,"date":"2025-05-10T22:48:16","date_gmt":"2025-05-10T22:48:16","guid":{"rendered":"https:\/\/danfosal.com\/?post_type=product&#038;p=16262"},"modified":"2025-05-14T17:55:50","modified_gmt":"2025-05-14T17:55:50","slug":"karcher-t7-1","status":"publish","type":"product","link":"https:\/\/danfosal.com\/en\/product\/karcher-t7-1\/","title":{"rendered":"Karcher T7\/1"},"content":{"rendered":"<p>Me fuqi 850 vat, fshesa kompakte me korrent p\u00ebr pastrim t\u00eb that\u00eb T 7\/1 Classic prodhon nj\u00eb fshes\u00eb mbres\u00ebl\u00ebn\u00ebse prej 23.0 kPa. Fshesa me korrent \u00ebsht\u00eb k\u00ebndsh\u00ebm e qet\u00eb me vet\u00ebm 63 dB(A). Makina ka nj\u00eb tub thithjeje 2.0 metra t\u00eb gjat\u00eb dhe \u00ebsht\u00eb shum\u00eb e leht\u00eb me pesh\u00eb 3.5 kilogram\u00eb. Lakimi i formuar lejon periudha t\u00eb gjata pune pa lodhje. Vetit\u00eb e mira t\u00eb shinave t\u00eb fshes\u00ebs me korrent p\u00ebr pastrim t\u00eb that\u00eb jan\u00eb fal\u00eb shasis\u00eb me 2 rrota fikse dhe 2 rrota rrotulluese. Nj\u00eb parakolp i gjithansh\u00ebm siguron q\u00eb ena 7.5 litra rezistente ndaj goditjeve t\u00eb mos shkaktoj\u00eb d\u00ebmtime n\u00eb mobilje, etj. T 7\/1 Classic vjen me nj\u00eb qese filtri prej leshi si standard.<\/p>","protected":false},"excerpt":{"rendered":"<p>Me fuqi 850 vat, fshesa kompakte me korrent p\u00ebr pastrim t\u00eb that\u00eb T 7\/1 Classic prodhon nj\u00eb fshes\u00eb mbres\u00ebl\u00ebn\u00ebse prej<\/p>","protected":false},"featured_media":16590,"template":"","meta":{"_crdt_document":""},"product_brand":[99],"product_cat":[84],"product_tag":[],"class_list":{"0":"post-16262","1":"product","2":"type-product","3":"status-publish","4":"has-post-thumbnail","6":"product_brand-karcher","7":"product_cat-fshese-elektrike-professional","9":"first","10":"instock","11":"shipping-taxable","12":"purchasable","13":"product-type-simple"},"jetpack_sharing_enabled":true,"_links":{"self":[{"href":"https:\/\/danfosal.com\/en\/wp-json\/wp\/v2\/product\/16262","targetHints":{"allow":["GET"]}}],"collection":[{"href":"https:\/\/danfosal.com\/en\/wp-json\/wp\/v2\/product"}],"about":[{"href":"https:\/\/danfosal.com\/en\/wp-json\/wp\/v2\/types\/product"}],"version-history":[{"count":1,"href":"https:\/\/danfosal.com\/en\/wp-json\/wp\/v2\/product\/16262\/revisions"}],"predecessor-version":[{"id":16263,"href":"https:\/\/danfosal.com\/en\/wp-json\/wp\/v2\/product\/16262\/revisions\/16263"}],"wp:featuredmedia":[{"embeddable":true,"href":"https:\/\/danfosal.com\/en\/wp-json\/wp\/v2\/media\/16590"}],"wp:attachment":[{"href":"https:\/\/danfosal.com\/en\/wp-json\/wp\/v2\/media?parent=16262"}],"wp:term":[{"taxonomy":"product_brand","embeddable":true,"href":"https:\/\/danfosal.com\/en\/wp-json\/wp\/v2\/product_brand?post=16262"},{"taxonomy":"product_cat","embeddable":true,"href":"https:\/\/danfosal.com\/en\/wp-json\/wp\/v2\/product_cat?post=16262"},{"taxonomy":"product_tag","embeddable":true,"href":"https:\/\/danfosal.com\/en\/wp-json\/wp\/v2\/product_tag?post=16262"}],"curies":[{"name":"wp","href":"https:\/\/api.w.org\/{rel}","templated":true}]}}