{"id":16264,"date":"2025-05-10T22:48:17","date_gmt":"2025-05-10T22:48:17","guid":{"rendered":"https:\/\/danfosal.com\/?post_type=product&#038;p=16264"},"modified":"2025-05-29T22:14:01","modified_gmt":"2025-05-29T22:14:01","slug":"karcher-vc-2","status":"publish","type":"product","link":"https:\/\/danfosal.com\/en\/product\/karcher-vc-2\/","title":{"rendered":"Karcher VC 2"},"content":{"rendered":"<p>VC 2 nga K\u00e4rcher b\u00ebn p\u00ebrshtypje me sistemin e saj higjienik dhe t\u00eb p\u00ebrshtatsh\u00ebm t\u00eb filtrimit: Nj\u00eb qese e plot\u00eb \u00ebsht\u00eb e leht\u00eb p\u00ebr t&#8217;u hedhur pa r\u00ebn\u00eb n\u00eb kontakt me asnj\u00eb papast\u00ebrti. Kjo fshes\u00eb me korrent kompakte \u00ebsht\u00eb ve\u00e7an\u00ebrisht e p\u00ebrshtatshme p\u00ebr p\u00ebrdorim n\u00eb apartamente ose sht\u00ebpi m\u00eb t\u00eb vogla. Ideale p\u00ebr pastrimin e plot\u00eb t\u00eb dyshemeve t\u00eb forta dhe qilimave, dhe gryka e \u00e7arjeve dhe fur\u00e7a e mobiljeve do t\u00eb thot\u00eb se \u00ebsht\u00eb gjithashtu e p\u00ebrshtatshme p\u00ebr pastrim n\u00eb hap\u00ebsira t\u00eb ngushta dhe n\u00eb sip\u00ebrfaqe delikate. Nj\u00eb tjet\u00ebr avantazh i ofruar nga VC 2 \u00ebsht\u00eb filtri i saj higjienik HEPA, i cili filtron n\u00eb m\u00ebnyr\u00eb t\u00eb besueshme papast\u00ebrtit\u00eb m\u00eb t\u00eb im\u00ebta si poleni ose grimca t\u00eb tjera q\u00eb shkaktojn\u00eb alergji. Ndarja e integruar e aksesor\u00ebve, kontrolli i fuqis\u00eb n\u00eb pajisje dhe pozicioni praktik i parkimit e b\u00ebjn\u00eb fshes\u00ebn me korrent edhe m\u00eb t\u00eb p\u00ebrshtatshme p\u00ebr t&#8217;u p\u00ebrdorur.<\/p>","protected":false},"excerpt":{"rendered":"<p>VC 2 nga K\u00e4rcher b\u00ebn p\u00ebrshtypje me sistemin e saj higjienik dhe t\u00eb p\u00ebrshtatsh\u00ebm t\u00eb filtrimit: Nj\u00eb qese e plot\u00eb<\/p>","protected":false},"featured_media":16602,"template":"","meta":{"_crdt_document":""},"product_brand":[99],"product_cat":[97],"product_tag":[],"class_list":{"0":"post-16264","1":"product","2":"type-product","3":"status-publish","4":"has-post-thumbnail","6":"product_brand-karcher","7":"product_cat-thithese-elektrike-shtepiake","9":"first","10":"instock","11":"shipping-taxable","12":"purchasable","13":"product-type-simple"},"jetpack_sharing_enabled":true,"_links":{"self":[{"href":"https:\/\/danfosal.com\/en\/wp-json\/wp\/v2\/product\/16264","targetHints":{"allow":["GET"]}}],"collection":[{"href":"https:\/\/danfosal.com\/en\/wp-json\/wp\/v2\/product"}],"about":[{"href":"https:\/\/danfosal.com\/en\/wp-json\/wp\/v2\/types\/product"}],"version-history":[{"count":1,"href":"https:\/\/danfosal.com\/en\/wp-json\/wp\/v2\/product\/16264\/revisions"}],"predecessor-version":[{"id":16265,"href":"https:\/\/danfosal.com\/en\/wp-json\/wp\/v2\/product\/16264\/revisions\/16265"}],"wp:featuredmedia":[{"embeddable":true,"href":"https:\/\/danfosal.com\/en\/wp-json\/wp\/v2\/media\/16602"}],"wp:attachment":[{"href":"https:\/\/danfosal.com\/en\/wp-json\/wp\/v2\/media?parent=16264"}],"wp:term":[{"taxonomy":"product_brand","embeddable":true,"href":"https:\/\/danfosal.com\/en\/wp-json\/wp\/v2\/product_brand?post=16264"},{"taxonomy":"product_cat","embeddable":true,"href":"https:\/\/danfosal.com\/en\/wp-json\/wp\/v2\/product_cat?post=16264"},{"taxonomy":"product_tag","embeddable":true,"href":"https:\/\/danfosal.com\/en\/wp-json\/wp\/v2\/product_tag?post=16264"}],"curies":[{"name":"wp","href":"https:\/\/api.w.org\/{rel}","templated":true}]}}