{"id":16266,"date":"2025-05-10T22:48:17","date_gmt":"2025-05-10T22:48:17","guid":{"rendered":"https:\/\/danfosal.com\/?post_type=product&#038;p=16266"},"modified":"2025-05-29T22:14:01","modified_gmt":"2025-05-29T22:14:01","slug":"karcher-vc-3","status":"publish","type":"product","link":"https:\/\/danfosal.com\/en\/product\/karcher-vc-3\/","title":{"rendered":"Karcher VC 3"},"content":{"rendered":"<p>Ashtu si t\u00eb gjitha produktet K\u00e4rcher, fshesa me korrent multi-ciklon pa qese VC 3 Plus ofron funksionalitet t\u00eb jasht\u00ebzakonsh\u00ebm. Me dizajnin e saj elegant dhe madh\u00ebsin\u00eb praktike, VC 3 Plus p\u00ebrshtatet n\u00eb m\u00ebnyr\u00eb t\u00eb p\u00ebrkryer n\u00eb sht\u00ebpin\u00eb moderne familjare aziatike. E leht\u00eb p\u00ebr t\u2019u p\u00ebrdorur, \u00ebsht\u00eb e p\u00ebrshtatshme si p\u00ebr t\u00eb rinjt\u00eb ashtu edhe p\u00ebr t\u00eb moshuarit. Fshesa me korrent multi-ciklon shum\u00eb efikase ofron fuqi t\u00eb lart\u00eb t\u00eb vazhdueshme pa humbje t\u00eb thithjes dhe, fal\u00eb en\u00ebs s\u00eb mbeturinave t\u00eb lahet, ju kursen shum\u00eb para q\u00eb p\u00ebrndryshe do t\u00eb duhej t&#8217;i shpenzonit p\u00ebr z\u00ebvend\u00ebsimin e qeseve t\u00eb filtrit. Ena transparente e mbeturinave ju lejon t\u00eb shihni papast\u00ebrtin\u00eb e thithur, dhe p\u00ebr k\u00ebt\u00eb arsye edhe efektin e fuqish\u00ebm t\u00eb pastrimit, me nj\u00eb shikim. Filtrat HEPA 12 me emetime minimale pluhuri sigurojn\u00eb aj\u00ebr jasht\u00ebzakonisht t\u00eb past\u00ebr &#8211; ideal p\u00ebr ata q\u00eb vuajn\u00eb nga alergjia. P\u00ebr m\u00eb tep\u00ebr, VC 3 Plus \u00ebsht\u00eb ve\u00e7an\u00ebrisht i qet\u00eb, duke e b\u00ebr\u00eb at\u00eb jasht\u00ebzakonisht miq\u00ebsor p\u00ebr familjen. K\u00e4rcher VC 3 Plus pastron dyshemet\u00eb dhe qilimat po aq plot\u00ebsisht sa boshll\u00ebqet, qoshet, skajet dhe zonat e tjera t\u00eb v\u00ebshtira p\u00ebr t&#8217;u arritur.<\/p>","protected":false},"excerpt":{"rendered":"<p>Ashtu si t\u00eb gjitha produktet K\u00e4rcher, fshesa me korrent multi-ciklon pa qese VC 3 Plus ofron funksionalitet t\u00eb jasht\u00ebzakonsh\u00ebm. Me<\/p>","protected":false},"featured_media":16604,"template":"","meta":{"_crdt_document":""},"product_brand":[99],"product_cat":[97],"product_tag":[],"class_list":{"0":"post-16266","1":"product","2":"type-product","3":"status-publish","4":"has-post-thumbnail","6":"product_brand-karcher","7":"product_cat-thithese-elektrike-shtepiake","9":"first","10":"instock","11":"shipping-taxable","12":"purchasable","13":"product-type-simple"},"jetpack_sharing_enabled":true,"_links":{"self":[{"href":"https:\/\/danfosal.com\/en\/wp-json\/wp\/v2\/product\/16266","targetHints":{"allow":["GET"]}}],"collection":[{"href":"https:\/\/danfosal.com\/en\/wp-json\/wp\/v2\/product"}],"about":[{"href":"https:\/\/danfosal.com\/en\/wp-json\/wp\/v2\/types\/product"}],"version-history":[{"count":1,"href":"https:\/\/danfosal.com\/en\/wp-json\/wp\/v2\/product\/16266\/revisions"}],"predecessor-version":[{"id":16267,"href":"https:\/\/danfosal.com\/en\/wp-json\/wp\/v2\/product\/16266\/revisions\/16267"}],"wp:featuredmedia":[{"embeddable":true,"href":"https:\/\/danfosal.com\/en\/wp-json\/wp\/v2\/media\/16604"}],"wp:attachment":[{"href":"https:\/\/danfosal.com\/en\/wp-json\/wp\/v2\/media?parent=16266"}],"wp:term":[{"taxonomy":"product_brand","embeddable":true,"href":"https:\/\/danfosal.com\/en\/wp-json\/wp\/v2\/product_brand?post=16266"},{"taxonomy":"product_cat","embeddable":true,"href":"https:\/\/danfosal.com\/en\/wp-json\/wp\/v2\/product_cat?post=16266"},{"taxonomy":"product_tag","embeddable":true,"href":"https:\/\/danfosal.com\/en\/wp-json\/wp\/v2\/product_tag?post=16266"}],"curies":[{"name":"wp","href":"https:\/\/api.w.org\/{rel}","templated":true}]}}