{"id":16268,"date":"2025-05-10T22:48:17","date_gmt":"2025-05-10T22:48:17","guid":{"rendered":"https:\/\/danfosal.com\/?post_type=product&#038;p=16268"},"modified":"2025-05-29T22:13:26","modified_gmt":"2025-05-29T22:13:26","slug":"karcher-vc-4","status":"publish","type":"product","link":"https:\/\/danfosal.com\/en\/product\/karcher-vc-4\/","title":{"rendered":"Karcher VC 4"},"content":{"rendered":"<p>Fshes\u00eb me korrent pa tel kompakte, por me ndikim t\u00eb lart\u00eb: VC 4 Cordless myHome Pet \u00ebsht\u00eb shpejt n\u00eb dor\u00eb dhe largon me siguri pluhurin, papast\u00ebrtin\u00eb dhe qimet e kafsh\u00ebve sht\u00ebpiake nga t\u00eb gjitha dyshemet\u00eb dhe sip\u00ebrfaqet. Fshesa me korrent pa qese ofron nj\u00eb kombinim mbres\u00ebl\u00ebn\u00ebs t\u00eb rehatis\u00eb s\u00eb lart\u00eb, pesh\u00ebs s\u00eb ul\u00ebt dhe liris\u00eb s\u00eb pakufizuar t\u00eb l\u00ebvizjes. P\u00ebr m\u00eb tep\u00ebr, niveli i ul\u00ebt i zhurm\u00ebs parandalon frik\u00ebsimin e kafsh\u00ebve sht\u00ebpiake. Kur karikohet plot\u00ebsisht, pajisja mund t\u00eb funksionoj\u00eb deri n\u00eb 30 minuta. Mund t\u00eb p\u00ebrdoret si fshes\u00eb me korrent dyshemeje ose si fshes\u00eb dore. Gryka aktive e motorizuar e dyshemes\u00eb siguron nj\u00eb pun\u00eb t\u00eb plot\u00eb t\u00eb mbledhjes s\u00eb papast\u00ebrtis\u00eb dhe qimeve nga dyshemet\u00eb e forta dhe qilimat. Dhe fur\u00e7a mini turbo e motorizuar largon me siguri papast\u00ebrtin\u00eb e ngulitur, th\u00ebrrimet, qelizat e vdekura t\u00eb l\u00ebkur\u00ebs dhe qimet nga tapicerit\u00eb, shtret\u00ebrit dhe dyshek\u00ebt e kafsh\u00ebve sht\u00ebpiake. Karakteristikat e tjera t\u00eb pajisjes: Zbrazje me 1 klikim e en\u00ebs s\u00eb pluhurit, funksioni i fuqis\u00eb p\u00ebr nj\u00eb shp\u00ebrthim t\u00eb shpejt\u00eb t\u00eb fuqis\u00eb shtes\u00eb sipas k\u00ebrkes\u00ebs dhe nj\u00eb buton ky\u00e7jeje q\u00eb eliminon nevoj\u00ebn p\u00ebr t\u00eb mbajtur shtypur butonin e ndezjes. Nj\u00eb gryk\u00eb p\u00ebr \u00e7arje, nj\u00eb fur\u00e7\u00eb e but\u00eb mobiljesh 2 n\u00eb 1 dhe nj\u00eb mbajt\u00ebse muri plot\u00ebsojn\u00eb gam\u00ebn e furnizimit.<\/p>","protected":false},"excerpt":{"rendered":"<p>Fshes\u00eb me korrent pa tel kompakte, por me ndikim t\u00eb lart\u00eb: VC 4 Cordless myHome Pet \u00ebsht\u00eb shpejt n\u00eb dor\u00eb<\/p>","protected":false},"featured_media":16613,"template":"","meta":{"_crdt_document":""},"product_brand":[99],"product_cat":[98],"product_tag":[],"class_list":{"0":"post-16268","1":"product","2":"type-product","3":"status-publish","4":"has-post-thumbnail","6":"product_brand-karcher","7":"product_cat-thithese-me-bateri-shtepiake","9":"first","10":"instock","11":"featured","12":"shipping-taxable","13":"purchasable","14":"product-type-simple"},"jetpack_sharing_enabled":true,"_links":{"self":[{"href":"https:\/\/danfosal.com\/en\/wp-json\/wp\/v2\/product\/16268","targetHints":{"allow":["GET"]}}],"collection":[{"href":"https:\/\/danfosal.com\/en\/wp-json\/wp\/v2\/product"}],"about":[{"href":"https:\/\/danfosal.com\/en\/wp-json\/wp\/v2\/types\/product"}],"version-history":[{"count":1,"href":"https:\/\/danfosal.com\/en\/wp-json\/wp\/v2\/product\/16268\/revisions"}],"predecessor-version":[{"id":16269,"href":"https:\/\/danfosal.com\/en\/wp-json\/wp\/v2\/product\/16268\/revisions\/16269"}],"wp:featuredmedia":[{"embeddable":true,"href":"https:\/\/danfosal.com\/en\/wp-json\/wp\/v2\/media\/16613"}],"wp:attachment":[{"href":"https:\/\/danfosal.com\/en\/wp-json\/wp\/v2\/media?parent=16268"}],"wp:term":[{"taxonomy":"product_brand","embeddable":true,"href":"https:\/\/danfosal.com\/en\/wp-json\/wp\/v2\/product_brand?post=16268"},{"taxonomy":"product_cat","embeddable":true,"href":"https:\/\/danfosal.com\/en\/wp-json\/wp\/v2\/product_cat?post=16268"},{"taxonomy":"product_tag","embeddable":true,"href":"https:\/\/danfosal.com\/en\/wp-json\/wp\/v2\/product_tag?post=16268"}],"curies":[{"name":"wp","href":"https:\/\/api.w.org\/{rel}","templated":true}]}}