{"id":16272,"date":"2025-05-10T22:48:18","date_gmt":"2025-05-10T22:48:18","guid":{"rendered":"https:\/\/danfosal.com\/?post_type=product&#038;p=16272"},"modified":"2025-05-29T22:13:26","modified_gmt":"2025-05-29T22:13:26","slug":"karcher-vc-7","status":"publish","type":"product","link":"https:\/\/danfosal.com\/en\/product\/karcher-vc-7\/","title":{"rendered":"Karcher VC 7"},"content":{"rendered":"<p>Fshesa me korrent K\u00e4rcher VC 7 pa tel e b\u00ebn pastrimin me fshes\u00eb me korrent t\u00eb thjesht\u00eb. Sensori i integruar i pluhurit rregullon automatikisht fuqin\u00eb e nevojshme bazuar n\u00eb sasin\u00eb e mbeturinave q\u00eb duhet t\u00eb mbledh\u00eb, dhe koha optimale e funksionimit deri n\u00eb 60 minuta e b\u00ebn at\u00eb t\u00eb p\u00ebrshtatshme p\u00ebr pastrime t\u00eb vogla dhe t\u00eb m\u00ebdha n\u00eb sht\u00ebpi. P\u00ebrfshihet nj\u00eb gam\u00eb aksesor\u00ebsh, si\u00e7 jan\u00eb nj\u00eb gryk\u00eb e madhe dyshemeje, gryk\u00eb \u00e7arjesh, mjet pastrimi filtri, fur\u00e7\u00eb e but\u00eb dhe fur\u00e7\u00eb pluhuri 2-n\u00eb-1, q\u00eb do t\u00eb thot\u00eb se kjo makin\u00eb ofron p\u00ebrdorim t\u00eb gjithansh\u00ebm p\u00ebr \u00e7do zon\u00eb t\u00eb sht\u00ebpis\u00eb. Karakteristikat e tjera p\u00ebrfshijn\u00eb nj\u00eb filt\u00ebr pa qese, zbrazje en\u00ebsh me 1 klikim, modalitet p\u00ebrforcues p\u00ebr mbeturina m\u00eb kok\u00ebforta dhe drita LED n\u00eb gryk\u00ebn e madhe t\u00eb dyshemes\u00eb p\u00ebr ta b\u00ebr\u00eb pluhurin m\u00eb t\u00eb duksh\u00ebm, duke garantuar nj\u00eb mbledhje t\u00eb besueshme t\u00eb papast\u00ebrtis\u00eb. Pasi t\u00eb keni mbaruar, thjesht pastroni filtrin me mjetin e pastrimit t\u00eb filtrit dhe ruajeni n\u00eb kllap\u00ebn e murit me funksionin e karikimit t\u00eb integruar, gati p\u00ebr her\u00ebn tjet\u00ebr. P\u00ebrfitime t\u00eb tjera p\u00ebrfshijn\u00eb volumin e funksionimit t\u00eb qet\u00eb, nj\u00eb ekran t\u00eb statusit t\u00eb bateris\u00eb, si dhe nj\u00eb funksion t\u00eb p\u00ebrshtatsh\u00ebm t\u00eb ky\u00e7jes s\u00eb energjis\u00eb, duke hequr nevoj\u00ebn p\u00ebr t\u00eb mbajtur vazhdimisht shtypur butonin e ndezjes. Gjithashtu p\u00ebrdor nj\u00eb filt\u00ebr HEPA p\u00ebr t\u00eb siguruar past\u00ebrti shtes\u00eb gjat\u00eb pastrimit me fshes\u00eb me korrent.<\/p>","protected":false},"excerpt":{"rendered":"<p>Fshesa me korrent K\u00e4rcher VC 7 pa tel e b\u00ebn pastrimin me fshes\u00eb me korrent t\u00eb thjesht\u00eb. Sensori i integruar<\/p>","protected":false},"featured_media":16627,"template":"","meta":{"_crdt_document":""},"product_brand":[99],"product_cat":[98],"product_tag":[],"class_list":{"0":"post-16272","1":"product","2":"type-product","3":"status-publish","4":"has-post-thumbnail","6":"product_brand-karcher","7":"product_cat-thithese-me-bateri-shtepiake","9":"first","10":"instock","11":"shipping-taxable","12":"purchasable","13":"product-type-simple"},"jetpack_sharing_enabled":true,"_links":{"self":[{"href":"https:\/\/danfosal.com\/en\/wp-json\/wp\/v2\/product\/16272","targetHints":{"allow":["GET"]}}],"collection":[{"href":"https:\/\/danfosal.com\/en\/wp-json\/wp\/v2\/product"}],"about":[{"href":"https:\/\/danfosal.com\/en\/wp-json\/wp\/v2\/types\/product"}],"version-history":[{"count":1,"href":"https:\/\/danfosal.com\/en\/wp-json\/wp\/v2\/product\/16272\/revisions"}],"predecessor-version":[{"id":16273,"href":"https:\/\/danfosal.com\/en\/wp-json\/wp\/v2\/product\/16272\/revisions\/16273"}],"wp:featuredmedia":[{"embeddable":true,"href":"https:\/\/danfosal.com\/en\/wp-json\/wp\/v2\/media\/16627"}],"wp:attachment":[{"href":"https:\/\/danfosal.com\/en\/wp-json\/wp\/v2\/media?parent=16272"}],"wp:term":[{"taxonomy":"product_brand","embeddable":true,"href":"https:\/\/danfosal.com\/en\/wp-json\/wp\/v2\/product_brand?post=16272"},{"taxonomy":"product_cat","embeddable":true,"href":"https:\/\/danfosal.com\/en\/wp-json\/wp\/v2\/product_cat?post=16272"},{"taxonomy":"product_tag","embeddable":true,"href":"https:\/\/danfosal.com\/en\/wp-json\/wp\/v2\/product_tag?post=16272"}],"curies":[{"name":"wp","href":"https:\/\/api.w.org\/{rel}","templated":true}]}}