{"id":16276,"date":"2025-05-10T22:48:18","date_gmt":"2025-05-10T22:48:18","guid":{"rendered":"https:\/\/danfosal.com\/?post_type=product&#038;p=16276"},"modified":"2025-05-14T22:52:21","modified_gmt":"2025-05-14T22:52:21","slug":"karcher-wd-5","status":"publish","type":"product","link":"https:\/\/danfosal.com\/en\/product\/karcher-wd-5\/","title":{"rendered":"Karcher WD 5"},"content":{"rendered":"<p>Fshesa me korrent p\u00ebr pastrim t\u00eb lag\u00ebsht dhe t\u00eb that\u00eb WD 5 P V-25\/5\/22 me nj\u00eb konsum energjie prej 1100 vat arrin rezultate perfekte pastrimi n\u00eb t\u00eb gjitha llojet e papast\u00ebrtive &#8211; qofshin t\u00eb thata apo t\u00eb lagura, t\u00eb im\u00ebta apo t\u00eb trasha. Pajisja vjen me nj\u00eb en\u00eb plastike 25 litra, nj\u00eb kabllo 5 metra, nj\u00eb tub thithjeje 2.2 metra t\u00eb gjat\u00eb, nj\u00eb gryk\u00eb dyshemeje t\u00eb nd\u00ebrrueshme, nj\u00eb filt\u00ebr t\u00eb shesht\u00eb t\u00eb palosur dhe nj\u00eb qese filtri prej leshi. Priza e integruar e energjis\u00eb me \u00e7el\u00ebs automatik ndezjeje\/fikjeje lejon lidhjen e veglave elektrike. Papast\u00ebrtia q\u00eb \u00ebsht\u00eb rezultat i sharrimit ose l\u00ebmimit largohet direkt me thithje. \u00c7el\u00ebsi rrotullues mund t\u00eb p\u00ebrdoret p\u00ebr t\u00eb rregulluar fuqin\u00eb e thithjes sipas nevoj\u00ebs. Fal\u00eb teknologjis\u00eb s\u00eb patentuar t\u00eb heqjes s\u00eb filtrit, filtri i shesht\u00eb i palosur mund t\u00eb hiqet brenda sekondave duke shmangur \u00e7do kontakt me papast\u00ebrtin\u00eb. Butoni i pastrimit t\u00eb filtrit mund t\u00eb shtypet p\u00ebr t\u00eb pastruar n\u00eb m\u00ebnyr\u00eb efikase filtrin dhe p\u00ebr t\u00eb rivendosur fuqin\u00eb e thithjes. Doreza e l\u00ebvizshme me mbrojtje elektrostatike lejon q\u00eb aksesor\u00ebt t\u00eb lidhen direkt me tubin e thithjes. Tubi mund t\u00eb fiksohet n\u00eb kok\u00ebn e pajisjes p\u00ebr ruajtje q\u00eb kursen hap\u00ebsir\u00eb. Pozicioni i parkimit i ofruar n\u00eb parakolp lejon q\u00eb tubat dhe gryka e dyshemes\u00eb t\u00eb ruhen shpejt dhe n\u00eb m\u00ebnyr\u00eb t\u00eb p\u00ebrshtatshme kur b\u00ebni nj\u00eb pushim t\u00eb shkurt\u00ebr nga puna.<\/p>","protected":false},"excerpt":{"rendered":"<p>Fshesa me korrent p\u00ebr pastrim t\u00eb lag\u00ebsht dhe t\u00eb that\u00eb WD 5 P V-25\/5\/22 me nj\u00eb konsum energjie prej 1100<\/p>","protected":false},"featured_media":16639,"template":"","meta":{"_crdt_document":""},"product_brand":[99],"product_cat":[96],"product_tag":[],"class_list":{"0":"post-16276","1":"product","2":"type-product","3":"status-publish","4":"has-post-thumbnail","6":"product_brand-karcher","7":"product_cat-thithese-e-lagesht-e-thate-shtepiake","9":"first","10":"instock","11":"featured","12":"shipping-taxable","13":"purchasable","14":"product-type-simple"},"jetpack_sharing_enabled":true,"_links":{"self":[{"href":"https:\/\/danfosal.com\/en\/wp-json\/wp\/v2\/product\/16276","targetHints":{"allow":["GET"]}}],"collection":[{"href":"https:\/\/danfosal.com\/en\/wp-json\/wp\/v2\/product"}],"about":[{"href":"https:\/\/danfosal.com\/en\/wp-json\/wp\/v2\/types\/product"}],"version-history":[{"count":1,"href":"https:\/\/danfosal.com\/en\/wp-json\/wp\/v2\/product\/16276\/revisions"}],"predecessor-version":[{"id":16277,"href":"https:\/\/danfosal.com\/en\/wp-json\/wp\/v2\/product\/16276\/revisions\/16277"}],"wp:featuredmedia":[{"embeddable":true,"href":"https:\/\/danfosal.com\/en\/wp-json\/wp\/v2\/media\/16639"}],"wp:attachment":[{"href":"https:\/\/danfosal.com\/en\/wp-json\/wp\/v2\/media?parent=16276"}],"wp:term":[{"taxonomy":"product_brand","embeddable":true,"href":"https:\/\/danfosal.com\/en\/wp-json\/wp\/v2\/product_brand?post=16276"},{"taxonomy":"product_cat","embeddable":true,"href":"https:\/\/danfosal.com\/en\/wp-json\/wp\/v2\/product_cat?post=16276"},{"taxonomy":"product_tag","embeddable":true,"href":"https:\/\/danfosal.com\/en\/wp-json\/wp\/v2\/product_tag?post=16276"}],"curies":[{"name":"wp","href":"https:\/\/api.w.org\/{rel}","templated":true}]}}