{"id":16278,"date":"2025-05-10T22:48:18","date_gmt":"2025-05-10T22:48:18","guid":{"rendered":"https:\/\/danfosal.com\/?post_type=product&#038;p=16278"},"modified":"2025-05-14T18:00:40","modified_gmt":"2025-05-14T18:00:40","slug":"karcher-wd-6","status":"publish","type":"product","link":"https:\/\/danfosal.com\/en\/product\/karcher-wd-6\/","title":{"rendered":"Karcher WD 6"},"content":{"rendered":"<p>Thithje ultra e fuqishme dhe efikasitet i jasht\u00ebzakonsh\u00ebm energjie, me nj\u00eb konsum energjie prej vet\u00ebm 1300 vat: Fshesa me korrent p\u00ebr lag\u00ebsht dhe that\u00eb WD 6 P S V-30\/6\/22\/T p\u00ebrmban nj\u00eb en\u00eb \u00e7eliku inox 30 litra, nj\u00eb kabllo 6 metra t\u00eb gjat\u00eb dhe nj\u00eb tub thithjeje 2.2 metra t\u00eb gjat\u00eb. Vida e kullimit mund t\u00eb p\u00ebrdoret p\u00ebr t\u00eb kulluar leht\u00ebsisht l\u00ebngjet q\u00eb jan\u00eb thithur me thithje. Mjetet elektrike si sharrat ose makinat l\u00ebmuese mund t\u00eb lidhen n\u00ebp\u00ebrmjet priz\u00ebs s\u00eb integruar t\u00eb energjis\u00eb me \u00e7el\u00ebs automatik ndezjeje\/fikjeje. Papast\u00ebrtia q\u00eb rezulton hiqet menj\u00ebher\u00eb me thithje. \u00c7el\u00ebsi rrotullues i lejon p\u00ebrdoruesit t\u00eb rregulloj\u00eb fuqin\u00eb e thithjes sipas nevojave t\u00eb tyre. Filtri i shesht\u00eb i palosur mund t\u00eb hiqet duke hapur kutin\u00eb e filtrit, pa pasur nevoj\u00eb t\u00eb bjer\u00eb n\u00eb kontakt me ndonj\u00eb papast\u00ebrti. P\u00ebr m\u00eb tep\u00ebr, filtri mund t\u00eb pastrohet n\u00eb m\u00ebnyr\u00eb efikase duke shtypur butonin e pastrimit t\u00eb filtrit, duke rikthyer k\u00ebshtu fuqin\u00eb e plot\u00eb t\u00eb thithjes. Funksioni i fryrjes \u00ebsht\u00eb ve\u00e7an\u00ebrisht i dobish\u00ebm kur pastroni objekte delikate. Doreza e l\u00ebvizshme me mbrojtje elektrostatike lejon q\u00eb aksesor\u00ebt t\u00eb lidhen direkt me tubin e thithjes, gj\u00eb q\u00eb \u00ebsht\u00eb ve\u00e7an\u00ebrisht e dobishme kur thithni pluhur t\u00eb im\u00ebt. P\u00ebrpar\u00ebsit\u00eb shtes\u00eb p\u00ebrfshijn\u00eb faktin q\u00eb tubi i thithjes mund t\u00eb ruhet n\u00eb m\u00ebnyr\u00eb kompakte duke e varur n\u00eb kok\u00ebn e pajisjes, si dhe pozicionin e parkimit p\u00ebr gryk\u00ebn e dyshemes\u00eb.<\/p>","protected":false},"excerpt":{"rendered":"<p>Thithje ultra e fuqishme dhe efikasitet i jasht\u00ebzakonsh\u00ebm energjie, me nj\u00eb konsum energjie prej vet\u00ebm 1300 vat: Fshesa me korrent<\/p>","protected":false},"featured_media":16645,"template":"","meta":{"_crdt_document":""},"product_brand":[99],"product_cat":[96],"product_tag":[],"class_list":{"0":"post-16278","1":"product","2":"type-product","3":"status-publish","4":"has-post-thumbnail","6":"product_brand-karcher","7":"product_cat-thithese-e-lagesht-e-thate-shtepiake","9":"first","10":"instock","11":"shipping-taxable","12":"purchasable","13":"product-type-simple"},"jetpack_sharing_enabled":true,"_links":{"self":[{"href":"https:\/\/danfosal.com\/en\/wp-json\/wp\/v2\/product\/16278","targetHints":{"allow":["GET"]}}],"collection":[{"href":"https:\/\/danfosal.com\/en\/wp-json\/wp\/v2\/product"}],"about":[{"href":"https:\/\/danfosal.com\/en\/wp-json\/wp\/v2\/types\/product"}],"version-history":[{"count":1,"href":"https:\/\/danfosal.com\/en\/wp-json\/wp\/v2\/product\/16278\/revisions"}],"predecessor-version":[{"id":16279,"href":"https:\/\/danfosal.com\/en\/wp-json\/wp\/v2\/product\/16278\/revisions\/16279"}],"wp:featuredmedia":[{"embeddable":true,"href":"https:\/\/danfosal.com\/en\/wp-json\/wp\/v2\/media\/16645"}],"wp:attachment":[{"href":"https:\/\/danfosal.com\/en\/wp-json\/wp\/v2\/media?parent=16278"}],"wp:term":[{"taxonomy":"product_brand","embeddable":true,"href":"https:\/\/danfosal.com\/en\/wp-json\/wp\/v2\/product_brand?post=16278"},{"taxonomy":"product_cat","embeddable":true,"href":"https:\/\/danfosal.com\/en\/wp-json\/wp\/v2\/product_cat?post=16278"},{"taxonomy":"product_tag","embeddable":true,"href":"https:\/\/danfosal.com\/en\/wp-json\/wp\/v2\/product_tag?post=16278"}],"curies":[{"name":"wp","href":"https:\/\/api.w.org\/{rel}","templated":true}]}}